{"id":9400,"date":"2019-11-13T18:33:18","date_gmt":"2019-11-14T00:33:18","guid":{"rendered":"https:\/\/laesfera.com.mx\/page\/?post_type=product&#038;p=9400"},"modified":"2025-07-17T15:17:55","modified_gmt":"2025-07-17T19:17:55","slug":"librero-5-repisas-vertical","status":"publish","type":"product","link":"https:\/\/laesfera.com.mx\/page\/tienda\/librero-5-repisas-vertical\/","title":{"rendered":"Librero vertical 5 espacios 180 x 85 x 39 ensamblado"},"content":{"rendered":"<p><strong>Librero vertical 5 espacios 180 x 85 x 39 ensamblado.<\/strong><\/p>\n<p>&nbsp;<\/p>\n<p style=\"text-align: justify\">Sostienen libros, cat\u00e1logos y carpetas.<\/p>\n<ul>\n<li style=\"text-align: justify\">Acero totalmente soldado calibre 22.<\/li>\n<li style=\"text-align: justify\">Las repisas se ajustan en incrementos de 2&#8243;.<\/li>\n<li style=\"text-align: justify\">Base elevada.<\/li>\n<li style=\"text-align: justify\">Profundidad de 14&#8243; \u2013 Repisas soportan hasta 120 libras<\/li>\n<li style=\"text-align: justify\">Color negro<\/li>\n<li style=\"text-align: justify\">Fabricado en l\u00e1mina calibre 22 rolado en fr\u00edo.<\/li>\n<li style=\"text-align: justify\">Cuatro tacones en escuadra troqueladas fabricados el l\u00e1mina calibre 14.<\/li>\n<li style=\"text-align: justify\">Tapa superior fabricada en l\u00e1mina calibre 22 rolado en fr\u00edo.<\/li>\n<li style=\"text-align: justify\">Sin puertas.<\/li>\n<li style=\"text-align: justify\">Cinco compartimentos.<\/li>\n<li style=\"text-align: justify\">Terminado en pintura con aplicaci\u00f3n electrost\u00e1tica en f\u00f3rmula h\u00edbrido horneado a 190\u00b0.<\/li>\n<li style=\"text-align: justify\">180 cm de alto, 85 cm de frente, 39 cm de fondo.<\/li>\n<\/ul>\n<p><strong>Color:<\/strong> Negro<br \/>\n<strong>Modelo:<\/strong> 0014NE<br \/>\n<strong>Marca:<\/strong> PM<br \/>\n<strong>Cve:\u00a0<\/strong>OF 013<\/p>\n","protected":false},"excerpt":{"rendered":"<p>ideal para libros y documentos<\/p>\n","protected":false},"featured_media":19191,"comment_status":"open","ping_status":"closed","template":"","meta":{"_joinchat":[]},"product_brand":[7876],"product_cat":[336,8],"product_tag":[7900,337,7659],"class_list":{"0":"post-9400","1":"product","2":"type-product","3":"status-publish","4":"has-post-thumbnail","6":"product_brand-pm","7":"product_cat-libreros","8":"product_cat-muebles","9":"product_tag-cotizar","10":"product_tag-librero","11":"product_tag-mbl","13":"first","14":"instock","15":"shipping-taxable","16":"product-type-simple"},"post_mailing_queue_ids":[],"_links":{"self":[{"href":"https:\/\/laesfera.com.mx\/page\/wp-json\/wp\/v2\/product\/9400","targetHints":{"allow":["GET"]}}],"collection":[{"href":"https:\/\/laesfera.com.mx\/page\/wp-json\/wp\/v2\/product"}],"about":[{"href":"https:\/\/laesfera.com.mx\/page\/wp-json\/wp\/v2\/types\/product"}],"replies":[{"embeddable":true,"href":"https:\/\/laesfera.com.mx\/page\/wp-json\/wp\/v2\/comments?post=9400"}],"wp:featuredmedia":[{"embeddable":true,"href":"https:\/\/laesfera.com.mx\/page\/wp-json\/wp\/v2\/media\/19191"}],"wp:attachment":[{"href":"https:\/\/laesfera.com.mx\/page\/wp-json\/wp\/v2\/media?parent=9400"}],"wp:term":[{"taxonomy":"product_brand","embeddable":true,"href":"https:\/\/laesfera.com.mx\/page\/wp-json\/wp\/v2\/product_brand?post=9400"},{"taxonomy":"product_cat","embeddable":true,"href":"https:\/\/laesfera.com.mx\/page\/wp-json\/wp\/v2\/product_cat?post=9400"},{"taxonomy":"product_tag","embeddable":true,"href":"https:\/\/laesfera.com.mx\/page\/wp-json\/wp\/v2\/product_tag?post=9400"}],"curies":[{"name":"wp","href":"https:\/\/api.w.org\/{rel}","templated":true}]}}