{"id":9012,"date":"2019-05-21T11:42:59","date_gmt":"2019-05-21T17:42:59","guid":{"rendered":"https:\/\/laesfera.com.mx\/page\/?post_type=product&#038;p=9012"},"modified":"2025-05-20T15:57:28","modified_gmt":"2025-05-20T19:57:28","slug":"diccionario-basico-escolar","status":"publish","type":"product","link":"https:\/\/laesfera.com.mx\/page\/tienda\/diccionario-basico-escolar\/","title":{"rendered":"Diccionario b\u00e1sico escolar Larousse"},"content":{"rendered":"<p><strong>Diccionario b\u00e1sico escolar Larousse<\/strong><\/p>\n<p>&nbsp;<\/p>\n<ul>\n<li style=\"text-align: justify\">Contiene mas de 90 000 definiciones, frases y ejemplos<\/li>\n<li style=\"text-align: justify\">Catalogo de palabras que reflejan la lengua espa\u00f1ola moderna<\/li>\n<li style=\"text-align: justify\">Incluye neologismos, tecnicismos y palabras de uso en hispanoamerica<\/li>\n<li style=\"text-align: justify\">Manejo tanto de sentidos directos como figurados<\/li>\n<li style=\"text-align: justify\">Gu\u00eda \u00f3ptica y cornisas que permite una mas f\u00e1cil localizaci\u00f3n<\/li>\n<li style=\"text-align: justify\">40 paginas a todo color con desarrollos educativos adecuados a los nuevos programas de estudio incluyendo una secci\u00f3n sobre vida<\/li>\n<\/ul>\n<p>&nbsp;<\/p>\n<p>&nbsp;<\/p>\n<p><strong>Marca:\u00a0<\/strong>Larousse<br \/>\n<strong>Modelo:\u00a0<\/strong>Escolar b\u00e1sico<br \/>\n<strong>Color:\u00a0<\/strong>Azul<br \/>\n<strong>Cve:\u00a0<\/strong>9786072102897<\/p>\n","protected":false},"excerpt":{"rendered":"<p>Definiciones Precisas y claras<\/p>\n","protected":false},"featured_media":20179,"comment_status":"open","ping_status":"closed","template":"","meta":{"_joinchat":[]},"product_brand":[7831],"product_cat":[6850,6853],"product_tag":[6874],"class_list":{"0":"post-9012","1":"product","2":"type-product","3":"status-publish","4":"has-post-thumbnail","6":"product_brand-larousse","7":"product_cat-articulosescolares","8":"product_cat-diccionarios","9":"product_tag-diccionario","11":"first","12":"instock","13":"shipping-taxable","14":"purchasable","15":"product-type-simple"},"post_mailing_queue_ids":[],"_links":{"self":[{"href":"https:\/\/laesfera.com.mx\/page\/wp-json\/wp\/v2\/product\/9012","targetHints":{"allow":["GET"]}}],"collection":[{"href":"https:\/\/laesfera.com.mx\/page\/wp-json\/wp\/v2\/product"}],"about":[{"href":"https:\/\/laesfera.com.mx\/page\/wp-json\/wp\/v2\/types\/product"}],"replies":[{"embeddable":true,"href":"https:\/\/laesfera.com.mx\/page\/wp-json\/wp\/v2\/comments?post=9012"}],"wp:featuredmedia":[{"embeddable":true,"href":"https:\/\/laesfera.com.mx\/page\/wp-json\/wp\/v2\/media\/20179"}],"wp:attachment":[{"href":"https:\/\/laesfera.com.mx\/page\/wp-json\/wp\/v2\/media?parent=9012"}],"wp:term":[{"taxonomy":"product_brand","embeddable":true,"href":"https:\/\/laesfera.com.mx\/page\/wp-json\/wp\/v2\/product_brand?post=9012"},{"taxonomy":"product_cat","embeddable":true,"href":"https:\/\/laesfera.com.mx\/page\/wp-json\/wp\/v2\/product_cat?post=9012"},{"taxonomy":"product_tag","embeddable":true,"href":"https:\/\/laesfera.com.mx\/page\/wp-json\/wp\/v2\/product_tag?post=9012"}],"curies":[{"name":"wp","href":"https:\/\/api.w.org\/{rel}","templated":true}]}}