{"id":8810,"date":"2019-04-12T19:36:01","date_gmt":"2019-04-13T01:36:01","guid":{"rendered":"https:\/\/laesfera.com.mx\/page\/?post_type=product&#038;p=8810"},"modified":"2025-05-21T13:58:53","modified_gmt":"2025-05-21T17:58:53","slug":"diccionario-escolar-ingles-espanol-edit-garcia","status":"publish","type":"product","link":"https:\/\/laesfera.com.mx\/page\/tienda\/diccionario-escolar-ingles-espanol-edit-garcia\/","title":{"rendered":"Diccionario b\u00e1sico escolar ingl\u00e9s-espa\u00f1ol editorial Garc\u00eda"},"content":{"rendered":"<p><strong>Diccionario b\u00e1sico escolar ingl\u00e9s-espa\u00f1ol editorial\u00a0<\/strong><b>Garc\u00eda.<\/b><\/p>\n<p>&nbsp;<\/p>\n<ul>\n<li>Diccionario Escolar Ingl\u00e9s-Espa\u00f1ol, Se encuentra totalmente actualizado y podemos encontrar:\n<ul>\n<li style=\"text-align: justify\">Vocabulario Completo<\/li>\n<li style=\"text-align: justify\">Modismos<\/li>\n<\/ul>\n<\/li>\n<li>Todas estas caracter\u00edsticas hacen de este diccionario una herramienta \u00fatil y valiosa en su g\u00e9nero.<\/li>\n<li>Elaborado espec\u00edficamente para alumnos de ense\u00f1anza primaria, brind\u00e1ndoles un amplio entendimiento de los t\u00e9rminos y palabras del idioma Ingl\u00e9s-Espa\u00f1ol.<\/li>\n<li style=\"text-align: justify\">Est\u00e1 totalmente actualizado y podemos encontrar:\n<ul>\n<li style=\"text-align: justify\">75,000 palabras usuales de todos los pa\u00edses, 115,000 significados con sus declinaciones, sin\u00f3nimos y abreviaturas.<\/li>\n<li style=\"text-align: justify\">Vocabulario completo y moderno, terminolog\u00eda t\u00e9cnica y cient\u00edfica, habla popular y modismos.<\/li>\n<li style=\"text-align: justify\">Todas estas caracter\u00edsticas lo hace una herramienta \u00fatil y valiosa en su g\u00e9nero.<\/li>\n<\/ul>\n<\/li>\n<li style=\"text-align: justify\">Adem\u00e1s, es indispensable para tenerlo en la casa, escuela u oficina.<\/li>\n<li style=\"text-align: justify\">Diccionario de 643 p\u00e1ginas.<\/li>\n<\/ul>\n<p>&nbsp;<\/p>\n<p>&nbsp;<\/p>\n<p><strong>Marca: <\/strong>Editorial Garc\u00eda<br \/>\n<strong>Modelo:\u00a0<\/strong>Ingl\u00e9s-Espa\u00f1ol<br \/>\n<strong>Color:\u00a0<\/strong>Rojo\/Amarillo<br \/>\n<strong>Cve:\u00a0<\/strong>9789685229562<\/p>\n","protected":false},"excerpt":{"rendered":"<p>Terminolog\u00eda T\u00e9cnica y Cient\u00edfica<\/p>\n","protected":false},"featured_media":8811,"comment_status":"open","ping_status":"closed","template":"","meta":{"_joinchat":[]},"product_brand":[7859],"product_cat":[6850,6853,5161],"product_tag":[6874],"class_list":{"0":"post-8810","1":"product","2":"type-product","3":"status-publish","4":"has-post-thumbnail","6":"product_brand-editorial-garcia","7":"product_cat-articulosescolares","8":"product_cat-diccionarios","9":"product_cat-papeleria","10":"product_tag-diccionario","12":"first","13":"outofstock","14":"shipping-taxable","15":"purchasable","16":"product-type-simple"},"post_mailing_queue_ids":[],"_links":{"self":[{"href":"https:\/\/laesfera.com.mx\/page\/wp-json\/wp\/v2\/product\/8810","targetHints":{"allow":["GET"]}}],"collection":[{"href":"https:\/\/laesfera.com.mx\/page\/wp-json\/wp\/v2\/product"}],"about":[{"href":"https:\/\/laesfera.com.mx\/page\/wp-json\/wp\/v2\/types\/product"}],"replies":[{"embeddable":true,"href":"https:\/\/laesfera.com.mx\/page\/wp-json\/wp\/v2\/comments?post=8810"}],"wp:featuredmedia":[{"embeddable":true,"href":"https:\/\/laesfera.com.mx\/page\/wp-json\/wp\/v2\/media\/8811"}],"wp:attachment":[{"href":"https:\/\/laesfera.com.mx\/page\/wp-json\/wp\/v2\/media?parent=8810"}],"wp:term":[{"taxonomy":"product_brand","embeddable":true,"href":"https:\/\/laesfera.com.mx\/page\/wp-json\/wp\/v2\/product_brand?post=8810"},{"taxonomy":"product_cat","embeddable":true,"href":"https:\/\/laesfera.com.mx\/page\/wp-json\/wp\/v2\/product_cat?post=8810"},{"taxonomy":"product_tag","embeddable":true,"href":"https:\/\/laesfera.com.mx\/page\/wp-json\/wp\/v2\/product_tag?post=8810"}],"curies":[{"name":"wp","href":"https:\/\/api.w.org\/{rel}","templated":true}]}}