{"id":8805,"date":"2019-04-12T19:07:51","date_gmt":"2019-04-13T01:07:51","guid":{"rendered":"https:\/\/laesfera.com.mx\/page\/?post_type=product&#038;p=8805"},"modified":"2025-05-21T13:59:52","modified_gmt":"2025-05-21T17:59:52","slug":"diccionario-basico-escolar-ilustrado","status":"publish","type":"product","link":"https:\/\/laesfera.com.mx\/page\/tienda\/diccionario-basico-escolar-ilustrado\/","title":{"rendered":"Diccionario b\u00e1sico escolar ilustrado editorial Garc\u00eda"},"content":{"rendered":"<p><strong>Diccionario b\u00e1sico escolar ilustrado editorial Garc\u00eda<\/strong><\/p>\n<p>&nbsp;<\/p>\n<ul>\n<li style=\"text-align: justify\">Diccionario B\u00e1sico Escolar Ilustrado, ha sido recopilado y redactado con el fin de cubrir las necesidades idiom\u00e1ticas elementales de la escuela viva contempor\u00e1nea.<\/li>\n<li style=\"text-align: justify\">Elaborado espec\u00edficamente para alumnos de ense\u00f1anza primaria, brind\u00e1ndoles un amplio entendimiento de los t\u00e9rminos y palabras del idioma Espa\u00f1ol.<\/li>\n<li style=\"text-align: justify\">Encontraremos:\n<ul>\n<li style=\"text-align: justify\">Vocabulario escolar, de f\u00e1cil manejo, entradas claras, definiciones precisas, 30,000 palabras usuales.<\/li>\n<li style=\"text-align: justify\">Adem\u00e1s, de tener abundantes ejemplos que complementan las definiciones.<\/li>\n<\/ul>\n<\/li>\n<li style=\"text-align: justify\">La CH y la LL se incluyen en la C y la L respectivamente.<\/li>\n<li style=\"text-align: justify\">Adem\u00e1s, tiene ilustraciones de:\n<ul>\n<li style=\"text-align: justify\">Banderas, bot\u00e1nica, la tabla peri\u00f3dica de los elementos, ecolog\u00eda, el cuerpo, sistema solar, atlas, atlas mundial y mapas.<\/li>\n<\/ul>\n<\/li>\n<li style=\"text-align: justify\">Diccionario de 358 p\u00e1ginas.<\/li>\n<li style=\"text-align: justify\">Abundantes Ejemplos que complementan las definiciones.<\/li>\n<li style=\"text-align: justify\">288 Ilustraciones a Color.<\/li>\n<\/ul>\n<p>&nbsp;<\/p>\n<p>&nbsp;<\/p>\n<p><strong>Marca:\u00a0<\/strong>Editorial Garc\u00eda<br \/>\n<strong>Modelo:\u00a0<\/strong>Escolar b\u00e1sico<br \/>\n<strong>Color:\u00a0<\/strong>Azul<br \/>\n<strong>Cve:\u00a0<\/strong>9789685229586<\/p>\n","protected":false},"excerpt":{"rendered":"<p>Definiciones Precisas y claras<\/p>\n","protected":false},"featured_media":8809,"comment_status":"open","ping_status":"closed","template":"","meta":{"_joinchat":[]},"product_brand":[7859],"product_cat":[6850,6853,5161],"product_tag":[6874],"class_list":{"0":"post-8805","1":"product","2":"type-product","3":"status-publish","4":"has-post-thumbnail","6":"product_brand-editorial-garcia","7":"product_cat-articulosescolares","8":"product_cat-diccionarios","9":"product_cat-papeleria","10":"product_tag-diccionario","12":"first","13":"outofstock","14":"shipping-taxable","15":"purchasable","16":"product-type-simple"},"post_mailing_queue_ids":[],"_links":{"self":[{"href":"https:\/\/laesfera.com.mx\/page\/wp-json\/wp\/v2\/product\/8805","targetHints":{"allow":["GET"]}}],"collection":[{"href":"https:\/\/laesfera.com.mx\/page\/wp-json\/wp\/v2\/product"}],"about":[{"href":"https:\/\/laesfera.com.mx\/page\/wp-json\/wp\/v2\/types\/product"}],"replies":[{"embeddable":true,"href":"https:\/\/laesfera.com.mx\/page\/wp-json\/wp\/v2\/comments?post=8805"}],"wp:featuredmedia":[{"embeddable":true,"href":"https:\/\/laesfera.com.mx\/page\/wp-json\/wp\/v2\/media\/8809"}],"wp:attachment":[{"href":"https:\/\/laesfera.com.mx\/page\/wp-json\/wp\/v2\/media?parent=8805"}],"wp:term":[{"taxonomy":"product_brand","embeddable":true,"href":"https:\/\/laesfera.com.mx\/page\/wp-json\/wp\/v2\/product_brand?post=8805"},{"taxonomy":"product_cat","embeddable":true,"href":"https:\/\/laesfera.com.mx\/page\/wp-json\/wp\/v2\/product_cat?post=8805"},{"taxonomy":"product_tag","embeddable":true,"href":"https:\/\/laesfera.com.mx\/page\/wp-json\/wp\/v2\/product_tag?post=8805"}],"curies":[{"name":"wp","href":"https:\/\/api.w.org\/{rel}","templated":true}]}}