{"id":8285,"date":"2019-02-14T12:08:37","date_gmt":"2019-02-14T18:08:37","guid":{"rendered":"https:\/\/laesfera.com.mx\/page\/?post_type=product&#038;p=8285"},"modified":"2025-07-10T15:21:38","modified_gmt":"2025-07-10T19:21:38","slug":"baterias-de-litio-tipo-boton","status":"publish","type":"product","link":"https:\/\/laesfera.com.mx\/page\/tienda\/baterias-de-litio-tipo-boton\/","title":{"rendered":"Bater\u00eda tipo bal\u00f3n MP-CR2032 De Litio"},"content":{"rendered":"<p><b>Bater\u00eda tipo bal\u00f3n MP-CR2032 De Litio<\/b><\/p>\n<p>&nbsp;<\/p>\n<p>Bater\u00eda de litio tipo bot\u00f3n<br \/>\nVoltaje: 3,1 Vcc<br \/>\nUsos frecuentes: computadoras, calculadoras, relojes, control de alarmas.<br \/>\nCarga el\u00e9ctrica: 210 mAh<\/p>\n<p>&nbsp;<\/p>\n<p>&nbsp;<\/p>\n<p><strong>Marca:<\/strong> Mitzu<br \/>\n<strong>Color:<\/strong> Gris<br \/>\n<strong>Modelo:<\/strong> MP-CR2032<br \/>\n<strong>Cve:\u00a0<\/strong>7506086600712<\/p>\n","protected":false},"excerpt":{"rendered":"<p>Bater\u00eda tipo bot\u00f3n<\/p>\n","protected":false},"featured_media":8286,"comment_status":"open","ping_status":"closed","template":"","meta":{"_joinchat":[]},"product_brand":[7806],"product_cat":[7372,7,1216],"product_tag":[7542],"class_list":{"0":"post-8285","1":"product","2":"type-product","3":"status-publish","4":"has-post-thumbnail","6":"product_brand-mitzu","7":"product_cat-baterias","8":"product_cat-computo","9":"product_cat-energia","10":"product_tag-bateria","12":"first","13":"instock","14":"shipping-taxable","15":"purchasable","16":"product-type-simple"},"post_mailing_queue_ids":[],"_links":{"self":[{"href":"https:\/\/laesfera.com.mx\/page\/wp-json\/wp\/v2\/product\/8285","targetHints":{"allow":["GET"]}}],"collection":[{"href":"https:\/\/laesfera.com.mx\/page\/wp-json\/wp\/v2\/product"}],"about":[{"href":"https:\/\/laesfera.com.mx\/page\/wp-json\/wp\/v2\/types\/product"}],"replies":[{"embeddable":true,"href":"https:\/\/laesfera.com.mx\/page\/wp-json\/wp\/v2\/comments?post=8285"}],"wp:featuredmedia":[{"embeddable":true,"href":"https:\/\/laesfera.com.mx\/page\/wp-json\/wp\/v2\/media\/8286"}],"wp:attachment":[{"href":"https:\/\/laesfera.com.mx\/page\/wp-json\/wp\/v2\/media?parent=8285"}],"wp:term":[{"taxonomy":"product_brand","embeddable":true,"href":"https:\/\/laesfera.com.mx\/page\/wp-json\/wp\/v2\/product_brand?post=8285"},{"taxonomy":"product_cat","embeddable":true,"href":"https:\/\/laesfera.com.mx\/page\/wp-json\/wp\/v2\/product_cat?post=8285"},{"taxonomy":"product_tag","embeddable":true,"href":"https:\/\/laesfera.com.mx\/page\/wp-json\/wp\/v2\/product_tag?post=8285"}],"curies":[{"name":"wp","href":"https:\/\/api.w.org\/{rel}","templated":true}]}}