{"id":810,"date":"2017-03-21T17:00:19","date_gmt":"2017-03-21T23:00:19","guid":{"rendered":"http:\/\/laesfera.com.mx\/page\/?post_type=product&#038;p=810"},"modified":"2025-07-18T12:58:20","modified_gmt":"2025-07-18T16:58:20","slug":"pizarron-acrilico-me-30x45","status":"publish","type":"product","link":"https:\/\/laesfera.com.mx\/page\/tienda\/pizarron-acrilico-me-30x45\/","title":{"rendered":"Pizarr\u00f3n Acr\u00edlico ME 30&#215;45"},"content":{"rendered":"<p><strong>Pizarr\u00f3n Acr\u00edlico ME 30&#215;45<\/strong><\/p>\n<p>&nbsp;<\/p>\n<p style=\"text-align: justify\">Superficie Blanca Ultra White Para plum\u00f3n de tinta fugaz fabricado con marker Board 8 mm con recubrimiento de melanina blanca, aplicaci\u00f3n de 10 capas de resina sellado con tecnolog\u00eda UV \u00fanico con trascara termo fusionada color blanco de alta densidad rindiendo rigidez y resistencia a agentes corrosivos , rematado perimetralmente con perfil astriado al frente de PVC.<\/p>\n<p>&nbsp;<\/p>\n<p><strong>Dimensiones:<\/strong><br \/>\n<strong>Alto:<\/strong> 30 cms.<br \/>\n<strong>Ancho:<\/strong> 45 cms.<\/p>\n<p>&nbsp;<\/p>\n<p><strong>Marca:<\/strong> ABC Pizarrones<br \/>\n<strong>Material:\u00a0<\/strong>Acrilico<br \/>\n<strong>Medida: <\/strong>30&#215;45 cm<br \/>\n<strong>Cve:\u00a0<\/strong>P 320<\/p>\n","protected":false},"excerpt":{"rendered":"<p>Ideal para casa y escuela.<\/p>\n","protected":false},"featured_media":11590,"comment_status":"open","ping_status":"closed","template":"","meta":{"_joinchat":[]},"product_brand":[7889],"product_cat":[5587,251,5586],"product_tag":[7900,7659,536],"class_list":{"0":"post-810","1":"product","2":"type-product","3":"status-publish","4":"has-post-thumbnail","6":"product_brand-abc-pizarrones","7":"product_cat-acrilicos","8":"product_cat-mobiliarioescolar","9":"product_cat-pizarrones-mobiliarioescolar","10":"product_tag-cotizar","11":"product_tag-mbl","12":"product_tag-pizarron","14":"first","15":"instock","16":"shipping-taxable","17":"product-type-simple"},"post_mailing_queue_ids":[],"_links":{"self":[{"href":"https:\/\/laesfera.com.mx\/page\/wp-json\/wp\/v2\/product\/810","targetHints":{"allow":["GET"]}}],"collection":[{"href":"https:\/\/laesfera.com.mx\/page\/wp-json\/wp\/v2\/product"}],"about":[{"href":"https:\/\/laesfera.com.mx\/page\/wp-json\/wp\/v2\/types\/product"}],"replies":[{"embeddable":true,"href":"https:\/\/laesfera.com.mx\/page\/wp-json\/wp\/v2\/comments?post=810"}],"wp:featuredmedia":[{"embeddable":true,"href":"https:\/\/laesfera.com.mx\/page\/wp-json\/wp\/v2\/media\/11590"}],"wp:attachment":[{"href":"https:\/\/laesfera.com.mx\/page\/wp-json\/wp\/v2\/media?parent=810"}],"wp:term":[{"taxonomy":"product_brand","embeddable":true,"href":"https:\/\/laesfera.com.mx\/page\/wp-json\/wp\/v2\/product_brand?post=810"},{"taxonomy":"product_cat","embeddable":true,"href":"https:\/\/laesfera.com.mx\/page\/wp-json\/wp\/v2\/product_cat?post=810"},{"taxonomy":"product_tag","embeddable":true,"href":"https:\/\/laesfera.com.mx\/page\/wp-json\/wp\/v2\/product_tag?post=810"}],"curies":[{"name":"wp","href":"https:\/\/api.w.org\/{rel}","templated":true}]}}