{"id":7184,"date":"2017-11-21T17:10:09","date_gmt":"2017-11-21T23:10:09","guid":{"rendered":"https:\/\/laesfera.com.mx\/page\/?post_type=product&#038;p=7184"},"modified":"2025-07-18T13:58:06","modified_gmt":"2025-07-18T17:58:06","slug":"botella-de-tinta-magenta-gt52-m0h55al","status":"publish","type":"product","link":"https:\/\/laesfera.com.mx\/page\/tienda\/botella-de-tinta-magenta-gt52-m0h55al\/","title":{"rendered":"Botella de tinta Magenta GT52 M0H55AL"},"content":{"rendered":"<p><strong>Botella de tinta Magenta GT52 M0H55AL<\/strong><\/p>\n<p>&nbsp;<\/p>\n<p>Tinta original HP.<\/p>\n<p><span class=\"hp-product-container container\"><span class=\"hp-product-desc\"><span id=\"DivDescripcionGeneral\">Imprima miles de p\u00e1ginas de alta calidad sin interrupci\u00f3n, a un costo muy bajo por p\u00e1gina.2 Las botellas de tinta de alta capacidad originales HP son ideales para impresi\u00f3n de alto volumen y le permiten agregar tinta cuando desee. Disfrute de la excelente confiablidad de HP.<\/span><\/span><\/span><\/p>\n<p><strong>Color:<\/strong> Magenta.<br \/>\n<strong>Rendimiento:<\/strong> 5,000 p\u00e1ginas.<br \/>\n<strong>Capacidad:<\/strong> 90ml.<\/p>\n<p>&nbsp;<\/p>\n<p>&nbsp;<\/p>\n<p><strong>Modelo: <\/strong>M0H55AL.<br \/>\n<strong>Marca: <\/strong>HP<br \/>\n<strong>Color:\u00a0<\/strong>Magenta<br \/>\n<strong>Cve:\u00a0<\/strong>190780132548<\/p>\n","protected":false},"excerpt":{"rendered":"<p>M\u00e1ximo rendimiento<\/p>\n","protected":false},"featured_media":7186,"comment_status":"open","ping_status":"closed","template":"","meta":{"_joinchat":[]},"product_brand":[7822],"product_cat":[5434,7,11,6110],"product_tag":[7900,7636],"class_list":{"0":"post-7184","1":"product","2":"type-product","3":"status-publish","4":"has-post-thumbnail","6":"product_brand-hp","7":"product_cat-botellas-de-tinta","8":"product_cat-computo","9":"product_cat-consumibles","10":"product_cat-tintahp","11":"product_tag-cotizar","12":"product_tag-tinta-continua","14":"first","15":"instock","16":"shipping-taxable","17":"product-type-simple"},"post_mailing_queue_ids":[],"_links":{"self":[{"href":"https:\/\/laesfera.com.mx\/page\/wp-json\/wp\/v2\/product\/7184","targetHints":{"allow":["GET"]}}],"collection":[{"href":"https:\/\/laesfera.com.mx\/page\/wp-json\/wp\/v2\/product"}],"about":[{"href":"https:\/\/laesfera.com.mx\/page\/wp-json\/wp\/v2\/types\/product"}],"replies":[{"embeddable":true,"href":"https:\/\/laesfera.com.mx\/page\/wp-json\/wp\/v2\/comments?post=7184"}],"wp:featuredmedia":[{"embeddable":true,"href":"https:\/\/laesfera.com.mx\/page\/wp-json\/wp\/v2\/media\/7186"}],"wp:attachment":[{"href":"https:\/\/laesfera.com.mx\/page\/wp-json\/wp\/v2\/media?parent=7184"}],"wp:term":[{"taxonomy":"product_brand","embeddable":true,"href":"https:\/\/laesfera.com.mx\/page\/wp-json\/wp\/v2\/product_brand?post=7184"},{"taxonomy":"product_cat","embeddable":true,"href":"https:\/\/laesfera.com.mx\/page\/wp-json\/wp\/v2\/product_cat?post=7184"},{"taxonomy":"product_tag","embeddable":true,"href":"https:\/\/laesfera.com.mx\/page\/wp-json\/wp\/v2\/product_tag?post=7184"}],"curies":[{"name":"wp","href":"https:\/\/api.w.org\/{rel}","templated":true}]}}