{"id":7177,"date":"2017-11-21T18:16:58","date_gmt":"2017-11-22T00:16:58","guid":{"rendered":"https:\/\/laesfera.com.mx\/page\/?post_type=product&#038;p=7177"},"modified":"2025-07-18T13:57:58","modified_gmt":"2025-07-18T17:57:58","slug":"botella-de-tinta-amarillo-gt52-m0h56al","status":"publish","type":"product","link":"https:\/\/laesfera.com.mx\/page\/tienda\/botella-de-tinta-amarillo-gt52-m0h56al\/","title":{"rendered":"Botella de tinta Amarillo GT52 M0H56AL"},"content":{"rendered":"<p><strong>Botella de tinta Amarillo GT52 M0H56AL<\/strong><\/p>\n<p>&nbsp;<\/p>\n<p>Tinta Original HP.<\/p>\n<p>Imprima miles de p\u00e1ginas de alta calidad sin interrupci\u00f3n, a un costo muy bajo por p\u00e1gina.\u00a0Las botellas de tinta de alta capacidad originales HP son ideales para impresi\u00f3n de alto volumen y le permiten agregar tinta cuando desee. Disfrute de la excelente confiabilidad de HP.<\/p>\n<p><strong>Color:<\/strong> Amarillo.<br \/>\n<strong>Rendimiento del equipo:<\/strong> 5,000 p\u00e1ginas.<br \/>\n<strong>Contenido de la botella:<\/strong> 90 ml.<\/p>\n<p>&nbsp;<\/p>\n<p>&nbsp;<\/p>\n<p><strong>Marca: <\/strong>HP.<br \/>\n<strong> Modelo: <\/strong>M0H56AL.<br \/>\n<strong>Cve:\u00a0<\/strong>190780132562<\/p>\n","protected":false},"excerpt":{"rendered":"<p>Rendimiento m\u00e1ximo<\/p>\n","protected":false},"featured_media":7192,"comment_status":"open","ping_status":"closed","template":"","meta":{"_joinchat":[]},"product_brand":[7822],"product_cat":[5434,7,11,6110],"product_tag":[7900,7636],"class_list":{"0":"post-7177","1":"product","2":"type-product","3":"status-publish","4":"has-post-thumbnail","6":"product_brand-hp","7":"product_cat-botellas-de-tinta","8":"product_cat-computo","9":"product_cat-consumibles","10":"product_cat-tintahp","11":"product_tag-cotizar","12":"product_tag-tinta-continua","14":"first","15":"instock","16":"shipping-taxable","17":"product-type-simple"},"post_mailing_queue_ids":[],"_links":{"self":[{"href":"https:\/\/laesfera.com.mx\/page\/wp-json\/wp\/v2\/product\/7177","targetHints":{"allow":["GET"]}}],"collection":[{"href":"https:\/\/laesfera.com.mx\/page\/wp-json\/wp\/v2\/product"}],"about":[{"href":"https:\/\/laesfera.com.mx\/page\/wp-json\/wp\/v2\/types\/product"}],"replies":[{"embeddable":true,"href":"https:\/\/laesfera.com.mx\/page\/wp-json\/wp\/v2\/comments?post=7177"}],"wp:featuredmedia":[{"embeddable":true,"href":"https:\/\/laesfera.com.mx\/page\/wp-json\/wp\/v2\/media\/7192"}],"wp:attachment":[{"href":"https:\/\/laesfera.com.mx\/page\/wp-json\/wp\/v2\/media?parent=7177"}],"wp:term":[{"taxonomy":"product_brand","embeddable":true,"href":"https:\/\/laesfera.com.mx\/page\/wp-json\/wp\/v2\/product_brand?post=7177"},{"taxonomy":"product_cat","embeddable":true,"href":"https:\/\/laesfera.com.mx\/page\/wp-json\/wp\/v2\/product_cat?post=7177"},{"taxonomy":"product_tag","embeddable":true,"href":"https:\/\/laesfera.com.mx\/page\/wp-json\/wp\/v2\/product_tag?post=7177"}],"curies":[{"name":"wp","href":"https:\/\/api.w.org\/{rel}","templated":true}]}}