{"id":7176,"date":"2017-11-21T18:22:07","date_gmt":"2017-11-22T00:22:07","guid":{"rendered":"https:\/\/laesfera.com.mx\/page\/?post_type=product&#038;p=7176"},"modified":"2025-07-18T13:57:36","modified_gmt":"2025-07-18T17:57:36","slug":"botella-de-tinta-cyan-gt52-hp-m0h54al","status":"publish","type":"product","link":"https:\/\/laesfera.com.mx\/page\/tienda\/botella-de-tinta-cyan-gt52-hp-m0h54al\/","title":{"rendered":"Botella de tinta Cian GT52 HP M0H54AL"},"content":{"rendered":"<p><strong>Botella de tinta Cian GT52 HP M0H54AL<\/strong><\/p>\n<p>&nbsp;<\/p>\n<p>Tinta original HP.<\/p>\n<p><span class=\"hp-product-container container\"><span class=\"hp-product-desc\"><span id=\"DivDescripcionGeneral\">Imprima miles de p\u00e1ginas de alta calidad sin interrupci\u00f3n, a un costo muy bajo por p\u00e1gina.2 Las botellas de tinta de alta capacidad originales HP son ideales para impresi\u00f3n de alto volumen y le permiten agregar tinta cuando desee. Disfrute de la excelente confiablidad de HP.<\/span><\/span><\/span><\/p>\n<p><strong>Color:<\/strong> Cyan.<br \/>\n<strong>Rendimiento:<\/strong> 5,000 p\u00e1ginas.<br \/>\n<strong>Contenido<\/strong>: 90 ml.<\/p>\n<p>&nbsp;<\/p>\n<p>&nbsp;<\/p>\n<p><strong>Marca: <\/strong>HP.<br \/>\n<strong> Modelo: <\/strong>M0H54AL.<br \/>\n<strong>Color:\u00a0<\/strong>Cian<br \/>\n<strong>Cve:<\/strong> 190780132524<\/p>\n","protected":false},"excerpt":{"rendered":"<p>Rendimiento m\u00e1ximo<\/p>\n","protected":false},"featured_media":7196,"comment_status":"open","ping_status":"closed","template":"","meta":{"_joinchat":[]},"product_brand":[7822],"product_cat":[5434,7,11,6110],"product_tag":[7900,7636],"class_list":{"0":"post-7176","1":"product","2":"type-product","3":"status-publish","4":"has-post-thumbnail","6":"product_brand-hp","7":"product_cat-botellas-de-tinta","8":"product_cat-computo","9":"product_cat-consumibles","10":"product_cat-tintahp","11":"product_tag-cotizar","12":"product_tag-tinta-continua","14":"first","15":"instock","16":"shipping-taxable","17":"product-type-simple"},"post_mailing_queue_ids":[],"_links":{"self":[{"href":"https:\/\/laesfera.com.mx\/page\/wp-json\/wp\/v2\/product\/7176","targetHints":{"allow":["GET"]}}],"collection":[{"href":"https:\/\/laesfera.com.mx\/page\/wp-json\/wp\/v2\/product"}],"about":[{"href":"https:\/\/laesfera.com.mx\/page\/wp-json\/wp\/v2\/types\/product"}],"replies":[{"embeddable":true,"href":"https:\/\/laesfera.com.mx\/page\/wp-json\/wp\/v2\/comments?post=7176"}],"wp:featuredmedia":[{"embeddable":true,"href":"https:\/\/laesfera.com.mx\/page\/wp-json\/wp\/v2\/media\/7196"}],"wp:attachment":[{"href":"https:\/\/laesfera.com.mx\/page\/wp-json\/wp\/v2\/media?parent=7176"}],"wp:term":[{"taxonomy":"product_brand","embeddable":true,"href":"https:\/\/laesfera.com.mx\/page\/wp-json\/wp\/v2\/product_brand?post=7176"},{"taxonomy":"product_cat","embeddable":true,"href":"https:\/\/laesfera.com.mx\/page\/wp-json\/wp\/v2\/product_cat?post=7176"},{"taxonomy":"product_tag","embeddable":true,"href":"https:\/\/laesfera.com.mx\/page\/wp-json\/wp\/v2\/product_tag?post=7176"}],"curies":[{"name":"wp","href":"https:\/\/api.w.org\/{rel}","templated":true}]}}