{"id":6867,"date":"2017-08-24T18:09:46","date_gmt":"2017-08-25T00:09:46","guid":{"rendered":"https:\/\/laesfera.com.mx\/page\/?post_type=product&#038;p=6867"},"modified":"2025-05-21T14:23:45","modified_gmt":"2025-05-21T18:23:45","slug":"lapices-de-colores-maped-mod-832048zv","status":"publish","type":"product","link":"https:\/\/laesfera.com.mx\/page\/tienda\/lapices-de-colores-maped-mod-832048zv\/","title":{"rendered":"L\u00e1pices de colores Maped mod. 832048ZV"},"content":{"rendered":"<p><strong>L\u00e1pices de colores Maped mod. 832048ZV<\/strong><\/p>\n<p>&nbsp;<\/p>\n<div class=\"float\">\n<p>Cl\u00e1sico.<\/p>\n<p>Estuche de\u00a0cart\u00f3n<\/p>\n<p>Una gama de l\u00e1pices de m\u00faltiples colores.<\/p>\n<p>Cumple con la normativa de juguetes.<\/p>\n<p>Mina blanda y resistente: 2.9 mm.<\/p>\n<p>Ergonom\u00eda: l\u00e1piz triangular para mejorar la sujeci\u00f3n.<\/p>\n<p>F\u00e1ciles de afilar.<\/p>\n<\/div>\n<p>&nbsp;<\/p>\n<p>&nbsp;<\/p>\n<p><strong>Contenido: <\/strong>48 L\u00e1pices de colores<br \/>\n<strong>Modelo:<\/strong> 832048ZV<br \/>\n<strong>Marca:<\/strong>\u00a0Maped<br \/>\n<strong>Cve:\u00a0<\/strong>3154148320487<\/p>\n","protected":false},"excerpt":{"rendered":"<p>48 l\u00e1pices en caja de cart\u00f3n<\/p>\n","protected":false},"featured_media":20206,"comment_status":"open","ping_status":"closed","template":"","meta":{"_joinchat":[]},"product_brand":[7780],"product_cat":[6847,6031,5161],"product_tag":[6206],"class_list":{"0":"post-6867","1":"product","2":"type-product","3":"status-publish","4":"has-post-thumbnail","6":"product_brand-maped","7":"product_cat-colores","8":"product_cat-escritura-papeleria","9":"product_cat-papeleria","10":"product_tag-colores","12":"first","13":"instock","14":"shipping-taxable","15":"purchasable","16":"product-type-simple"},"post_mailing_queue_ids":[],"_links":{"self":[{"href":"https:\/\/laesfera.com.mx\/page\/wp-json\/wp\/v2\/product\/6867","targetHints":{"allow":["GET"]}}],"collection":[{"href":"https:\/\/laesfera.com.mx\/page\/wp-json\/wp\/v2\/product"}],"about":[{"href":"https:\/\/laesfera.com.mx\/page\/wp-json\/wp\/v2\/types\/product"}],"replies":[{"embeddable":true,"href":"https:\/\/laesfera.com.mx\/page\/wp-json\/wp\/v2\/comments?post=6867"}],"wp:featuredmedia":[{"embeddable":true,"href":"https:\/\/laesfera.com.mx\/page\/wp-json\/wp\/v2\/media\/20206"}],"wp:attachment":[{"href":"https:\/\/laesfera.com.mx\/page\/wp-json\/wp\/v2\/media?parent=6867"}],"wp:term":[{"taxonomy":"product_brand","embeddable":true,"href":"https:\/\/laesfera.com.mx\/page\/wp-json\/wp\/v2\/product_brand?post=6867"},{"taxonomy":"product_cat","embeddable":true,"href":"https:\/\/laesfera.com.mx\/page\/wp-json\/wp\/v2\/product_cat?post=6867"},{"taxonomy":"product_tag","embeddable":true,"href":"https:\/\/laesfera.com.mx\/page\/wp-json\/wp\/v2\/product_tag?post=6867"}],"curies":[{"name":"wp","href":"https:\/\/api.w.org\/{rel}","templated":true}]}}