{"id":6625,"date":"2017-08-01T16:39:07","date_gmt":"2017-08-01T22:39:07","guid":{"rendered":"https:\/\/laesfera.com.mx\/page\/?post_type=product&#038;p=6625"},"modified":"2025-07-15T13:15:14","modified_gmt":"2025-07-15T17:15:14","slug":"compas-a-ink-mod-cpk-bl","status":"publish","type":"product","link":"https:\/\/laesfera.com.mx\/page\/tienda\/compas-a-ink-mod-cpk-bl\/","title":{"rendered":"Comp\u00e1s de precisi\u00f3n A-Ink mod. CPK-BL"},"content":{"rendered":"<p><strong>Comp\u00e1s de precisi\u00f3n A-Ink mod. CPK-BL<\/strong><\/p>\n<p>&nbsp;<\/p>\n<div class=\"float\">\n<p>Comp\u00e1s met\u00e1lico de precisi\u00f3n.<br \/>\nDe brazo largo.<br \/>\nCon tornillo para sujetar la puntilla.<br \/>\nPara un trazo perfecto.<br \/>\nCon repuestos de minas.<\/p>\n<\/div>\n<p>&nbsp;<\/p>\n<p>&nbsp;<\/p>\n<p><strong>Marca:<\/strong> A-Ink<br \/>\n<strong>Modelo: <\/strong>CPK-BL<strong><br \/>\nColor:<\/strong>\u00a0Amarillo\/Naranja, Azul\/Verde, Naranja\/Amarillo, Verde\/Azul<br \/>\n<strong>Cve:\u00a0<\/strong>7502237301422<\/p>\n","protected":false},"excerpt":{"rendered":"<p>Comp\u00e1s de precisi\u00f3n brazo largo.<\/p>\n","protected":false},"featured_media":6627,"comment_status":"open","ping_status":"closed","template":"","meta":{"_joinchat":[]},"product_brand":[7845],"product_cat":[5910,5161],"product_tag":[5163],"class_list":{"0":"post-6625","1":"product","2":"type-product","3":"status-publish","4":"has-post-thumbnail","6":"product_brand-aink","7":"product_cat-compases","8":"product_cat-papeleria","9":"product_tag-compas","11":"first","12":"instock","13":"shipping-taxable","14":"purchasable","15":"product-type-simple"},"post_mailing_queue_ids":[],"_links":{"self":[{"href":"https:\/\/laesfera.com.mx\/page\/wp-json\/wp\/v2\/product\/6625","targetHints":{"allow":["GET"]}}],"collection":[{"href":"https:\/\/laesfera.com.mx\/page\/wp-json\/wp\/v2\/product"}],"about":[{"href":"https:\/\/laesfera.com.mx\/page\/wp-json\/wp\/v2\/types\/product"}],"replies":[{"embeddable":true,"href":"https:\/\/laesfera.com.mx\/page\/wp-json\/wp\/v2\/comments?post=6625"}],"wp:featuredmedia":[{"embeddable":true,"href":"https:\/\/laesfera.com.mx\/page\/wp-json\/wp\/v2\/media\/6627"}],"wp:attachment":[{"href":"https:\/\/laesfera.com.mx\/page\/wp-json\/wp\/v2\/media?parent=6625"}],"wp:term":[{"taxonomy":"product_brand","embeddable":true,"href":"https:\/\/laesfera.com.mx\/page\/wp-json\/wp\/v2\/product_brand?post=6625"},{"taxonomy":"product_cat","embeddable":true,"href":"https:\/\/laesfera.com.mx\/page\/wp-json\/wp\/v2\/product_cat?post=6625"},{"taxonomy":"product_tag","embeddable":true,"href":"https:\/\/laesfera.com.mx\/page\/wp-json\/wp\/v2\/product_tag?post=6625"}],"curies":[{"name":"wp","href":"https:\/\/api.w.org\/{rel}","templated":true}]}}