{"id":6603,"date":"2017-07-28T14:08:26","date_gmt":"2017-07-28T20:08:26","guid":{"rendered":"https:\/\/laesfera.com.mx\/page\/?post_type=product&#038;p=6603"},"modified":"2025-11-06T21:48:48","modified_gmt":"2025-11-07T01:48:48","slug":"archivero-metalico-hirsh-14113","status":"publish","type":"product","link":"https:\/\/laesfera.com.mx\/page\/tienda\/archivero-metalico-hirsh-14113\/","title":{"rendered":"Archivero vertical met\u00e1lico 2 gavetas oficio Hirsh 14113 negro"},"content":{"rendered":"<p><span style=\"color: #000000;\"><strong><span class=\"selectable-text copyable-text xkrh14z\">Archivero vertical met\u00e1lico 2 gavetas oficio Hirsh 14113 negro<\/span><\/strong><\/span><\/p>\n<p>&nbsp;<\/p>\n<p><span style=\"color: #000000;\">El Archivero Met\u00e1lico 14113 Negro es la opci\u00f3n profesional para oficinas que requieren m\u00e1xima capacidad de almacenamiento.<\/span><\/p>\n<p>&nbsp;<\/p>\n<p><span style=\"color: #000000;\">Ideal para mantener documentos tama\u00f1o oficio perfectamente organizados, cada caj\u00f3n cuenta con rieles telesc\u00f3picos que permiten un acceso fluido y eficiente. Su estructura robusta de acero y sistema de cerradura garantizan seguridad y durabilidad en entornos corporativos exigentes.<\/span><\/p>\n<p>&nbsp;<\/p>\n<p><span style=\"color: #000000;\"><strong>Dimensiones:<\/strong><\/span><\/p>\n<p>&nbsp;<\/p>\n<p><span style=\"color: #000000;\"><strong>Largo:<\/strong> 46 cm.<\/span><br \/>\n<span style=\"color: #000000;\"><strong>Ancho:<\/strong> 63 cm.<\/span><br \/>\n<span style=\"color: #000000;\"><strong>Alto:<\/strong> 72 cm.<\/span><\/p>\n<p>&nbsp;<\/p>\n<p><span style=\"color: #000000;\"><strong>Marca:<\/strong> Hirsh<\/span><br \/>\n<span style=\"color: #000000;\"><strong>Modelo: <\/strong>14113<\/span><br \/>\n<span style=\"color: #000000;\"><strong>Color:\u00a0<\/strong>Negro<\/span><br \/>\n<span style=\"color: #000000;\"><strong>Cve:\u00a0<\/strong>OF 005 N<\/span><\/p>\n","protected":false},"excerpt":{"rendered":"<p>Ideal para oficina, escuela, etc.<\/p>\n","protected":false},"featured_media":15014,"comment_status":"open","ping_status":"closed","template":"","meta":{"_joinchat":[]},"product_brand":[7796],"product_cat":[74,7611,8],"product_tag":[7552,7900,7659],"class_list":{"0":"post-6603","1":"product","2":"type-product","3":"status-publish","4":"has-post-thumbnail","6":"product_brand-jm","7":"product_cat-archiveros","8":"product_cat-archiverosygabinetes","9":"product_cat-muebles","10":"product_tag-archivero","11":"product_tag-cotizar","12":"product_tag-mbl","14":"first","15":"instock","16":"shipping-taxable","17":"product-type-simple"},"post_mailing_queue_ids":[],"_links":{"self":[{"href":"https:\/\/laesfera.com.mx\/page\/wp-json\/wp\/v2\/product\/6603","targetHints":{"allow":["GET"]}}],"collection":[{"href":"https:\/\/laesfera.com.mx\/page\/wp-json\/wp\/v2\/product"}],"about":[{"href":"https:\/\/laesfera.com.mx\/page\/wp-json\/wp\/v2\/types\/product"}],"replies":[{"embeddable":true,"href":"https:\/\/laesfera.com.mx\/page\/wp-json\/wp\/v2\/comments?post=6603"}],"wp:featuredmedia":[{"embeddable":true,"href":"https:\/\/laesfera.com.mx\/page\/wp-json\/wp\/v2\/media\/15014"}],"wp:attachment":[{"href":"https:\/\/laesfera.com.mx\/page\/wp-json\/wp\/v2\/media?parent=6603"}],"wp:term":[{"taxonomy":"product_brand","embeddable":true,"href":"https:\/\/laesfera.com.mx\/page\/wp-json\/wp\/v2\/product_brand?post=6603"},{"taxonomy":"product_cat","embeddable":true,"href":"https:\/\/laesfera.com.mx\/page\/wp-json\/wp\/v2\/product_cat?post=6603"},{"taxonomy":"product_tag","embeddable":true,"href":"https:\/\/laesfera.com.mx\/page\/wp-json\/wp\/v2\/product_tag?post=6603"}],"curies":[{"name":"wp","href":"https:\/\/api.w.org\/{rel}","templated":true}]}}