{"id":660,"date":"2017-03-18T18:36:37","date_gmt":"2017-03-19T00:36:37","guid":{"rendered":"http:\/\/laesfera.com.mx\/page\/?post_type=product&#038;p=660"},"modified":"2025-12-19T15:54:40","modified_gmt":"2025-12-19T19:54:40","slug":"cartucho-de-tinta-negra-hp-664-f6v29al","status":"publish","type":"product","link":"https:\/\/laesfera.com.mx\/page\/tienda\/cartucho-de-tinta-negra-hp-664-f6v29al\/","title":{"rendered":"Cartucho Negro HP 664"},"content":{"rendered":"<p><strong>Cartucho de tinta negra HP 664 (F6V29AL).<\/strong><\/p>\n<p>&nbsp;<\/p>\n<p>Imprima los documentos de todos los d\u00edas con alta calidad y a un precio accesible con los cartuchos de tinta original HP de bajo costo, dise\u00f1ados con protecci\u00f3n contra fraudes y alertas inteligentes de poca tinta para ofrecer un rendimiento libre de preocupaciones y resultados uniformes en los que puede contar.<\/p>\n<p>&nbsp;<\/p>\n<p><strong>ESPECIFICACIONES:<\/strong><\/p>\n<p><strong>Compatibilidad:<\/strong><\/p>\n<p>HP DeskJet 1110, HP DeskJet 1115, HP DeskJet 2130, HP DeskJet 2135, HP DeskJet 3630, HP ENVY 4520, HP OfficeJet 3830<\/p>\n<p>&nbsp;<\/p>\n<p><strong>Rendimiento:<\/strong> Hasta 120 p\u00e1ginas<br \/>\n<strong>Volumen de cartucho de impresi\u00f3n proporcionado:<\/strong> 2 ml<br \/>\n<strong>Marca:<\/strong> HP<br \/>\n<strong>Modelo:<\/strong> F6V29AL<br \/>\n<strong>Color:<\/strong> Negro<br \/>\n<strong>Cve:<\/strong> 889296597148<\/p>\n<p>&nbsp;<\/p>\n","protected":false},"excerpt":{"rendered":"<p>Cartucho tinta negra<\/p>\n","protected":false},"featured_media":16155,"comment_status":"open","ping_status":"closed","template":"","meta":{"_joinchat":[]},"product_brand":[7822],"product_cat":[5421,6116,11],"product_tag":[2445,7900,659],"class_list":{"0":"post-660","1":"product","2":"type-product","3":"status-publish","4":"has-post-thumbnail","6":"product_brand-hp","7":"product_cat-cartuchos","8":"product_cat-cartuchoshp","9":"product_cat-consumibles","10":"product_tag-cartucho","11":"product_tag-cotizar","12":"product_tag-hp","14":"first","15":"outofstock","16":"shipping-taxable","17":"product-type-simple"},"post_mailing_queue_ids":[],"_links":{"self":[{"href":"https:\/\/laesfera.com.mx\/page\/wp-json\/wp\/v2\/product\/660","targetHints":{"allow":["GET"]}}],"collection":[{"href":"https:\/\/laesfera.com.mx\/page\/wp-json\/wp\/v2\/product"}],"about":[{"href":"https:\/\/laesfera.com.mx\/page\/wp-json\/wp\/v2\/types\/product"}],"replies":[{"embeddable":true,"href":"https:\/\/laesfera.com.mx\/page\/wp-json\/wp\/v2\/comments?post=660"}],"wp:featuredmedia":[{"embeddable":true,"href":"https:\/\/laesfera.com.mx\/page\/wp-json\/wp\/v2\/media\/16155"}],"wp:attachment":[{"href":"https:\/\/laesfera.com.mx\/page\/wp-json\/wp\/v2\/media?parent=660"}],"wp:term":[{"taxonomy":"product_brand","embeddable":true,"href":"https:\/\/laesfera.com.mx\/page\/wp-json\/wp\/v2\/product_brand?post=660"},{"taxonomy":"product_cat","embeddable":true,"href":"https:\/\/laesfera.com.mx\/page\/wp-json\/wp\/v2\/product_cat?post=660"},{"taxonomy":"product_tag","embeddable":true,"href":"https:\/\/laesfera.com.mx\/page\/wp-json\/wp\/v2\/product_tag?post=660"}],"curies":[{"name":"wp","href":"https:\/\/api.w.org\/{rel}","templated":true}]}}