{"id":588,"date":"2017-03-18T13:45:13","date_gmt":"2017-03-18T19:45:13","guid":{"rendered":"http:\/\/laesfera.com.mx\/page\/?post_type=product&#038;p=588"},"modified":"2025-10-28T15:58:28","modified_gmt":"2025-10-28T19:58:28","slug":"pizarron-acrilico-90x180","status":"publish","type":"product","link":"https:\/\/laesfera.com.mx\/page\/tienda\/pizarron-acrilico-90x180\/","title":{"rendered":"Pizarr\u00f3n acr\u00edlico 90&#215;180"},"content":{"rendered":"<p><span style=\"color: #000000;\"><strong>Pizarr\u00f3n acr\u00edlico 90&#215;180<\/strong><\/span><\/p>\n<p>&nbsp;<\/p>\n<p style=\"text-align: justify;\"><span style=\"color: #000000;\">Superficie blanca ultra white para plum\u00f3n de tinta fugaz fabricado con marker board 8mm con recubrimiento de melanina blanca, aplicaci\u00f3n de 10 capas de resina sellado con tecnolog\u00eda UV \u00fanico con trascara termo fusionada color blanco de alta densidad, rigidez y resistencia a agentes corrosivos, rematado perimetralmente con perfil tipo moldura y charola porta plum\u00f3n de aluminio anodizado natural cerrando y resaltando sus esquinas con regatones redondeados de polipropileno para evitar esquinas expuestas.<\/span><\/p>\n<p>&nbsp;<\/p>\n<p><span style=\"color: #000000;\"><strong>Dimensiones:<\/strong><\/span><br \/>\n<span style=\"color: #000000;\"><strong>Alto:<\/strong> 90 cm.<\/span><br \/>\n<span style=\"color: #000000;\"><strong>Ancho: <\/strong>180 cm.<\/span><br \/>\n<span style=\"color: #000000;\"><strong>Color:<\/strong>\u00a0Blanco<\/span><\/p>\n<p>&nbsp;<\/p>\n<p>&nbsp;<\/p>\n<p><span style=\"color: #000000;\"><strong>Marca:<\/strong>\u00a0ABC Pizarrones<\/span><br \/>\n<span style=\"color: #000000;\"><strong>Material:\u00a0<\/strong>Acrilico<\/span><br \/>\n<span style=\"color: #000000;\"><strong>Medida:\u00a0<\/strong>90&#215;180 cm<\/span><br \/>\n<span style=\"color: #000000;\"><strong>Cve:\u00a0<\/strong>P 229<\/span><\/p>\n","protected":false},"excerpt":{"rendered":"<p>Ideal para escuelas.<\/p>\n","protected":false},"featured_media":11610,"comment_status":"open","ping_status":"closed","template":"","meta":{"_joinchat":[]},"product_brand":[7889],"product_cat":[5587,251,5586],"product_tag":[7900,536],"class_list":{"0":"post-588","1":"product","2":"type-product","3":"status-publish","4":"has-post-thumbnail","6":"product_brand-abc-pizarrones","7":"product_cat-acrilicos","8":"product_cat-mobiliarioescolar","9":"product_cat-pizarrones-mobiliarioescolar","10":"product_tag-cotizar","11":"product_tag-pizarron","13":"first","14":"instock","15":"shipping-taxable","16":"product-type-simple"},"post_mailing_queue_ids":[],"_links":{"self":[{"href":"https:\/\/laesfera.com.mx\/page\/wp-json\/wp\/v2\/product\/588","targetHints":{"allow":["GET"]}}],"collection":[{"href":"https:\/\/laesfera.com.mx\/page\/wp-json\/wp\/v2\/product"}],"about":[{"href":"https:\/\/laesfera.com.mx\/page\/wp-json\/wp\/v2\/types\/product"}],"replies":[{"embeddable":true,"href":"https:\/\/laesfera.com.mx\/page\/wp-json\/wp\/v2\/comments?post=588"}],"wp:featuredmedia":[{"embeddable":true,"href":"https:\/\/laesfera.com.mx\/page\/wp-json\/wp\/v2\/media\/11610"}],"wp:attachment":[{"href":"https:\/\/laesfera.com.mx\/page\/wp-json\/wp\/v2\/media?parent=588"}],"wp:term":[{"taxonomy":"product_brand","embeddable":true,"href":"https:\/\/laesfera.com.mx\/page\/wp-json\/wp\/v2\/product_brand?post=588"},{"taxonomy":"product_cat","embeddable":true,"href":"https:\/\/laesfera.com.mx\/page\/wp-json\/wp\/v2\/product_cat?post=588"},{"taxonomy":"product_tag","embeddable":true,"href":"https:\/\/laesfera.com.mx\/page\/wp-json\/wp\/v2\/product_tag?post=588"}],"curies":[{"name":"wp","href":"https:\/\/api.w.org\/{rel}","templated":true}]}}