{"id":581,"date":"2017-03-18T13:31:08","date_gmt":"2017-03-18T19:31:08","guid":{"rendered":"http:\/\/laesfera.com.mx\/page\/?post_type=product&#038;p=581"},"modified":"2025-07-18T12:59:39","modified_gmt":"2025-07-18T16:59:39","slug":"pizarron-acrilico-60x120","status":"publish","type":"product","link":"https:\/\/laesfera.com.mx\/page\/tienda\/pizarron-acrilico-60x120\/","title":{"rendered":"Pizarr\u00f3n acr\u00edlico 60&#215;120"},"content":{"rendered":"<p><strong>Pizarr\u00f3n acr\u00edlico 60&#215;120<\/strong><\/p>\n<p>&nbsp;<\/p>\n<p style=\"text-align: justify\">Superficie Blanca Ultra White Para plum\u00f3n de tinta fugaz fabricado con marker Board 8mm con recubrimiento de melanina blanca, aplicaci\u00f3n de 10 capas de resina sellado con tecnolog\u00eda UV \u00fanico con trascara termo fusionada color blanco de alta densidad rindiendo rigidez y resistencia a agentes corrosivos , rematado perimetralmente con perfil tipo moldura y charola porta plum\u00f3n de aluminio anodizado natural cerrando y resaltando sus esquinas con regatones redondeados de polipropileno para evitar esquinas expuestas.<\/p>\n<p>&nbsp;<\/p>\n<p><strong>Dimensiones:<\/strong><br \/>\n<strong>Alto:<\/strong> 60 cm.<br \/>\n<strong>Ancho: <\/strong>120 cm.<br \/>\n<strong>Color:<\/strong>\u00a0Blanco<\/p>\n<p>&nbsp;<\/p>\n<p>&nbsp;<\/p>\n<p><strong>Marca:<\/strong>\u00a0ABC Pizarrones<br \/>\n<strong>Material:\u00a0<\/strong>Acrilico<br \/>\n<strong>Medida:\u00a0<\/strong>60&#215;120 cm<br \/>\n<strong>Cve:\u00a0<\/strong>P 226<\/p>\n","protected":false},"excerpt":{"rendered":"<p>Ideal para escuelas.<\/p>\n","protected":false},"featured_media":11607,"comment_status":"open","ping_status":"closed","template":"","meta":{"_joinchat":[]},"product_brand":[7889],"product_cat":[5587,251,5586],"product_tag":[7900,7659,536],"class_list":{"0":"post-581","1":"product","2":"type-product","3":"status-publish","4":"has-post-thumbnail","6":"product_brand-abc-pizarrones","7":"product_cat-acrilicos","8":"product_cat-mobiliarioescolar","9":"product_cat-pizarrones-mobiliarioescolar","10":"product_tag-cotizar","11":"product_tag-mbl","12":"product_tag-pizarron","14":"first","15":"instock","16":"shipping-taxable","17":"product-type-simple"},"post_mailing_queue_ids":[],"_links":{"self":[{"href":"https:\/\/laesfera.com.mx\/page\/wp-json\/wp\/v2\/product\/581","targetHints":{"allow":["GET"]}}],"collection":[{"href":"https:\/\/laesfera.com.mx\/page\/wp-json\/wp\/v2\/product"}],"about":[{"href":"https:\/\/laesfera.com.mx\/page\/wp-json\/wp\/v2\/types\/product"}],"replies":[{"embeddable":true,"href":"https:\/\/laesfera.com.mx\/page\/wp-json\/wp\/v2\/comments?post=581"}],"wp:featuredmedia":[{"embeddable":true,"href":"https:\/\/laesfera.com.mx\/page\/wp-json\/wp\/v2\/media\/11607"}],"wp:attachment":[{"href":"https:\/\/laesfera.com.mx\/page\/wp-json\/wp\/v2\/media?parent=581"}],"wp:term":[{"taxonomy":"product_brand","embeddable":true,"href":"https:\/\/laesfera.com.mx\/page\/wp-json\/wp\/v2\/product_brand?post=581"},{"taxonomy":"product_cat","embeddable":true,"href":"https:\/\/laesfera.com.mx\/page\/wp-json\/wp\/v2\/product_cat?post=581"},{"taxonomy":"product_tag","embeddable":true,"href":"https:\/\/laesfera.com.mx\/page\/wp-json\/wp\/v2\/product_tag?post=581"}],"curies":[{"name":"wp","href":"https:\/\/api.w.org\/{rel}","templated":true}]}}