{"id":561,"date":"2017-03-18T12:14:49","date_gmt":"2017-03-18T18:14:49","guid":{"rendered":"http:\/\/laesfera.com.mx\/page\/?post_type=product&#038;p=561"},"modified":"2025-07-17T15:16:39","modified_gmt":"2025-07-17T19:16:39","slug":"locker-metalico-4-puertas-l-3104","status":"publish","type":"product","link":"https:\/\/laesfera.com.mx\/page\/tienda\/locker-metalico-4-puertas-l-3104\/","title":{"rendered":"Locker met\u00e1lico 4 puertas L-3104"},"content":{"rendered":"<p><strong>Locker met\u00e1lico 4 puertas L-3104<\/strong><\/p>\n<p>Fabricado en l\u00e1mina calibre 24 rolado en fr\u00edo.<br \/>\nCuatro tacones en escuadra troqueladas fabricados el l\u00e1mina calibre 18.<br \/>\nTapa superior fabricada en l\u00e1mina calibre 24 rolado en fr\u00edo.<br \/>\nIncluye portacandado fabricado en l\u00e1mina calibre 12 rolado caliente decapado para el asegurar el compartimento y cada puerta est\u00e1 preparada con perforaci\u00f3n para chapa en caso de que el cliente requiera la chapa.<br \/>\nPuertas con ventilaci\u00f3n por medio de 5 l\u00edneas de rombos en la parte superior y 5 en la parte inferior, cada compartimento incluye un perchero de doble gancho fabricado en l\u00e1mina calibre 14 rolado caliente decapado y jaladera fabricada en l\u00e1mina calibre 22 rolado en frio con porta etiquetero integrado.<\/p>\n<p>Terminado en pintura con aplicaci\u00f3n electrost\u00e1tica en f\u00f3rmula h\u00edbrido horneado a 190\u00b0.<\/p>\n<p>&nbsp;<\/p>\n<p><strong>Dimensiones:<\/strong><\/p>\n<ul>\n<li><strong>Alto:<\/strong> 180 cm.<\/li>\n<li><strong>Ancho:<\/strong> 38 cm.<\/li>\n<li><strong>Profundidad:<\/strong> 45 cm.<\/li>\n<\/ul>\n<p>&nbsp;<\/p>\n<p>&nbsp;<\/p>\n<p><strong>Marca:<\/strong> PM<br \/>\n<strong>Modelo:<\/strong> L-3104<br \/>\n<strong>Color:\u00a0<\/strong>Gris<br \/>\n<strong>Cve:<\/strong><\/p>\n","protected":false},"excerpt":{"rendered":"<p>Ideal para escuelas.<\/p>\n","protected":false},"featured_media":15733,"comment_status":"open","ping_status":"closed","template":"","meta":{"_joinchat":[]},"product_brand":[7876],"product_cat":[5581,5583,8],"product_tag":[7900,513,7659],"class_list":{"0":"post-561","1":"product","2":"type-product","3":"status-publish","4":"has-post-thumbnail","6":"product_brand-pm","7":"product_cat-gabinetes-y-lockers","8":"product_cat-lockers","9":"product_cat-muebles","10":"product_tag-cotizar","11":"product_tag-locker","12":"product_tag-mbl","14":"first","15":"instock","16":"shipping-taxable","17":"product-type-simple"},"post_mailing_queue_ids":[],"_links":{"self":[{"href":"https:\/\/laesfera.com.mx\/page\/wp-json\/wp\/v2\/product\/561","targetHints":{"allow":["GET"]}}],"collection":[{"href":"https:\/\/laesfera.com.mx\/page\/wp-json\/wp\/v2\/product"}],"about":[{"href":"https:\/\/laesfera.com.mx\/page\/wp-json\/wp\/v2\/types\/product"}],"replies":[{"embeddable":true,"href":"https:\/\/laesfera.com.mx\/page\/wp-json\/wp\/v2\/comments?post=561"}],"wp:featuredmedia":[{"embeddable":true,"href":"https:\/\/laesfera.com.mx\/page\/wp-json\/wp\/v2\/media\/15733"}],"wp:attachment":[{"href":"https:\/\/laesfera.com.mx\/page\/wp-json\/wp\/v2\/media?parent=561"}],"wp:term":[{"taxonomy":"product_brand","embeddable":true,"href":"https:\/\/laesfera.com.mx\/page\/wp-json\/wp\/v2\/product_brand?post=561"},{"taxonomy":"product_cat","embeddable":true,"href":"https:\/\/laesfera.com.mx\/page\/wp-json\/wp\/v2\/product_cat?post=561"},{"taxonomy":"product_tag","embeddable":true,"href":"https:\/\/laesfera.com.mx\/page\/wp-json\/wp\/v2\/product_tag?post=561"}],"curies":[{"name":"wp","href":"https:\/\/api.w.org\/{rel}","templated":true}]}}