{"id":557,"date":"2017-03-18T12:03:16","date_gmt":"2017-03-18T18:03:16","guid":{"rendered":"http:\/\/laesfera.com.mx\/page\/?post_type=product&#038;p=557"},"modified":"2025-07-17T15:17:02","modified_gmt":"2025-07-17T19:17:02","slug":"locker-metalico-2-puertas-l-3102","status":"publish","type":"product","link":"https:\/\/laesfera.com.mx\/page\/tienda\/locker-metalico-2-puertas-l-3102\/","title":{"rendered":"Locker met\u00e1lico 2 puertas L-3102"},"content":{"rendered":"<p><strong>Locker met\u00e1lico 2 puertas L-3102.<\/strong><\/p>\n<p>&nbsp;<\/p>\n<ul>\n<li style=\"text-align: justify\">Fabricado en l\u00e1mina calibre 24 rolado en fr\u00edo.<\/li>\n<li style=\"text-align: justify\">Cuatro tacones en escuadra troqueladas fabricados el l\u00e1mina calibre 18.<\/li>\n<li style=\"text-align: justify\">Tapa superior fabricada en l\u00e1mina calibre 24 rolado en fr\u00edo.<\/li>\n<li style=\"text-align: justify\">Incluye portacandado fabricado en l\u00e1mina calibre 12 rolado caliente decapado para el asegurar el compartimento y cada puerta est\u00e1 preparada con perforaci\u00f3n para chapa en caso de que el cliente requiera la chapa.<\/li>\n<li style=\"text-align: justify\">Puertas con ventilaci\u00f3n por medio de 5 l\u00edneas de rombos en la parte superior y 5 en la parte inferior, cada compartimento incluye un perchero de doble gancho fabricado en l\u00e1mina calibre 14 rolado caliente decapado y jaladera fabricada en l\u00e1mina calibre 22 rolado en frio con porta etiquetero integrado.<\/li>\n<li style=\"text-align: justify\">Terminado en pintura con aplicaci\u00f3n electrost\u00e1tica en f\u00f3rmula h\u00edbrido horneado a 190\u00b0.<\/li>\n<\/ul>\n<p>&nbsp;<\/p>\n<p><strong>Dimensiones:<\/strong><\/p>\n<p><strong>Alto:<\/strong> 180 cm.<br \/>\n<strong>Ancho:<\/strong> 38 cm.<br \/>\n<strong>Profundidad:<\/strong> 45 cm.<\/p>\n<p>&nbsp;<\/p>\n<p>&nbsp;<\/p>\n<p><strong>Marca:<\/strong> PM<br \/>\n<strong>Modelo:<\/strong> L-3102<br \/>\n<strong>Color:\u00a0<\/strong>Gris<br \/>\n<strong>Cve:\u00a0<\/strong><\/p>\n","protected":false},"excerpt":{"rendered":"<p>Ideal para escuelas.<\/p>\n","protected":false},"featured_media":15736,"comment_status":"open","ping_status":"closed","template":"","meta":{"_joinchat":[]},"product_brand":[7876],"product_cat":[5581,5583,8],"product_tag":[7900,513],"class_list":{"0":"post-557","1":"product","2":"type-product","3":"status-publish","4":"has-post-thumbnail","6":"product_brand-pm","7":"product_cat-gabinetes-y-lockers","8":"product_cat-lockers","9":"product_cat-muebles","10":"product_tag-cotizar","11":"product_tag-locker","13":"first","14":"instock","15":"shipping-taxable","16":"product-type-simple"},"post_mailing_queue_ids":[],"_links":{"self":[{"href":"https:\/\/laesfera.com.mx\/page\/wp-json\/wp\/v2\/product\/557","targetHints":{"allow":["GET"]}}],"collection":[{"href":"https:\/\/laesfera.com.mx\/page\/wp-json\/wp\/v2\/product"}],"about":[{"href":"https:\/\/laesfera.com.mx\/page\/wp-json\/wp\/v2\/types\/product"}],"replies":[{"embeddable":true,"href":"https:\/\/laesfera.com.mx\/page\/wp-json\/wp\/v2\/comments?post=557"}],"wp:featuredmedia":[{"embeddable":true,"href":"https:\/\/laesfera.com.mx\/page\/wp-json\/wp\/v2\/media\/15736"}],"wp:attachment":[{"href":"https:\/\/laesfera.com.mx\/page\/wp-json\/wp\/v2\/media?parent=557"}],"wp:term":[{"taxonomy":"product_brand","embeddable":true,"href":"https:\/\/laesfera.com.mx\/page\/wp-json\/wp\/v2\/product_brand?post=557"},{"taxonomy":"product_cat","embeddable":true,"href":"https:\/\/laesfera.com.mx\/page\/wp-json\/wp\/v2\/product_cat?post=557"},{"taxonomy":"product_tag","embeddable":true,"href":"https:\/\/laesfera.com.mx\/page\/wp-json\/wp\/v2\/product_tag?post=557"}],"curies":[{"name":"wp","href":"https:\/\/api.w.org\/{rel}","templated":true}]}}