{"id":5459,"date":"2017-06-21T08:59:40","date_gmt":"2017-06-21T14:59:40","guid":{"rendered":"http:\/\/laesfera.com.mx\/page\/?post_type=product&#038;p=5459"},"modified":"2025-05-22T16:23:37","modified_gmt":"2025-05-22T20:23:37","slug":"compas-de-madera-para-pizarron-acrilico","status":"publish","type":"product","link":"https:\/\/laesfera.com.mx\/page\/tienda\/compas-de-madera-para-pizarron-acrilico\/","title":{"rendered":"Comp\u00e1s de madera para pizarr\u00f3n acr\u00edlico"},"content":{"rendered":"<p><strong>Comp\u00e1s de madera para pizarr\u00f3n acr\u00edlico<\/strong><\/p>\n<p>&nbsp;<\/p>\n<p>Comp\u00e1s de madera.<br \/>\nCuenta con unadaptador para colocar marcador, plum\u00f3n, etc.<br \/>\nAdem\u00e1s de una ventosa de fijaci\u00f3n.<br \/>\nIdeal para escuelas primarias, secundarias, entre otras.<\/p>\n<p>&nbsp;<\/p>\n<p>&nbsp;<\/p>\n<p><strong>Marca:<\/strong> Chavez.<br \/>\n<strong>Color:<\/strong> Caf\u00e9<br \/>\n<strong>Cve:\u00a0<\/strong>750181757305<\/p>\n","protected":false},"excerpt":{"rendered":"<p>Ideal para pizarr\u00f3n acr\u00edlico.<\/p>\n","protected":false},"featured_media":16677,"comment_status":"open","ping_status":"closed","template":"","meta":{"_joinchat":[]},"product_brand":[7868],"product_cat":[6850,6856,5161],"product_tag":[5163],"class_list":{"0":"post-5459","1":"product","2":"type-product","3":"status-publish","4":"has-post-thumbnail","6":"product_brand-chavez","7":"product_cat-articulosescolares","8":"product_cat-geometria","9":"product_cat-papeleria","10":"product_tag-compas","12":"first","13":"instock","14":"shipping-taxable","15":"purchasable","16":"product-type-simple"},"post_mailing_queue_ids":[],"_links":{"self":[{"href":"https:\/\/laesfera.com.mx\/page\/wp-json\/wp\/v2\/product\/5459","targetHints":{"allow":["GET"]}}],"collection":[{"href":"https:\/\/laesfera.com.mx\/page\/wp-json\/wp\/v2\/product"}],"about":[{"href":"https:\/\/laesfera.com.mx\/page\/wp-json\/wp\/v2\/types\/product"}],"replies":[{"embeddable":true,"href":"https:\/\/laesfera.com.mx\/page\/wp-json\/wp\/v2\/comments?post=5459"}],"wp:featuredmedia":[{"embeddable":true,"href":"https:\/\/laesfera.com.mx\/page\/wp-json\/wp\/v2\/media\/16677"}],"wp:attachment":[{"href":"https:\/\/laesfera.com.mx\/page\/wp-json\/wp\/v2\/media?parent=5459"}],"wp:term":[{"taxonomy":"product_brand","embeddable":true,"href":"https:\/\/laesfera.com.mx\/page\/wp-json\/wp\/v2\/product_brand?post=5459"},{"taxonomy":"product_cat","embeddable":true,"href":"https:\/\/laesfera.com.mx\/page\/wp-json\/wp\/v2\/product_cat?post=5459"},{"taxonomy":"product_tag","embeddable":true,"href":"https:\/\/laesfera.com.mx\/page\/wp-json\/wp\/v2\/product_tag?post=5459"}],"curies":[{"name":"wp","href":"https:\/\/api.w.org\/{rel}","templated":true}]}}