{"id":545,"date":"2017-03-18T11:23:36","date_gmt":"2017-03-18T17:23:36","guid":{"rendered":"http:\/\/laesfera.com.mx\/page\/?post_type=product&#038;p=545"},"modified":"2025-07-17T15:18:51","modified_gmt":"2025-07-17T19:18:51","slug":"gabinete-metalico-universal-gm-9145","status":"publish","type":"product","link":"https:\/\/laesfera.com.mx\/page\/tienda\/gabinete-metalico-universal-gm-9145\/","title":{"rendered":"Gabinete met\u00e1lico universal \u00abT\u00bb GM-9145  PM"},"content":{"rendered":"<p><strong>Gabinete met\u00e1lico universal \u00abT\u00bb GM-9145 PM<\/strong><\/p>\n<p>&nbsp;<\/p>\n<ul>\n<li>Fabricado en l\u00e1mina calibre 22 rolado en fr\u00edo.<\/li>\n<li>Cuatro tacones en escuadra troqueladas fabricados el l\u00e1mina calibre 16.<\/li>\n<li>Tapa superior fabricada en l\u00e1mina calibre 22 rolado en fr\u00edo.<\/li>\n<li>Sistema de cierre general con chapa de seguridad.<\/li>\n<li>Cinco espacios, dos puertas con jaladera de barra de acero terminado en n\u00edquel satinado.<\/li>\n<li>Terminado en pintura con aplicaci\u00f3n electrost\u00e1tica en f\u00f3rmula h\u00edbrido horneado a 190\u00b0.<\/li>\n<\/ul>\n<p>&nbsp;<\/p>\n<p>&nbsp;<\/p>\n<p><strong>Modelo:\u00a0<\/strong>GM-9145<br \/>\n<strong>Marca:<\/strong> PM<br \/>\n<strong>Color:<\/strong> Negro<br \/>\n<strong>Cve:\u00a0<\/strong>OF 022<\/p>\n","protected":false},"excerpt":{"rendered":"<p>Ideal para escuelas.<\/p>\n","protected":false},"featured_media":12737,"comment_status":"open","ping_status":"closed","template":"","meta":{"_joinchat":[]},"product_brand":[7876],"product_cat":[5582,5581,8],"product_tag":[7900,507],"class_list":{"0":"post-545","1":"product","2":"type-product","3":"status-publish","4":"has-post-thumbnail","6":"product_brand-pm","7":"product_cat-gabinetes-gabinetes-y-lockers","8":"product_cat-gabinetes-y-lockers","9":"product_cat-muebles","10":"product_tag-cotizar","11":"product_tag-gabinete","13":"first","14":"instock","15":"shipping-taxable","16":"product-type-simple"},"post_mailing_queue_ids":[],"_links":{"self":[{"href":"https:\/\/laesfera.com.mx\/page\/wp-json\/wp\/v2\/product\/545","targetHints":{"allow":["GET"]}}],"collection":[{"href":"https:\/\/laesfera.com.mx\/page\/wp-json\/wp\/v2\/product"}],"about":[{"href":"https:\/\/laesfera.com.mx\/page\/wp-json\/wp\/v2\/types\/product"}],"replies":[{"embeddable":true,"href":"https:\/\/laesfera.com.mx\/page\/wp-json\/wp\/v2\/comments?post=545"}],"wp:featuredmedia":[{"embeddable":true,"href":"https:\/\/laesfera.com.mx\/page\/wp-json\/wp\/v2\/media\/12737"}],"wp:attachment":[{"href":"https:\/\/laesfera.com.mx\/page\/wp-json\/wp\/v2\/media?parent=545"}],"wp:term":[{"taxonomy":"product_brand","embeddable":true,"href":"https:\/\/laesfera.com.mx\/page\/wp-json\/wp\/v2\/product_brand?post=545"},{"taxonomy":"product_cat","embeddable":true,"href":"https:\/\/laesfera.com.mx\/page\/wp-json\/wp\/v2\/product_cat?post=545"},{"taxonomy":"product_tag","embeddable":true,"href":"https:\/\/laesfera.com.mx\/page\/wp-json\/wp\/v2\/product_tag?post=545"}],"curies":[{"name":"wp","href":"https:\/\/api.w.org\/{rel}","templated":true}]}}