{"id":533,"date":"2017-03-17T19:43:17","date_gmt":"2017-03-18T01:43:17","guid":{"rendered":"http:\/\/laesfera.com.mx\/page\/?post_type=product&#038;p=533"},"modified":"2025-11-11T14:37:39","modified_gmt":"2025-11-11T18:37:39","slug":"archivero-pm-3-gavetas-negro-9165","status":"publish","type":"product","link":"https:\/\/laesfera.com.mx\/page\/tienda\/archivero-pm-3-gavetas-negro-9165\/","title":{"rendered":"Archivero vertical met\u00e1lico 3 gavetas oficio PM A-9165 negro"},"content":{"rendered":"<h4><span class=\"selectable-text copyable-text xkrh14z\" style=\"color: #000000;\">Archivero vertical met\u00e1lico 3 gavetas oficio PM A-9165 negro<\/span><\/h4>\n<p>&nbsp;<\/p>\n<div><span style=\"color: #000000;\">Dise\u00f1os inspirados en la vida diaria, en lo cotidiano. La perfecci\u00f3n no tiene l\u00edmites. Haz de cada rinc\u00f3n, un sitio confortable y ll\u00e9nalo de dise\u00f1o, para mantenerte inspirado.<\/span><\/div>\n<div><\/div>\n<form id=\"product_form_3924754956352\" class=\"product-form product-form-product-template \" accept-charset=\"UTF-8\" action=\"https:\/\/pmlapiedad.myshopify.com\/cart\/add\" enctype=\"multipart\/form-data\" method=\"post\" novalidate=\"novalidate\">\n<div class=\"selector-wrapper js product-form__item\"><\/div>\n<div><\/div>\n<\/form>\n<p>&nbsp;<\/p>\n<p class=\"selectable-text copyable-text x15bjb6t x1n2onr6\"><span style=\"color: #000000;\"><strong><span class=\"selectable-text copyable-text xkrh14z\">Cuerpo:<\/span><\/strong><\/span><\/p>\n<p>&nbsp;<\/p>\n<p class=\"selectable-text copyable-text x15bjb6t x1n2onr6\"><span style=\"color: #000000;\"><span class=\"selectable-text copyable-text xkrh14z\">L\u00e1mina de acero calibre 24.<br \/>\n<\/span><span class=\"selectable-text copyable-text xkrh14z\">Tapa o cubierta superior en lamina de acero calibre 22.<br \/>\n<\/span><span class=\"selectable-text copyable-text xkrh14z\">L\u00e1mina terminada en pintura con aplicaci\u00f3n electrost\u00e1tica.<br \/>\n<\/span><span class=\"selectable-text copyable-text xkrh14z\"><strong>Ensamble:<\/strong> Fijo.<br \/>\n<\/span><strong><span class=\"selectable-text copyable-text xkrh14z\">Tama\u00f1o: carta \/ oficio.<br \/>\n<\/span><\/strong><span class=\"selectable-text copyable-text xkrh14z\"><strong>Capacidad de carga:<\/strong> 35 kg por cada gaveta.<br \/>\n<\/span><span class=\"selectable-text copyable-text xkrh14z\"><strong>Jaladera:<\/strong> Embutida.<br \/>\n<\/span><span class=\"selectable-text copyable-text xkrh14z\"><strong>Seguridad:<\/strong> Chapa de seguridad general.<\/span><\/span><\/p>\n<p>&nbsp;<\/p>\n<p class=\"selectable-text copyable-text x15bjb6t x1n2onr6\"><span style=\"color: #000000;\"><strong><span class=\"selectable-text copyable-text xkrh14z\">Dimensiones:<\/span><\/strong><\/span><\/p>\n<p class=\"selectable-text copyable-text x15bjb6t x1n2onr6\"><span style=\"color: #000000;\"><span class=\"selectable-text copyable-text xkrh14z\"><strong>Alto:<\/strong> 104.5 cm.<br \/>\n<\/span><span class=\"selectable-text copyable-text xkrh14z\"><strong>Frente:<\/strong> 46.5 cm.<br \/>\n<\/span><span class=\"selectable-text copyable-text xkrh14z\"><strong>Profundidad:<\/strong> 64 cm.<\/span><\/span><\/p>\n<p>&nbsp;<\/p>\n<p class=\"selectable-text copyable-text x15bjb6t x1n2onr6\"><span style=\"color: #000000;\"><span class=\"selectable-text copyable-text xkrh14z\"><strong>Marca:<\/strong> PM.<br \/>\n<\/span><span class=\"selectable-text copyable-text xkrh14z\"><strong>Modelo:<\/strong> A-9165.<br \/>\n<\/span><span class=\"selectable-text copyable-text xkrh14z\"><strong>Color:<\/strong> Negro.<br \/>\n<\/span><span class=\"selectable-text copyable-text xkrh14z\"><strong>Cve:<\/strong> OF 020 N<\/span><\/span><\/p>\n","protected":false},"excerpt":{"rendered":"<p>Ideal para documentos.<\/p>\n","protected":false},"featured_media":19075,"comment_status":"open","ping_status":"closed","template":"","meta":{"_joinchat":[]},"product_brand":[7876],"product_cat":[74,8],"product_tag":[7552,7900],"class_list":{"0":"post-533","1":"product","2":"type-product","3":"status-publish","4":"has-post-thumbnail","6":"product_brand-pm","7":"product_cat-archiveros","8":"product_cat-muebles","9":"product_tag-archivero","10":"product_tag-cotizar","12":"first","13":"outofstock","14":"shipping-taxable","15":"product-type-simple"},"post_mailing_queue_ids":[],"_links":{"self":[{"href":"https:\/\/laesfera.com.mx\/page\/wp-json\/wp\/v2\/product\/533","targetHints":{"allow":["GET"]}}],"collection":[{"href":"https:\/\/laesfera.com.mx\/page\/wp-json\/wp\/v2\/product"}],"about":[{"href":"https:\/\/laesfera.com.mx\/page\/wp-json\/wp\/v2\/types\/product"}],"replies":[{"embeddable":true,"href":"https:\/\/laesfera.com.mx\/page\/wp-json\/wp\/v2\/comments?post=533"}],"wp:featuredmedia":[{"embeddable":true,"href":"https:\/\/laesfera.com.mx\/page\/wp-json\/wp\/v2\/media\/19075"}],"wp:attachment":[{"href":"https:\/\/laesfera.com.mx\/page\/wp-json\/wp\/v2\/media?parent=533"}],"wp:term":[{"taxonomy":"product_brand","embeddable":true,"href":"https:\/\/laesfera.com.mx\/page\/wp-json\/wp\/v2\/product_brand?post=533"},{"taxonomy":"product_cat","embeddable":true,"href":"https:\/\/laesfera.com.mx\/page\/wp-json\/wp\/v2\/product_cat?post=533"},{"taxonomy":"product_tag","embeddable":true,"href":"https:\/\/laesfera.com.mx\/page\/wp-json\/wp\/v2\/product_tag?post=533"}],"curies":[{"name":"wp","href":"https:\/\/api.w.org\/{rel}","templated":true}]}}