{"id":526,"date":"2017-03-17T19:34:37","date_gmt":"2017-03-18T01:34:37","guid":{"rendered":"http:\/\/laesfera.com.mx\/page\/?post_type=product&#038;p=526"},"modified":"2025-11-07T15:27:10","modified_gmt":"2025-11-07T19:27:10","slug":"archivero4gav-9164-arena","status":"publish","type":"product","link":"https:\/\/laesfera.com.mx\/page\/tienda\/archivero4gav-9164-arena\/","title":{"rendered":"Archivero vertical met\u00e1lico 4 gavetas oficio PM A-9164 arena"},"content":{"rendered":"<h4><span style=\"color: #000000;\"><strong><span class=\"selectable-text copyable-text xkrh14z\">Archivero vertical met\u00e1lico 4 gavetas oficio PM A-9164 arena<\/span><\/strong><\/span><\/h4>\n<p>&nbsp;<\/p>\n<p class=\"selectable-text copyable-text x15bjb6t x1n2onr6\"><span class=\"selectable-text copyable-text xkrh14z\" style=\"color: #000000;\">Dise\u00f1o inspirado en la vida diaria, en lo cotidiano. La perfecci\u00f3n no tiene l\u00edmites. Haz de cada rinc\u00f3n, un sitio confortable y ll\u00e9nalo de dise\u00f1o, para mantenerte inspirado.<\/span><\/p>\n<p>&nbsp;<\/p>\n<p class=\"selectable-text copyable-text x15bjb6t x1n2onr6\"><span style=\"color: #000000;\"><strong><span class=\"selectable-text copyable-text xkrh14z\">Cuerpo:<\/span><\/strong><\/span><\/p>\n<p class=\"selectable-text copyable-text x15bjb6t x1n2onr6\"><span style=\"color: #000000;\"><span class=\"selectable-text copyable-text xkrh14z\">L\u00e1mina de acero calibre 24.<br \/>\n<\/span><span class=\"selectable-text copyable-text xkrh14z\">Tapa o cubierta superior en lamina de acero calibre 22.<br \/>\n<\/span><span class=\"selectable-text copyable-text xkrh14z\">L\u00e1mina terminada en pintura con aplicaci\u00f3n electrost\u00e1tica.<\/span><\/span><\/p>\n<p>&nbsp;<\/p>\n<p class=\"selectable-text copyable-text x15bjb6t x1n2onr6\"><span style=\"color: #000000;\"><span class=\"selectable-text copyable-text xkrh14z\"><strong>Ensamble:<\/strong> Fijo.<br \/>\n<\/span><span class=\"selectable-text copyable-text xkrh14z\"><strong>Documentos:<\/strong> Tama\u00f1o carta \/ oficio.<br \/>\n<\/span><span class=\"selectable-text copyable-text xkrh14z\"><strong>Capacidad de carga:<\/strong> 35 kg por cada gaveta.<br \/>\n<\/span><span class=\"selectable-text copyable-text xkrh14z\"><strong>Jaladera:<\/strong> Embutida.<br \/>\n<\/span><span class=\"selectable-text copyable-text xkrh14z\"><strong>Seguridad:<\/strong> Chapa de seguridad general.<\/span><\/span><\/p>\n<p>&nbsp;<\/p>\n<p class=\"selectable-text copyable-text x15bjb6t x1n2onr6\"><span style=\"color: #000000;\"><strong><span class=\"selectable-text copyable-text xkrh14z\">Dimensiones:<\/span><\/strong><\/span><\/p>\n<p>&nbsp;<\/p>\n<p class=\"selectable-text copyable-text x15bjb6t x1n2onr6\"><span style=\"color: #000000;\"><span class=\"selectable-text copyable-text xkrh14z\"><strong>Alto:<\/strong> 133 cm.<br \/>\n<\/span><span class=\"selectable-text copyable-text xkrh14z\"><strong>Frente:<\/strong> 46.5 cm.<br \/>\n<\/span><span class=\"selectable-text copyable-text xkrh14z\"><strong>Profundidad:<\/strong> 64 cm.<\/span><\/span><\/p>\n<p>&nbsp;<\/p>\n<p>&nbsp;<\/p>\n<p class=\"selectable-text copyable-text x15bjb6t x1n2onr6\"><span style=\"color: #000000;\"><span class=\"selectable-text copyable-text xkrh14z\"><strong>Marca:<\/strong> PM.<br \/>\n<\/span><span class=\"selectable-text copyable-text xkrh14z\"><strong>Modelo:<\/strong> A-9164.<br \/>\n<\/span><span class=\"selectable-text copyable-text xkrh14z\"><strong>Color:<\/strong> Arena.<br \/>\n<\/span><strong>Cve:<\/strong>\u00a0OF 021<\/span><span style=\"font-family: Verdana,Arial,Helvetica,sans-serif;\"><br \/>\n<\/span><\/p>\n","protected":false},"excerpt":{"rendered":"<p>Ideal para documentos.<\/p>\n","protected":false},"featured_media":21051,"comment_status":"open","ping_status":"closed","template":"","meta":{"_joinchat":[]},"product_brand":[7876],"product_cat":[74,8],"product_tag":[7552,7900],"class_list":{"0":"post-526","1":"product","2":"type-product","3":"status-publish","4":"has-post-thumbnail","6":"product_brand-pm","7":"product_cat-archiveros","8":"product_cat-muebles","9":"product_tag-archivero","10":"product_tag-cotizar","12":"first","13":"instock","14":"shipping-taxable","15":"product-type-simple"},"post_mailing_queue_ids":[],"_links":{"self":[{"href":"https:\/\/laesfera.com.mx\/page\/wp-json\/wp\/v2\/product\/526","targetHints":{"allow":["GET"]}}],"collection":[{"href":"https:\/\/laesfera.com.mx\/page\/wp-json\/wp\/v2\/product"}],"about":[{"href":"https:\/\/laesfera.com.mx\/page\/wp-json\/wp\/v2\/types\/product"}],"replies":[{"embeddable":true,"href":"https:\/\/laesfera.com.mx\/page\/wp-json\/wp\/v2\/comments?post=526"}],"wp:featuredmedia":[{"embeddable":true,"href":"https:\/\/laesfera.com.mx\/page\/wp-json\/wp\/v2\/media\/21051"}],"wp:attachment":[{"href":"https:\/\/laesfera.com.mx\/page\/wp-json\/wp\/v2\/media?parent=526"}],"wp:term":[{"taxonomy":"product_brand","embeddable":true,"href":"https:\/\/laesfera.com.mx\/page\/wp-json\/wp\/v2\/product_brand?post=526"},{"taxonomy":"product_cat","embeddable":true,"href":"https:\/\/laesfera.com.mx\/page\/wp-json\/wp\/v2\/product_cat?post=526"},{"taxonomy":"product_tag","embeddable":true,"href":"https:\/\/laesfera.com.mx\/page\/wp-json\/wp\/v2\/product_tag?post=526"}],"curies":[{"name":"wp","href":"https:\/\/api.w.org\/{rel}","templated":true}]}}