{"id":4385,"date":"2017-05-26T11:47:54","date_gmt":"2017-05-26T17:47:54","guid":{"rendered":"http:\/\/laesfera.com.mx\/page\/producto\/sello-shiny-handy-stamp-mod-s-q32\/"},"modified":"2025-07-14T15:34:14","modified_gmt":"2025-07-14T19:34:14","slug":"sello-shiny-handy-stamp-mod-s-q32","status":"publish","type":"product","link":"https:\/\/laesfera.com.mx\/page\/tienda\/sello-shiny-handy-stamp-mod-s-q32\/","title":{"rendered":"Sello Shiny handy stamp mod. S-Q32"},"content":{"rendered":"<p><strong>Sello Shiny handy stamp mod. S-Q32<\/strong><\/p>\n<p>&nbsp;<\/p>\n<p>Sello auto entintable.<\/p>\n<p>Mecanismos \u00fanicos dise\u00f1an para las operaciones que se pueden hacer f\u00e1cilmente con una mano.<\/p>\n<p>Perfecto para llevar.<\/p>\n<p>Pueden ser personalizados con toda la informaci\u00f3n o datos que desee incluyendo el logotipo de su empresa.<\/p>\n<p><strong>Medidas<\/strong><strong>: <\/strong>32 x 32 mm (1-1\/4&#8243; x 1-1\/4&#8243;).<\/p>\n<p><strong>Color: <\/strong>Negro, Azul, Amarillo,\u00a0 Rojo.<\/p>\n<p><strong>Almohadilla:<\/strong> S-Q32-7<\/p>\n<p>&nbsp;<\/p>\n<p>&nbsp;<\/p>\n<p><strong>Modelo:<\/strong> S-Q32<br \/>\n<strong>Marca:<\/strong> Shiny<br \/>\n<strong>Cve:\u00a0<\/strong>4710850025899<\/p>\n","protected":false},"excerpt":{"rendered":"<p>Sello shiny 32&#215;32 mm.<\/p>\n","protected":false},"featured_media":4386,"comment_status":"open","ping_status":"closed","template":"","meta":{"_joinchat":[]},"product_brand":[7852],"product_cat":[3177,9,5429],"product_tag":[4119],"class_list":{"0":"post-4385","1":"product","2":"type-product","3":"status-publish","4":"has-post-thumbnail","6":"product_brand-shiny","7":"product_cat-cojines-sellos-y-tintas","8":"product_cat-oficina","9":"product_cat-sellos","10":"product_tag-sello","12":"first","13":"outofstock","14":"shipping-taxable","15":"purchasable","16":"product-type-simple"},"post_mailing_queue_ids":[],"_links":{"self":[{"href":"https:\/\/laesfera.com.mx\/page\/wp-json\/wp\/v2\/product\/4385","targetHints":{"allow":["GET"]}}],"collection":[{"href":"https:\/\/laesfera.com.mx\/page\/wp-json\/wp\/v2\/product"}],"about":[{"href":"https:\/\/laesfera.com.mx\/page\/wp-json\/wp\/v2\/types\/product"}],"replies":[{"embeddable":true,"href":"https:\/\/laesfera.com.mx\/page\/wp-json\/wp\/v2\/comments?post=4385"}],"wp:featuredmedia":[{"embeddable":true,"href":"https:\/\/laesfera.com.mx\/page\/wp-json\/wp\/v2\/media\/4386"}],"wp:attachment":[{"href":"https:\/\/laesfera.com.mx\/page\/wp-json\/wp\/v2\/media?parent=4385"}],"wp:term":[{"taxonomy":"product_brand","embeddable":true,"href":"https:\/\/laesfera.com.mx\/page\/wp-json\/wp\/v2\/product_brand?post=4385"},{"taxonomy":"product_cat","embeddable":true,"href":"https:\/\/laesfera.com.mx\/page\/wp-json\/wp\/v2\/product_cat?post=4385"},{"taxonomy":"product_tag","embeddable":true,"href":"https:\/\/laesfera.com.mx\/page\/wp-json\/wp\/v2\/product_tag?post=4385"}],"curies":[{"name":"wp","href":"https:\/\/api.w.org\/{rel}","templated":true}]}}