{"id":4380,"date":"2017-05-26T11:07:56","date_gmt":"2017-05-26T17:07:56","guid":{"rendered":"http:\/\/laesfera.com.mx\/page\/producto\/sello-shiny-handy-stamp-mod-s-723n\/"},"modified":"2025-05-22T13:04:41","modified_gmt":"2025-05-22T17:04:41","slug":"sello-shiny-handy-stamp-mod-s-723n","status":"publish","type":"product","link":"https:\/\/laesfera.com.mx\/page\/tienda\/sello-shiny-handy-stamp-mod-s-723n\/","title":{"rendered":"Sello Shiny handy stamp mod. S-723N"},"content":{"rendered":"<p><strong>Sello Shiny handy stamp mod. S-723N<\/strong><\/p>\n<p>&nbsp;<\/p>\n<p>Sello autoentintable.<\/p>\n<p>Mecanismos \u00fanicos dise\u00f1an para las operaciones que se pueden hacer f\u00e1cilmente con una mano.<\/p>\n<p>1\/4 de tama\u00f1o de un sello com\u00fan.<\/p>\n<p>Perfecto para llevar.<\/p>\n<p>&nbsp;<\/p>\n<p>&nbsp;<\/p>\n<p><strong>Modelo:<\/strong> S-723N<br \/>\n<strong>Marca:<\/strong> Shiny<br \/>\n<strong>Medidas<\/strong><strong>: <\/strong>47 x 18 mm (3\/4&#8243; x 1-7\/8&#8243;).<br \/>\n<strong>Color: <\/strong>Blanco, Negro, Azul, Fucsia, Rosa Claro, Verde, Violeta, Rojo Transparente, Violeta Transparente, Azul Transparente, Plateado, Dorado.<br \/>\n<strong>Almohadilla:<\/strong> S-723-7<br \/>\n<strong>Cve:\u00a0<\/strong>4710850072398<\/p>\n","protected":false},"excerpt":{"rendered":"<p>Sello shiny 47&#215;18 mm.<\/p>\n","protected":false},"featured_media":18950,"comment_status":"open","ping_status":"closed","template":"","meta":{"_joinchat":[]},"product_brand":[7852],"product_cat":[3177,9,5429],"product_tag":[4119],"class_list":{"0":"post-4380","1":"product","2":"type-product","3":"status-publish","4":"has-post-thumbnail","6":"product_brand-shiny","7":"product_cat-cojines-sellos-y-tintas","8":"product_cat-oficina","9":"product_cat-sellos","10":"product_tag-sello","12":"first","13":"outofstock","14":"shipping-taxable","15":"purchasable","16":"product-type-simple"},"post_mailing_queue_ids":[],"_links":{"self":[{"href":"https:\/\/laesfera.com.mx\/page\/wp-json\/wp\/v2\/product\/4380","targetHints":{"allow":["GET"]}}],"collection":[{"href":"https:\/\/laesfera.com.mx\/page\/wp-json\/wp\/v2\/product"}],"about":[{"href":"https:\/\/laesfera.com.mx\/page\/wp-json\/wp\/v2\/types\/product"}],"replies":[{"embeddable":true,"href":"https:\/\/laesfera.com.mx\/page\/wp-json\/wp\/v2\/comments?post=4380"}],"wp:featuredmedia":[{"embeddable":true,"href":"https:\/\/laesfera.com.mx\/page\/wp-json\/wp\/v2\/media\/18950"}],"wp:attachment":[{"href":"https:\/\/laesfera.com.mx\/page\/wp-json\/wp\/v2\/media?parent=4380"}],"wp:term":[{"taxonomy":"product_brand","embeddable":true,"href":"https:\/\/laesfera.com.mx\/page\/wp-json\/wp\/v2\/product_brand?post=4380"},{"taxonomy":"product_cat","embeddable":true,"href":"https:\/\/laesfera.com.mx\/page\/wp-json\/wp\/v2\/product_cat?post=4380"},{"taxonomy":"product_tag","embeddable":true,"href":"https:\/\/laesfera.com.mx\/page\/wp-json\/wp\/v2\/product_tag?post=4380"}],"curies":[{"name":"wp","href":"https:\/\/api.w.org\/{rel}","templated":true}]}}