{"id":3837,"date":"2017-05-17T10:12:21","date_gmt":"2017-05-17T16:12:21","guid":{"rendered":"http:\/\/laesfera.com.mx\/page\/producto\/caja-archivo-carta-myc\/"},"modified":"2025-07-18T13:53:00","modified_gmt":"2025-07-18T17:53:00","slug":"caja-archivo-carta-myc","status":"publish","type":"product","link":"https:\/\/laesfera.com.mx\/page\/tienda\/caja-archivo-carta-myc\/","title":{"rendered":"Caja para archivo muerto de pl\u00e1stico tama\u00f1o carta MYC"},"content":{"rendered":"<p><strong>Caja para archivo muerto de pl\u00e1stico tama\u00f1o carta MYC<\/strong><\/p>\n<p>Caja de archivo mixto.<br \/>\nLigera.<br \/>\nImpermeable.<br \/>\nApilable.<br \/>\nF\u00e1cil de armar.<br \/>\nCon el tama\u00f1o adecuado para el guardado de documentaci\u00f3n.<\/p>\n<p><strong>Medidas<br \/>\n<\/strong><\/p>\n<ul>\n<li><strong>Largo:\u00a0<\/strong>38 cm.<\/li>\n<li><strong>Ancho:\u00a0<\/strong>31 cm.<\/li>\n<li><strong>Altura:\u00a0<\/strong>26 cm.<\/li>\n<\/ul>\n<p>&nbsp;<\/p>\n<p><strong>Marca:<\/strong> MYC<br \/>\n<strong>Modelo: <\/strong>Carta<strong><br \/>\nColor: <\/strong>Blanco<strong><br \/>\nCve:<\/strong> 7501693012380<\/p>\n","protected":false},"excerpt":{"rendered":"<p>Caja pl\u00e1stica para archivo T\/C.<\/p>\n","protected":false},"featured_media":16586,"comment_status":"open","ping_status":"closed","template":"","meta":{"_joinchat":[]},"product_brand":[7872],"product_cat":[5520,5415,9],"product_tag":[3608,7900],"class_list":{"0":"post-3837","1":"product","2":"type-product","3":"status-publish","4":"has-post-thumbnail","6":"product_brand-myc","7":"product_cat-cajas-para-archivo","8":"product_cat-organizacion","9":"product_cat-oficina","10":"product_tag-caja-para-archivo","11":"product_tag-cotizar","13":"first","14":"instock","15":"shipping-taxable","16":"product-type-simple"},"post_mailing_queue_ids":[],"_links":{"self":[{"href":"https:\/\/laesfera.com.mx\/page\/wp-json\/wp\/v2\/product\/3837","targetHints":{"allow":["GET"]}}],"collection":[{"href":"https:\/\/laesfera.com.mx\/page\/wp-json\/wp\/v2\/product"}],"about":[{"href":"https:\/\/laesfera.com.mx\/page\/wp-json\/wp\/v2\/types\/product"}],"replies":[{"embeddable":true,"href":"https:\/\/laesfera.com.mx\/page\/wp-json\/wp\/v2\/comments?post=3837"}],"wp:featuredmedia":[{"embeddable":true,"href":"https:\/\/laesfera.com.mx\/page\/wp-json\/wp\/v2\/media\/16586"}],"wp:attachment":[{"href":"https:\/\/laesfera.com.mx\/page\/wp-json\/wp\/v2\/media?parent=3837"}],"wp:term":[{"taxonomy":"product_brand","embeddable":true,"href":"https:\/\/laesfera.com.mx\/page\/wp-json\/wp\/v2\/product_brand?post=3837"},{"taxonomy":"product_cat","embeddable":true,"href":"https:\/\/laesfera.com.mx\/page\/wp-json\/wp\/v2\/product_cat?post=3837"},{"taxonomy":"product_tag","embeddable":true,"href":"https:\/\/laesfera.com.mx\/page\/wp-json\/wp\/v2\/product_tag?post=3837"}],"curies":[{"name":"wp","href":"https:\/\/api.w.org\/{rel}","templated":true}]}}