{"id":3593,"date":"2017-05-11T15:59:02","date_gmt":"2017-05-11T21:59:02","guid":{"rendered":"http:\/\/laesfera.com.mx\/page\/?post_type=product&#038;p=3593"},"modified":"2025-07-18T14:01:25","modified_gmt":"2025-07-18T18:01:25","slug":"silla-apilable-1-polipropileno-sp-cme","status":"publish","type":"product","link":"https:\/\/laesfera.com.mx\/page\/tienda\/silla-apilable-1-polipropileno-sp-cme\/","title":{"rendered":"Silla apilable 1&#8243; polipropileno sin parrilla"},"content":{"rendered":"<p><strong>Silla apilable 1&#8243; polipropileno sin parrilla.<\/strong><\/p>\n<p>&nbsp;<\/p>\n<p style=\"text-align: justify\">Est\u00e1 silla apilable tiene como caracter\u00edstica el asiento y el respaldo en una concha de pl\u00e1stico polipropileno que cuenta con m\u00faltiples nervaduras para proporcionar una mayor durabilidad.<\/p>\n<p style=\"text-align: justify\">La estructura es resistencia ya que esta fabricada con tubo de acero redondo de 1&#8243; en calibre 18.<\/p>\n<p style=\"text-align: justify\">Con un acabado pintado en negro con pintura horneada.<\/p>\n<p>&nbsp;<\/p>\n<p>&nbsp;<\/p>\n<p style=\"text-align: justify\"><strong>Marca:<\/strong> Mobiesco<br \/>\n<strong>Modelo:<\/strong> CME<br \/>\n<strong>Color:<\/strong> Azul, Rojo, Negro.<br \/>\n<strong>Cve:\u00a0<\/strong>MB 001<\/p>\n","protected":false},"excerpt":{"rendered":"<p>Ideal para primaria.<\/p>\n","protected":false},"featured_media":7839,"comment_status":"open","ping_status":"closed","template":"","meta":{"_joinchat":[]},"product_brand":[7888],"product_cat":[251,8,349,79,5395],"product_tag":[7900,3364],"class_list":{"0":"post-3593","1":"product","2":"type-product","3":"status-publish","4":"has-post-thumbnail","6":"product_brand-mobiesco","7":"product_cat-mobiliarioescolar","8":"product_cat-muebles","9":"product_cat-sillas-mobiliarioescolar","10":"product_cat-sillas","11":"product_cat-sillas-escolares","12":"product_tag-cotizar","13":"product_tag-silla-apilable","15":"first","16":"instock","17":"shipping-taxable","18":"product-type-simple"},"post_mailing_queue_ids":[],"_links":{"self":[{"href":"https:\/\/laesfera.com.mx\/page\/wp-json\/wp\/v2\/product\/3593","targetHints":{"allow":["GET"]}}],"collection":[{"href":"https:\/\/laesfera.com.mx\/page\/wp-json\/wp\/v2\/product"}],"about":[{"href":"https:\/\/laesfera.com.mx\/page\/wp-json\/wp\/v2\/types\/product"}],"replies":[{"embeddable":true,"href":"https:\/\/laesfera.com.mx\/page\/wp-json\/wp\/v2\/comments?post=3593"}],"wp:featuredmedia":[{"embeddable":true,"href":"https:\/\/laesfera.com.mx\/page\/wp-json\/wp\/v2\/media\/7839"}],"wp:attachment":[{"href":"https:\/\/laesfera.com.mx\/page\/wp-json\/wp\/v2\/media?parent=3593"}],"wp:term":[{"taxonomy":"product_brand","embeddable":true,"href":"https:\/\/laesfera.com.mx\/page\/wp-json\/wp\/v2\/product_brand?post=3593"},{"taxonomy":"product_cat","embeddable":true,"href":"https:\/\/laesfera.com.mx\/page\/wp-json\/wp\/v2\/product_cat?post=3593"},{"taxonomy":"product_tag","embeddable":true,"href":"https:\/\/laesfera.com.mx\/page\/wp-json\/wp\/v2\/product_tag?post=3593"}],"curies":[{"name":"wp","href":"https:\/\/api.w.org\/{rel}","templated":true}]}}