{"id":3365,"date":"2017-05-09T11:39:04","date_gmt":"2017-05-09T17:39:04","guid":{"rendered":"http:\/\/laesfera.com.mx\/page\/producto\/tinta-negra-azor-mod-rolaplica\/"},"modified":"2025-10-10T19:56:28","modified_gmt":"2025-10-10T23:56:28","slug":"tinta-negra-azor-mod-rolaplica","status":"publish","type":"product","link":"https:\/\/laesfera.com.mx\/page\/tienda\/tinta-negra-azor-mod-rolaplica\/","title":{"rendered":"Tinta Rolaplica Negra Azor 587NE"},"content":{"rendered":"<p><strong>Tinta Rolaplica negra Azor mod. 587NE<\/strong><\/p>\n<p>&nbsp;<\/p>\n<p>Aplicador de tinta para sellos de secado r\u00e1pido.<br \/>\nNovedoso dise\u00f1o con sistema Roll-On para su f\u00e1cil aplicaci\u00f3n.<br \/>\nEvita escurrimientos.<br \/>\nPermite mayor rendimiento de la tinta.<br \/>\nPermanente en materiales como: papel, cart\u00f3n, tela, madera y cualquier superficie porosa.<br \/>\nIdeal para reentintar coj\u00ednes para sellos.<\/p>\n<p>&nbsp;<\/p>\n<p>&nbsp;<\/p>\n<p><strong>Modelo:<\/strong> 587NE<br \/>\n<strong>Marca:<\/strong> Azor<br \/>\n<span id=\"ctl00_ContentPlaceHolder1_lbl_caracteristica\"><strong>Contenido:<\/strong> 60 ml.<\/span><br \/>\n<strong>Color:<\/strong> Negro<br \/>\n<strong>Cve:\u00a0<\/strong>7501428700495<\/p>\n","protected":false},"excerpt":{"rendered":"<p>Tinta p\/sello Roll-On 60ml negro.<\/p>\n","protected":false},"featured_media":16340,"comment_status":"open","ping_status":"closed","template":"","meta":{"_joinchat":[]},"product_brand":[7848],"product_cat":[3177,9,5430],"product_tag":[2470],"class_list":{"0":"post-3365","1":"product","2":"type-product","3":"status-publish","4":"has-post-thumbnail","6":"product_brand-azor","7":"product_cat-cojines-sellos-y-tintas","8":"product_cat-oficina","9":"product_cat-tintas","10":"product_tag-tinta","12":"first","13":"instock","14":"shipping-taxable","15":"purchasable","16":"product-type-simple"},"post_mailing_queue_ids":[],"_links":{"self":[{"href":"https:\/\/laesfera.com.mx\/page\/wp-json\/wp\/v2\/product\/3365","targetHints":{"allow":["GET"]}}],"collection":[{"href":"https:\/\/laesfera.com.mx\/page\/wp-json\/wp\/v2\/product"}],"about":[{"href":"https:\/\/laesfera.com.mx\/page\/wp-json\/wp\/v2\/types\/product"}],"replies":[{"embeddable":true,"href":"https:\/\/laesfera.com.mx\/page\/wp-json\/wp\/v2\/comments?post=3365"}],"wp:featuredmedia":[{"embeddable":true,"href":"https:\/\/laesfera.com.mx\/page\/wp-json\/wp\/v2\/media\/16340"}],"wp:attachment":[{"href":"https:\/\/laesfera.com.mx\/page\/wp-json\/wp\/v2\/media?parent=3365"}],"wp:term":[{"taxonomy":"product_brand","embeddable":true,"href":"https:\/\/laesfera.com.mx\/page\/wp-json\/wp\/v2\/product_brand?post=3365"},{"taxonomy":"product_cat","embeddable":true,"href":"https:\/\/laesfera.com.mx\/page\/wp-json\/wp\/v2\/product_cat?post=3365"},{"taxonomy":"product_tag","embeddable":true,"href":"https:\/\/laesfera.com.mx\/page\/wp-json\/wp\/v2\/product_tag?post=3365"}],"curies":[{"name":"wp","href":"https:\/\/api.w.org\/{rel}","templated":true}]}}