{"id":3213,"date":"2017-05-04T10:45:29","date_gmt":"2017-05-04T16:45:29","guid":{"rendered":"http:\/\/laesfera.com.mx\/page\/producto\/tabla-con-clip-metalico-sablon-mod-2316hu\/"},"modified":"2025-04-03T15:50:00","modified_gmt":"2025-04-03T19:50:00","slug":"tabla-con-clip-metalico-sablon-mod-2316hu","status":"publish","type":"product","link":"https:\/\/laesfera.com.mx\/page\/tienda\/tabla-con-clip-metalico-sablon-mod-2316hu\/","title":{"rendered":"Tabla de acr\u00edlico con clip t\/carta 2316HU sabl\u00f3n"},"content":{"rendered":"<p><b>Tabla de acr\u00edlico con clip 2316HU sabl\u00f3n<\/b><\/p>\n<p>&nbsp;<\/p>\n<p><span class=\"a-list-item\">Tabla de apoyo.<br \/>\nTama\u00f1o carta.<br \/>\nCon resistente broche de metal.<\/span><\/p>\n<p>&nbsp;<\/p>\n<p>&nbsp;<\/p>\n<p><strong>Marca:<\/strong> Sablon<br \/>\n<strong>Modelo: <\/strong>2316HU<strong><br \/>\nColor:<\/strong> Humo<br \/>\n<strong>Cve:\u00a0<\/strong>7501434622316<\/p>\n","protected":false},"excerpt":{"rendered":"<p>Tabla de acr\u00edlico T\/Carta.<\/p>\n","protected":false},"featured_media":20136,"comment_status":"open","ping_status":"closed","template":"","meta":{"_joinchat":[]},"product_brand":[7785],"product_cat":[5415,9,3170],"product_tag":[3017],"class_list":{"0":"post-3213","1":"product","2":"type-product","3":"status-publish","4":"has-post-thumbnail","6":"product_brand-sablon","7":"product_cat-organizacion","8":"product_cat-oficina","9":"product_cat-tablas-de-escritura","10":"product_tag-tabla","12":"first","13":"instock","14":"shipping-taxable","15":"purchasable","16":"product-type-simple"},"post_mailing_queue_ids":[],"_links":{"self":[{"href":"https:\/\/laesfera.com.mx\/page\/wp-json\/wp\/v2\/product\/3213","targetHints":{"allow":["GET"]}}],"collection":[{"href":"https:\/\/laesfera.com.mx\/page\/wp-json\/wp\/v2\/product"}],"about":[{"href":"https:\/\/laesfera.com.mx\/page\/wp-json\/wp\/v2\/types\/product"}],"replies":[{"embeddable":true,"href":"https:\/\/laesfera.com.mx\/page\/wp-json\/wp\/v2\/comments?post=3213"}],"wp:featuredmedia":[{"embeddable":true,"href":"https:\/\/laesfera.com.mx\/page\/wp-json\/wp\/v2\/media\/20136"}],"wp:attachment":[{"href":"https:\/\/laesfera.com.mx\/page\/wp-json\/wp\/v2\/media?parent=3213"}],"wp:term":[{"taxonomy":"product_brand","embeddable":true,"href":"https:\/\/laesfera.com.mx\/page\/wp-json\/wp\/v2\/product_brand?post=3213"},{"taxonomy":"product_cat","embeddable":true,"href":"https:\/\/laesfera.com.mx\/page\/wp-json\/wp\/v2\/product_cat?post=3213"},{"taxonomy":"product_tag","embeddable":true,"href":"https:\/\/laesfera.com.mx\/page\/wp-json\/wp\/v2\/product_tag?post=3213"}],"curies":[{"name":"wp","href":"https:\/\/api.w.org\/{rel}","templated":true}]}}