{"id":2998,"date":"2017-04-28T17:24:15","date_gmt":"2017-04-28T23:24:15","guid":{"rendered":"http:\/\/laesfera.com.mx\/page\/?post_type=product&#038;p=2998"},"modified":"2025-07-14T15:43:04","modified_gmt":"2025-07-14T19:43:04","slug":"botella-de-tinta-negra-t774120-al-epson","status":"publish","type":"product","link":"https:\/\/laesfera.com.mx\/page\/tienda\/botella-de-tinta-negra-t774120-al-epson\/","title":{"rendered":"Botella de tinta negra T774120-AL Epson"},"content":{"rendered":"<p><strong>Botella de tinta negra T774120-AL Epson.<\/strong><\/p>\n<p>&nbsp;<\/p>\n<ul>\n<li style=\"text-align: justify\">N\u00famero de parte : T774120<\/li>\n<li style=\"text-align: justify\">Botella de tinta Epson de 140ml<\/li>\n<li style=\"text-align: justify\">Calidad de impresi\u00f3n garantizada con la tinta original Epson<\/li>\n<li style=\"text-align: justify\">Tinta de pigmento dise\u00f1ada con la m\u00e1s alta calidad para impresiones de secado instant\u00e1neo, documentos con resistencia a la decoloraci\u00f3n y el agua<\/li>\n<li style=\"text-align: justify\">Rendimiento por equipo 6000 p\u00e1ginas<\/li>\n<li style=\"text-align: justify\">Compatibilidad : &#8211; Epson WorkForce M105 &#8211; Epson WorkForce M205<\/li>\n<\/ul>\n<p>&nbsp;<\/p>\n<p>&nbsp;<\/p>\n<p><strong>Marca: <\/strong>Epson<strong><br \/>\n<\/strong><strong>Modelo: <\/strong>T774120-AL<strong><br \/>\nColor:\u00a0<\/strong>Negro<br \/>\n<strong>Cve:\u00a0<\/strong>010343905993<\/p>\n","protected":false},"excerpt":{"rendered":"<p>Contenido 140 ml.<\/p>\n","protected":false},"featured_media":16271,"comment_status":"open","ping_status":"closed","template":"","meta":{"_joinchat":[]},"product_brand":[7839],"product_cat":[5434,7,11,6108],"product_tag":[7636],"class_list":{"0":"post-2998","1":"product","2":"type-product","3":"status-publish","4":"has-post-thumbnail","6":"product_brand-epson","7":"product_cat-botellas-de-tinta","8":"product_cat-computo","9":"product_cat-consumibles","10":"product_cat-tintaepson","11":"product_tag-tinta-continua","13":"first","14":"instock","15":"shipping-taxable","16":"purchasable","17":"product-type-simple"},"post_mailing_queue_ids":[],"_links":{"self":[{"href":"https:\/\/laesfera.com.mx\/page\/wp-json\/wp\/v2\/product\/2998","targetHints":{"allow":["GET"]}}],"collection":[{"href":"https:\/\/laesfera.com.mx\/page\/wp-json\/wp\/v2\/product"}],"about":[{"href":"https:\/\/laesfera.com.mx\/page\/wp-json\/wp\/v2\/types\/product"}],"replies":[{"embeddable":true,"href":"https:\/\/laesfera.com.mx\/page\/wp-json\/wp\/v2\/comments?post=2998"}],"wp:featuredmedia":[{"embeddable":true,"href":"https:\/\/laesfera.com.mx\/page\/wp-json\/wp\/v2\/media\/16271"}],"wp:attachment":[{"href":"https:\/\/laesfera.com.mx\/page\/wp-json\/wp\/v2\/media?parent=2998"}],"wp:term":[{"taxonomy":"product_brand","embeddable":true,"href":"https:\/\/laesfera.com.mx\/page\/wp-json\/wp\/v2\/product_brand?post=2998"},{"taxonomy":"product_cat","embeddable":true,"href":"https:\/\/laesfera.com.mx\/page\/wp-json\/wp\/v2\/product_cat?post=2998"},{"taxonomy":"product_tag","embeddable":true,"href":"https:\/\/laesfera.com.mx\/page\/wp-json\/wp\/v2\/product_tag?post=2998"}],"curies":[{"name":"wp","href":"https:\/\/api.w.org\/{rel}","templated":true}]}}