{"id":2737,"date":"2017-04-26T11:46:44","date_gmt":"2017-04-26T17:46:44","guid":{"rendered":"http:\/\/laesfera.com.mx\/page\/?post_type=product&#038;p=2737"},"modified":"2025-05-21T16:01:30","modified_gmt":"2025-05-21T20:01:30","slug":"foliador-pegaso-mod-600f","status":"publish","type":"product","link":"https:\/\/laesfera.com.mx\/page\/tienda\/foliador-pegaso-mod-600f\/","title":{"rendered":"Foliador autom\u00e1tico Pegaso mod. 600F"},"content":{"rendered":"<p><strong>Foliador autom\u00e1tico Pegaso mod. 600F<\/strong><\/p>\n<p>&nbsp;<\/p>\n<p>Foliador fabricado en metal cromado.<br \/>\nEntintado autom\u00e1tico despu\u00e9s de cada impresi\u00f3n.<br \/>\n6 d\u00edgitos.<br \/>\nRepite 12 veces el mismo n\u00famero.<\/p>\n<p>&nbsp;<\/p>\n<p>&nbsp;<\/p>\n<p><strong>Marca:<\/strong> Pegaso<br \/>\n<strong>Modelo: <\/strong>600F<strong><br \/>\nColor:\u00a0<\/strong>Cromo<br \/>\n<strong>Cve: <\/strong>7501434602011<\/p>\n","protected":false},"excerpt":{"rendered":"<p>Foliador de 6 d\u00edgitos.<\/p>\n","protected":false},"featured_media":16675,"comment_status":"open","ping_status":"closed","template":"","meta":{"_joinchat":[]},"product_brand":[7739],"product_cat":[2277,5409,9],"product_tag":[2560],"class_list":{"0":"post-2737","1":"product","2":"type-product","3":"status-publish","4":"has-post-thumbnail","6":"product_brand-pegaso","7":"product_cat-foliadores","8":"product_cat-herramientas-de-oficina","9":"product_cat-oficina","10":"product_tag-foliador","12":"first","13":"instock","14":"shipping-taxable","15":"purchasable","16":"product-type-simple"},"post_mailing_queue_ids":[],"_links":{"self":[{"href":"https:\/\/laesfera.com.mx\/page\/wp-json\/wp\/v2\/product\/2737","targetHints":{"allow":["GET"]}}],"collection":[{"href":"https:\/\/laesfera.com.mx\/page\/wp-json\/wp\/v2\/product"}],"about":[{"href":"https:\/\/laesfera.com.mx\/page\/wp-json\/wp\/v2\/types\/product"}],"replies":[{"embeddable":true,"href":"https:\/\/laesfera.com.mx\/page\/wp-json\/wp\/v2\/comments?post=2737"}],"wp:featuredmedia":[{"embeddable":true,"href":"https:\/\/laesfera.com.mx\/page\/wp-json\/wp\/v2\/media\/16675"}],"wp:attachment":[{"href":"https:\/\/laesfera.com.mx\/page\/wp-json\/wp\/v2\/media?parent=2737"}],"wp:term":[{"taxonomy":"product_brand","embeddable":true,"href":"https:\/\/laesfera.com.mx\/page\/wp-json\/wp\/v2\/product_brand?post=2737"},{"taxonomy":"product_cat","embeddable":true,"href":"https:\/\/laesfera.com.mx\/page\/wp-json\/wp\/v2\/product_cat?post=2737"},{"taxonomy":"product_tag","embeddable":true,"href":"https:\/\/laesfera.com.mx\/page\/wp-json\/wp\/v2\/product_tag?post=2737"}],"curies":[{"name":"wp","href":"https:\/\/api.w.org\/{rel}","templated":true}]}}