{"id":2424,"date":"2017-04-21T13:00:24","date_gmt":"2017-04-21T19:00:24","guid":{"rendered":"http:\/\/laesfera.com.mx\/page\/?post_type=product&#038;p=2424"},"modified":"2025-10-30T13:09:48","modified_gmt":"2025-10-30T17:09:48","slug":"escritorio-malta-1171","status":"publish","type":"product","link":"https:\/\/laesfera.com.mx\/page\/tienda\/escritorio-malta-1171\/","title":{"rendered":"Escritorio Malta JM-1171"},"content":{"rendered":"<p><span style=\"color: #000000;\">Escritorio secretarial JM-1171 modelo Malta<\/span><\/p>\n<p>&nbsp;<\/p>\n<p class=\"selectable-text copyable-text x15bjb6t x1n2onr6\"><span class=\"selectable-text copyable-text xkrh14z\" style=\"color: #000000;\">Este escritorio es ideal para acomodar una computadora, laptop o cualquier setup necesario para un entorno de oficina, home office o \u00e1rea de estudio.<\/span><\/p>\n<p>&nbsp;<\/p>\n<p class=\"selectable-text copyable-text x15bjb6t x1n2onr6\"><span class=\"selectable-text copyable-text xkrh14z\" style=\"color: #000000;\">Este escritorio se caracteriza por su versatilidad, siendo perfecto tanto para tareas acad\u00e9micas como para las exigencias de un entorno laboral profesional.<\/span><\/p>\n<p>&nbsp;<\/p>\n<p class=\"selectable-text copyable-text x15bjb6t x1n2onr6\"><span class=\"selectable-text copyable-text xkrh14z\" style=\"color: #000000;\">Su dise\u00f1o moderno y compacto, con una estructura de melamina (MDF) laminada, lo hace f\u00e1cilmente adaptable a diferentes estilos de decoraci\u00f3n, desde lo m\u00e1s tradicional hasta lo m\u00e1s contempor\u00e1neo.<\/span><\/p>\n<p>&nbsp;<\/p>\n<p class=\"selectable-text copyable-text x15bjb6t x1n2onr6\"><span class=\"selectable-text copyable-text xkrh14z\" style=\"color: #000000;\">La estructura de melamina (MDF) laminada cuenta con 2 cajones a su lado derecho y un espacio de exhibici\u00f3n o almacenamiento por debajo de la mesa de trabajo que puede servir para instalar un CPU con ventilaci\u00f3n apropiada.<\/span><\/p>\n<p>&nbsp;<\/p>\n<p class=\"selectable-text copyable-text x15bjb6t x1n2onr6\"><span class=\"selectable-text copyable-text xkrh14z\" style=\"color: #000000;\">Estructura:<br \/>\n<\/span><span class=\"selectable-text copyable-text xkrh14z\" style=\"color: #000000;\">Melamina (MDF) 14 mm<\/span><\/p>\n<p>&nbsp;<\/p>\n<p class=\"selectable-text copyable-text x15bjb6t x1n2onr6\"><span class=\"selectable-text copyable-text xkrh14z\" style=\"color: #000000;\">Dimensiones:<\/span><\/p>\n<p class=\"selectable-text copyable-text x15bjb6t x1n2onr6\"><span style=\"color: #000000;\"><span class=\"selectable-text copyable-text xkrh14z\">Largo: 120 cm.<br \/>\n<\/span><span class=\"selectable-text copyable-text xkrh14z\">Ancho: 46.4 cm.<br \/>\n<\/span><span class=\"selectable-text copyable-text xkrh14z\">Alto: 76 cm.<\/span><\/span><\/p>\n<p>&nbsp;<\/p>\n<p><span style=\"color: #000000;\"><strong>Marca:<\/strong> Mobilek<br \/>\n<\/span><span style=\"color: #000000;\"><strong>Modelo:<\/strong>\u00a0 1171<br \/>\n<strong>Color:<\/strong> Wengue<br \/>\n<\/span><span style=\"color: #000000;\"><strong>Cve: <\/strong>SS 538<\/span><\/p>\n","protected":false},"excerpt":{"rendered":"<p>Ideal para oficinas.<\/p>\n","protected":false},"featured_media":20941,"comment_status":"open","ping_status":"closed","template":"","meta":{"_joinchat":[]},"product_brand":[7796],"product_cat":[7610,73,8],"product_tag":[7900,232],"class_list":{"0":"post-2424","1":"product","2":"type-product","3":"status-publish","4":"has-post-thumbnail","6":"product_brand-jm","7":"product_cat-escritorios-buenfin2020","8":"product_cat-escritorios","9":"product_cat-muebles","10":"product_tag-cotizar","11":"product_tag-escritorio","13":"first","14":"instock","15":"shipping-taxable","16":"product-type-simple"},"post_mailing_queue_ids":[],"_links":{"self":[{"href":"https:\/\/laesfera.com.mx\/page\/wp-json\/wp\/v2\/product\/2424","targetHints":{"allow":["GET"]}}],"collection":[{"href":"https:\/\/laesfera.com.mx\/page\/wp-json\/wp\/v2\/product"}],"about":[{"href":"https:\/\/laesfera.com.mx\/page\/wp-json\/wp\/v2\/types\/product"}],"replies":[{"embeddable":true,"href":"https:\/\/laesfera.com.mx\/page\/wp-json\/wp\/v2\/comments?post=2424"}],"wp:featuredmedia":[{"embeddable":true,"href":"https:\/\/laesfera.com.mx\/page\/wp-json\/wp\/v2\/media\/20941"}],"wp:attachment":[{"href":"https:\/\/laesfera.com.mx\/page\/wp-json\/wp\/v2\/media?parent=2424"}],"wp:term":[{"taxonomy":"product_brand","embeddable":true,"href":"https:\/\/laesfera.com.mx\/page\/wp-json\/wp\/v2\/product_brand?post=2424"},{"taxonomy":"product_cat","embeddable":true,"href":"https:\/\/laesfera.com.mx\/page\/wp-json\/wp\/v2\/product_cat?post=2424"},{"taxonomy":"product_tag","embeddable":true,"href":"https:\/\/laesfera.com.mx\/page\/wp-json\/wp\/v2\/product_tag?post=2424"}],"curies":[{"name":"wp","href":"https:\/\/api.w.org\/{rel}","templated":true}]}}