{"id":230,"date":"2017-03-14T18:43:23","date_gmt":"2017-03-15T00:43:23","guid":{"rendered":"http:\/\/laesfera.com.mx\/page\/?post_type=product&#038;p=230"},"modified":"2025-07-18T14:04:15","modified_gmt":"2025-07-18T18:04:15","slug":"silla-visitante-eco-tela","status":"publish","type":"product","link":"https:\/\/laesfera.com.mx\/page\/tienda\/silla-visitante-eco-tela\/","title":{"rendered":"Silla de visita Eco-tela negro"},"content":{"rendered":"<p><strong>Silla de visita Eco-tela negro.<\/strong><\/p>\n<p>&nbsp;<\/p>\n<p style=\"text-align: justify\">Silla de visita con asiento y respaldo de hule espuma laminado flexible con densidad de 22\u00a0kgs\/m\u00b3 en el respaldo y\u00a024 kgs\/m\u00b3\u00a0 en el asiento, de alta resilencia.<\/p>\n<ul style=\"text-align: justify\">\n<li><strong>Estructura:<\/strong> de acero tubular de 7\/8&#8243; de di\u00e1metro, calibre 20; con acabado de pintura ep\u00f3xica (electrost\u00e1tica) color negro mate.<\/li>\n<li><strong>Asiento y respaldo:<\/strong>\u00a0hule espuma laminado flexible de alta densidad y alta resilencia.<\/li>\n<li><strong>Tapiz:<\/strong>\u00a0tela o vin\u00edl al color de su elecci\u00f3n de nuestro cat\u00e1logo.<\/li>\n<li><strong>Peso m\u00e1ximo de resistencia:<\/strong>\u00a080 kgs. aproximadamente.<\/li>\n<li><strong>Medidas<\/strong>: 44cm ancho x 82cm alto x 40cm fondo<\/li>\n<li><strong>Armado<\/strong>: No requiere armado.<\/li>\n<\/ul>\n<p>&nbsp;<\/p>\n<p><strong>Marca:\u00a0<\/strong>Offiho.<br \/>\n<strong>Modelo:\u00a0<\/strong>Eco Tela<br \/>\n<strong>Color:\u00a0<\/strong>Negro<br \/>\n<strong>Cve: <\/strong>SS 458<\/p>\n","protected":false},"excerpt":{"rendered":"<p>Ideal para oficinas.<\/p>\n","protected":false},"featured_media":14967,"comment_status":"open","ping_status":"closed","template":"","meta":{"_joinchat":[]},"product_brand":[7797],"product_cat":[8,79,5392,7609],"product_tag":[7900,7659,6995],"class_list":{"0":"post-230","1":"product","2":"type-product","3":"status-publish","4":"has-post-thumbnail","6":"product_brand-offiho","7":"product_cat-muebles","8":"product_cat-sillas","9":"product_cat-sillas-de-visita","10":"product_cat-sillasysillones","11":"product_tag-cotizar","12":"product_tag-mbl","13":"product_tag-silla-visita","15":"first","16":"instock","17":"shipping-taxable","18":"product-type-simple"},"post_mailing_queue_ids":[],"_links":{"self":[{"href":"https:\/\/laesfera.com.mx\/page\/wp-json\/wp\/v2\/product\/230","targetHints":{"allow":["GET"]}}],"collection":[{"href":"https:\/\/laesfera.com.mx\/page\/wp-json\/wp\/v2\/product"}],"about":[{"href":"https:\/\/laesfera.com.mx\/page\/wp-json\/wp\/v2\/types\/product"}],"replies":[{"embeddable":true,"href":"https:\/\/laesfera.com.mx\/page\/wp-json\/wp\/v2\/comments?post=230"}],"wp:featuredmedia":[{"embeddable":true,"href":"https:\/\/laesfera.com.mx\/page\/wp-json\/wp\/v2\/media\/14967"}],"wp:attachment":[{"href":"https:\/\/laesfera.com.mx\/page\/wp-json\/wp\/v2\/media?parent=230"}],"wp:term":[{"taxonomy":"product_brand","embeddable":true,"href":"https:\/\/laesfera.com.mx\/page\/wp-json\/wp\/v2\/product_brand?post=230"},{"taxonomy":"product_cat","embeddable":true,"href":"https:\/\/laesfera.com.mx\/page\/wp-json\/wp\/v2\/product_cat?post=230"},{"taxonomy":"product_tag","embeddable":true,"href":"https:\/\/laesfera.com.mx\/page\/wp-json\/wp\/v2\/product_tag?post=230"}],"curies":[{"name":"wp","href":"https:\/\/api.w.org\/{rel}","templated":true}]}}