{"id":2176,"date":"2017-04-20T10:52:27","date_gmt":"2017-04-20T16:52:27","guid":{"rendered":"http:\/\/laesfera.com.mx\/page\/?post_type=product&#038;p=2176"},"modified":"2025-07-18T13:54:32","modified_gmt":"2025-07-18T17:54:32","slug":"pizarron-acrilcorcho-40x60","status":"publish","type":"product","link":"https:\/\/laesfera.com.mx\/page\/tienda\/pizarron-acrilcorcho-40x60\/","title":{"rendered":"Pizarr\u00f3n mixto acr\u00edlico-corcho 40 x 60"},"content":{"rendered":"<p><strong>Pizarr\u00f3n mixto acr\u00edlico-corcho 40 x 60.<\/strong><\/p>\n<p>&nbsp;<\/p>\n<p style=\"text-align: justify\">Superficie acr\u00edlica para plum\u00f3n de tinta fugaz fabricado con de laminado pl\u00e1stico 2mm ultra White al 50%. + Superficie de corcho natural 2mm para uso de chinches o chinchetas al 50%. Fabricado con tablero de celotex importado de 9 mm, forrado con ambas<br \/>\nsuperficies en porcentajes iguales + \u2013 rematado perimetralmente con perfil canal tipo moldura de aluminio anodizado natural cerrando y resaltando sus esquinas con regatones de polipropileno para evitar esquinas expuestas.<\/p>\n<p>&nbsp;<\/p>\n<p style=\"text-align: justify\"><strong>Dimensiones:<\/strong><\/p>\n<ul>\n<li style=\"text-align: justify\"><strong>Alto:<\/strong> 40 cm.<\/li>\n<li style=\"text-align: justify\"><strong>Ancho:<\/strong> 60 cm.<\/li>\n<\/ul>\n<p>&nbsp;<\/p>\n<p style=\"text-align: justify\"><strong>Marca: <\/strong>ABC pizarrones<br \/>\n<strong>Color:<\/strong> Blanco y Caf\u00e9<br \/>\n<strong>Cve: <\/strong>P 269<\/p>\n","protected":false},"excerpt":{"rendered":"<p>Ideal para escuelas.<\/p>\n","protected":false},"featured_media":15921,"comment_status":"open","ping_status":"closed","template":"","meta":{"_joinchat":[]},"product_brand":[7889],"product_cat":[5590,251,5586],"product_tag":[7900,7659,536],"class_list":{"0":"post-2176","1":"product","2":"type-product","3":"status-publish","4":"has-post-thumbnail","6":"product_brand-abc-pizarrones","7":"product_cat-mixtos","8":"product_cat-mobiliarioescolar","9":"product_cat-pizarrones-mobiliarioescolar","10":"product_tag-cotizar","11":"product_tag-mbl","12":"product_tag-pizarron","14":"first","15":"instock","16":"shipping-taxable","17":"product-type-simple"},"post_mailing_queue_ids":[],"_links":{"self":[{"href":"https:\/\/laesfera.com.mx\/page\/wp-json\/wp\/v2\/product\/2176","targetHints":{"allow":["GET"]}}],"collection":[{"href":"https:\/\/laesfera.com.mx\/page\/wp-json\/wp\/v2\/product"}],"about":[{"href":"https:\/\/laesfera.com.mx\/page\/wp-json\/wp\/v2\/types\/product"}],"replies":[{"embeddable":true,"href":"https:\/\/laesfera.com.mx\/page\/wp-json\/wp\/v2\/comments?post=2176"}],"wp:featuredmedia":[{"embeddable":true,"href":"https:\/\/laesfera.com.mx\/page\/wp-json\/wp\/v2\/media\/15921"}],"wp:attachment":[{"href":"https:\/\/laesfera.com.mx\/page\/wp-json\/wp\/v2\/media?parent=2176"}],"wp:term":[{"taxonomy":"product_brand","embeddable":true,"href":"https:\/\/laesfera.com.mx\/page\/wp-json\/wp\/v2\/product_brand?post=2176"},{"taxonomy":"product_cat","embeddable":true,"href":"https:\/\/laesfera.com.mx\/page\/wp-json\/wp\/v2\/product_cat?post=2176"},{"taxonomy":"product_tag","embeddable":true,"href":"https:\/\/laesfera.com.mx\/page\/wp-json\/wp\/v2\/product_tag?post=2176"}],"curies":[{"name":"wp","href":"https:\/\/api.w.org\/{rel}","templated":true}]}}