{"id":21250,"date":"2026-03-11T19:40:18","date_gmt":"2026-03-11T23:40:18","guid":{"rendered":"https:\/\/laesfera.com.mx\/page\/?post_type=product&#038;p=21250"},"modified":"2026-03-11T19:49:39","modified_gmt":"2026-03-11T23:49:39","slug":"quita-goma-atl","status":"publish","type":"product","link":"https:\/\/laesfera.com.mx\/page\/tienda\/quita-goma-atl\/","title":{"rendered":"Quita Goma 125ml ATL"},"content":{"rendered":"<h4>Quita Goma 125ml ATL<\/h4>\n<p>Quita Goma formulado en combinaci\u00f3n con c\u00edtricos para remover etiquetas, grasa, goma de mascar, l\u00e1piz labial, cintas adhesivas, cray\u00f3n, o m\u00e1s \/ Botella pl\u00e1stica \/ Tapa de seguridad \/ F\u00e1cil de aplicar \/ 125 ml<\/p>\n","protected":false},"excerpt":{"rendered":"<p>Quita Goma<\/p>\n","protected":false},"featured_media":21252,"comment_status":"open","ping_status":"closed","template":"","meta":{"_joinchat":[]},"product_brand":[7834],"product_cat":[7938],"product_tag":[7939],"class_list":{"0":"post-21250","1":"product","2":"type-product","3":"status-publish","4":"has-post-thumbnail","6":"product_brand-rodin","7":"product_cat-quita-goma","8":"product_tag-quita-goma","10":"first","11":"instock","12":"shipping-taxable","13":"purchasable","14":"product-type-simple"},"post_mailing_queue_ids":[],"_links":{"self":[{"href":"https:\/\/laesfera.com.mx\/page\/wp-json\/wp\/v2\/product\/21250","targetHints":{"allow":["GET"]}}],"collection":[{"href":"https:\/\/laesfera.com.mx\/page\/wp-json\/wp\/v2\/product"}],"about":[{"href":"https:\/\/laesfera.com.mx\/page\/wp-json\/wp\/v2\/types\/product"}],"replies":[{"embeddable":true,"href":"https:\/\/laesfera.com.mx\/page\/wp-json\/wp\/v2\/comments?post=21250"}],"wp:featuredmedia":[{"embeddable":true,"href":"https:\/\/laesfera.com.mx\/page\/wp-json\/wp\/v2\/media\/21252"}],"wp:attachment":[{"href":"https:\/\/laesfera.com.mx\/page\/wp-json\/wp\/v2\/media?parent=21250"}],"wp:term":[{"taxonomy":"product_brand","embeddable":true,"href":"https:\/\/laesfera.com.mx\/page\/wp-json\/wp\/v2\/product_brand?post=21250"},{"taxonomy":"product_cat","embeddable":true,"href":"https:\/\/laesfera.com.mx\/page\/wp-json\/wp\/v2\/product_cat?post=21250"},{"taxonomy":"product_tag","embeddable":true,"href":"https:\/\/laesfera.com.mx\/page\/wp-json\/wp\/v2\/product_tag?post=21250"}],"curies":[{"name":"wp","href":"https:\/\/api.w.org\/{rel}","templated":true}]}}