{"id":21243,"date":"2026-03-10T20:34:32","date_gmt":"2026-03-11T00:34:32","guid":{"rendered":"https:\/\/laesfera.com.mx\/page\/?post_type=product&#038;p=21243"},"modified":"2026-03-10T20:37:41","modified_gmt":"2026-03-11T00:37:41","slug":"lapices-de-colores-c-244","status":"publish","type":"product","link":"https:\/\/laesfera.com.mx\/page\/tienda\/lapices-de-colores-c-244\/","title":{"rendered":"L\u00e1pices De Colores Norma Triangular 584201 C\/24+4"},"content":{"rendered":"<h4>L\u00e1pices De Colores Norma Triangular 584201 C\/24+4<\/h4>\n<p><span class=\"T286Pc\" data-sfc-cp=\"\" data-sfc-cb=\"\" data-complete=\"true\"><strong class=\"Yjhzub\" data-sfc-cb=\"\" data-complete=\"true\">Forma<\/strong>: Ergon\u00f3mica triangular, dise\u00f1ada para facilitar el agarre y evitar que el l\u00e1piz ruede en superficies planas.<br \/>\n<\/span><span class=\"T286Pc\" data-sfc-cp=\"\" data-sfc-cb=\"\" data-complete=\"true\"><strong class=\"Yjhzub\" data-sfc-cb=\"\" data-complete=\"true\">Punta<\/strong>: Cuenta con una mina de\u00a0<strong class=\"Yjhzub\" data-sfc-cb=\"\" data-complete=\"true\">4 mm<\/strong>, la cual es m\u00e1s gruesa y resistente que la de los l\u00e1pices est\u00e1ndar, lo que ayuda a evitar roturas frecuentes.<br \/>\n<\/span><span class=\"T286Pc\" data-sfc-cp=\"\" data-sfc-cb=\"\" data-complete=\"true\"><strong class=\"Yjhzub\" data-sfc-cb=\"\" data-complete=\"true\">Contenido<\/strong>: El estuche incluye\u00a0<strong class=\"Yjhzub\" data-sfc-cb=\"\" data-complete=\"true\">24 colores b\u00e1sicos<\/strong>\u00a0y\u00a0<strong class=\"Yjhzub\" data-sfc-cb=\"\" data-complete=\"true\">4 colores metalizados<\/strong>\u00a0adicionales.<\/span><\/p>\n<p>&nbsp;<\/p>\n<p><strong>SKU:<\/strong> 7702111500785<br \/>\n<strong>Marca:<\/strong> Norma<\/p>\n","protected":false},"excerpt":{"rendered":"<p>L\u00e1pices De Colores Norma Triangular 584201 C\/24+4 Forma: Ergon\u00f3mica triangular, dise\u00f1ada para facilitar el agarre y evitar que el l\u00e1piz ruede en superficies planas. Punta: Cuenta con una mina de\u00a04 mm, la cual es m\u00e1s gruesa y resistente que la de los l\u00e1pices est\u00e1ndar, lo que ayuda a evitar roturas frecuentes. Contenido: El estuche incluye\u00a024 [&hellip;]<\/p>\n","protected":false},"featured_media":21244,"comment_status":"open","ping_status":"closed","template":"","meta":{"_joinchat":[]},"product_brand":[7860],"product_cat":[6847,6031],"product_tag":[6205],"class_list":{"0":"post-21243","1":"product","2":"type-product","3":"status-publish","4":"has-post-thumbnail","6":"product_brand-norma","7":"product_cat-colores","8":"product_cat-escritura-papeleria","9":"product_tag-lapices-de-colores","11":"first","12":"instock","13":"shipping-taxable","14":"purchasable","15":"product-type-simple"},"post_mailing_queue_ids":[],"_links":{"self":[{"href":"https:\/\/laesfera.com.mx\/page\/wp-json\/wp\/v2\/product\/21243","targetHints":{"allow":["GET"]}}],"collection":[{"href":"https:\/\/laesfera.com.mx\/page\/wp-json\/wp\/v2\/product"}],"about":[{"href":"https:\/\/laesfera.com.mx\/page\/wp-json\/wp\/v2\/types\/product"}],"replies":[{"embeddable":true,"href":"https:\/\/laesfera.com.mx\/page\/wp-json\/wp\/v2\/comments?post=21243"}],"wp:featuredmedia":[{"embeddable":true,"href":"https:\/\/laesfera.com.mx\/page\/wp-json\/wp\/v2\/media\/21244"}],"wp:attachment":[{"href":"https:\/\/laesfera.com.mx\/page\/wp-json\/wp\/v2\/media?parent=21243"}],"wp:term":[{"taxonomy":"product_brand","embeddable":true,"href":"https:\/\/laesfera.com.mx\/page\/wp-json\/wp\/v2\/product_brand?post=21243"},{"taxonomy":"product_cat","embeddable":true,"href":"https:\/\/laesfera.com.mx\/page\/wp-json\/wp\/v2\/product_cat?post=21243"},{"taxonomy":"product_tag","embeddable":true,"href":"https:\/\/laesfera.com.mx\/page\/wp-json\/wp\/v2\/product_tag?post=21243"}],"curies":[{"name":"wp","href":"https:\/\/api.w.org\/{rel}","templated":true}]}}