{"id":21106,"date":"2025-11-14T21:59:16","date_gmt":"2025-11-15T01:59:16","guid":{"rendered":"https:\/\/laesfera.com.mx\/page\/?post_type=product&#038;p=21106"},"modified":"2025-11-14T21:59:16","modified_gmt":"2025-11-15T01:59:16","slug":"foamy-moldeable-c-12-colores","status":"publish","type":"product","link":"https:\/\/laesfera.com.mx\/page\/tienda\/foamy-moldeable-c-12-colores\/","title":{"rendered":"Foamy Moldeable C\/12 Colores"},"content":{"rendered":"<h4>Foamy Moldeable C\/12 Colores<\/h4>\n<p>Colores Surtidos.<br \/>\nPiezas incluidas: 12 unidades de fomi moldeable en colores variados.<br \/>\nEdad m\u00ednima recomendada: 3 a\u00f1os para su uso seguro.<br \/>\nEs fluorescente: colores que brillan en la oscuridad.<br \/>\nNo t\u00f3xico: seguro para ni\u00f1os y adultos.<\/p>\n<p><strong>Cve:<\/strong> 00009220<\/p>\n","protected":false},"excerpt":{"rendered":"<p>Foamy Moldeable C\/12 Colores Colores Surtidos. Piezas incluidas: 12 unidades de fomi moldeable en colores variados. Edad m\u00ednima recomendada: 3 a\u00f1os para su uso seguro. Es fluorescente: colores que brillan en la oscuridad. No t\u00f3xico: seguro para ni\u00f1os y adultos. Cve: 00009220<\/p>\n","protected":false},"featured_media":21108,"comment_status":"open","ping_status":"closed","template":"","meta":{"_joinchat":[]},"product_brand":[7928],"product_cat":[7150],"product_tag":[7929],"class_list":{"0":"post-21106","1":"product","2":"type-product","3":"status-publish","4":"has-post-thumbnail","6":"product_brand-varios","7":"product_cat-sin-categorizar","8":"product_tag-foamy-moldeable","10":"first","11":"instock","12":"shipping-taxable","13":"purchasable","14":"product-type-simple"},"post_mailing_queue_ids":[],"_links":{"self":[{"href":"https:\/\/laesfera.com.mx\/page\/wp-json\/wp\/v2\/product\/21106","targetHints":{"allow":["GET"]}}],"collection":[{"href":"https:\/\/laesfera.com.mx\/page\/wp-json\/wp\/v2\/product"}],"about":[{"href":"https:\/\/laesfera.com.mx\/page\/wp-json\/wp\/v2\/types\/product"}],"replies":[{"embeddable":true,"href":"https:\/\/laesfera.com.mx\/page\/wp-json\/wp\/v2\/comments?post=21106"}],"wp:featuredmedia":[{"embeddable":true,"href":"https:\/\/laesfera.com.mx\/page\/wp-json\/wp\/v2\/media\/21108"}],"wp:attachment":[{"href":"https:\/\/laesfera.com.mx\/page\/wp-json\/wp\/v2\/media?parent=21106"}],"wp:term":[{"taxonomy":"product_brand","embeddable":true,"href":"https:\/\/laesfera.com.mx\/page\/wp-json\/wp\/v2\/product_brand?post=21106"},{"taxonomy":"product_cat","embeddable":true,"href":"https:\/\/laesfera.com.mx\/page\/wp-json\/wp\/v2\/product_cat?post=21106"},{"taxonomy":"product_tag","embeddable":true,"href":"https:\/\/laesfera.com.mx\/page\/wp-json\/wp\/v2\/product_tag?post=21106"}],"curies":[{"name":"wp","href":"https:\/\/api.w.org\/{rel}","templated":true}]}}