{"id":21102,"date":"2025-11-14T21:45:33","date_gmt":"2025-11-15T01:45:33","guid":{"rendered":"https:\/\/laesfera.com.mx\/page\/?post_type=product&#038;p=21102"},"modified":"2025-11-14T21:47:29","modified_gmt":"2025-11-15T01:47:29","slug":"marcador-acrilico","status":"publish","type":"product","link":"https:\/\/laesfera.com.mx\/page\/tienda\/marcador-acrilico\/","title":{"rendered":"Marcadores Acr\u00edlicos Pascua Doble Punta"},"content":{"rendered":"<h4>Marcador Acr\u00edlico Pascua Doble Punta<\/h4>\n<p><span class=\"a-list-item\">Variedad de colores: Este set de 12 marcadores acr\u00edlicos de doble punta incluye una amplia gama de colores vivos y llamativos para satisfacer todas tus necesidades creativas.<\/span><\/p>\n<p><span class=\"a-list-item\">Puntas vers\u00e1tiles: Cada marcador cuenta con una punta de bala para trazos finos y una punta de pincel para efectos m\u00e1s gruesos y difuminados.<\/span><\/p>\n<p><span class=\"a-list-item\">Tinta permanente: La tinta acr\u00edlica de alta calidad es resistente al agua y permanente sobre superficies no porosas como pl\u00e1stico, vidrio y metal.<\/span><\/p>\n<p><span class=\"a-list-item\">F\u00e1ciles de usar: Los marcadores son ergon\u00f3micos y livianos, ideales para dibujar, rotular, colorear y decorar diversos proyectos.<\/span><\/p>\n<p><span class=\"a-list-item\">Tama\u00f1o compacto: El set completo viene en un pr\u00e1ctico estuche transparente para un f\u00e1cil almacenamiento y transporte.<\/span><\/p>\n<p><strong>Marca:<\/strong> Pascua<br \/>\n<strong>Modelo:<\/strong> PA-MAACD501<br \/>\n<strong>Cve:<\/strong> 7501987598373<\/p>\n","protected":false},"excerpt":{"rendered":"<p>Punta Bala Y Pincel.<\/p>\n","protected":false},"featured_media":21104,"comment_status":"open","ping_status":"closed","template":"","meta":{"_joinchat":[]},"product_brand":[7923],"product_cat":[5530,5534],"product_tag":[7927,7487],"class_list":{"0":"post-21102","1":"product","2":"type-product","3":"status-publish","4":"has-post-thumbnail","6":"product_brand-pascua","7":"product_cat-escritura","8":"product_cat-plumones-y-marcadores","9":"product_tag-acrilicos","10":"product_tag-marcadores","12":"first","13":"instock","14":"shipping-taxable","15":"purchasable","16":"product-type-simple"},"post_mailing_queue_ids":[],"_links":{"self":[{"href":"https:\/\/laesfera.com.mx\/page\/wp-json\/wp\/v2\/product\/21102","targetHints":{"allow":["GET"]}}],"collection":[{"href":"https:\/\/laesfera.com.mx\/page\/wp-json\/wp\/v2\/product"}],"about":[{"href":"https:\/\/laesfera.com.mx\/page\/wp-json\/wp\/v2\/types\/product"}],"replies":[{"embeddable":true,"href":"https:\/\/laesfera.com.mx\/page\/wp-json\/wp\/v2\/comments?post=21102"}],"wp:featuredmedia":[{"embeddable":true,"href":"https:\/\/laesfera.com.mx\/page\/wp-json\/wp\/v2\/media\/21104"}],"wp:attachment":[{"href":"https:\/\/laesfera.com.mx\/page\/wp-json\/wp\/v2\/media?parent=21102"}],"wp:term":[{"taxonomy":"product_brand","embeddable":true,"href":"https:\/\/laesfera.com.mx\/page\/wp-json\/wp\/v2\/product_brand?post=21102"},{"taxonomy":"product_cat","embeddable":true,"href":"https:\/\/laesfera.com.mx\/page\/wp-json\/wp\/v2\/product_cat?post=21102"},{"taxonomy":"product_tag","embeddable":true,"href":"https:\/\/laesfera.com.mx\/page\/wp-json\/wp\/v2\/product_tag?post=21102"}],"curies":[{"name":"wp","href":"https:\/\/api.w.org\/{rel}","templated":true}]}}