{"id":2109,"date":"2017-04-19T10:41:38","date_gmt":"2017-04-19T16:41:38","guid":{"rendered":"http:\/\/laesfera.com.mx\/page\/?post_type=product&#038;p=2109"},"modified":"2025-07-17T15:02:02","modified_gmt":"2025-07-17T19:02:02","slug":"sillon-ejecutivo-kb-2-mesh-negro","status":"publish","type":"product","link":"https:\/\/laesfera.com.mx\/page\/tienda\/sillon-ejecutivo-kb-2-mesh-negro\/","title":{"rendered":"Sill\u00f3n ejecutivo KB-2 Mesh negro"},"content":{"rendered":"<p><strong>Sill\u00f3n ejecutivo KB-2 Mesh negro.<\/strong><\/p>\n<p>&nbsp;<\/p>\n<p style=\"text-align: justify\">Sus mecanismos de ajuste de altura, inclinaci\u00f3n de respaldo y precisi\u00f3n de tensi\u00f3n la convierte en la mejor opci\u00f3n.<\/p>\n<p style=\"text-align: justify\">En cuanto a dise\u00f1o su mezcla innovadora entre asiento de tela y respaldo de mesh le otorga un look moderno y profesional.<\/p>\n<p style=\"text-align: justify\">Sus rodajas de nylon hace de la KB-2 la m\u00e1s vers\u00e1til.<\/p>\n<p style=\"text-align: justify\">Ideal para una recepci\u00f3n, escritorios ejecutivos o sala de juntas.<\/p>\n<p>&nbsp;<\/p>\n<p>&nbsp;<\/p>\n<p><strong>Marca:<\/strong> Offiho<br \/>\n<strong>Modelo:<\/strong> KB-2 MESH<br \/>\n<strong>Color:<\/strong> Negro<br \/>\n<strong>Cve:\u00a0<\/strong>OF 037<\/p>\n","protected":false},"excerpt":{"rendered":"<p>Ideal para oficina.<\/p>\n","protected":false},"featured_media":19115,"comment_status":"open","ping_status":"closed","template":"","meta":{"_joinchat":[]},"product_brand":[7796],"product_cat":[8,79,5598],"product_tag":[7900,7659,1013],"class_list":{"0":"post-2109","1":"product","2":"type-product","3":"status-publish","4":"has-post-thumbnail","6":"product_brand-jm","7":"product_cat-muebles","8":"product_cat-sillas","9":"product_cat-sillones-sillas","10":"product_tag-cotizar","11":"product_tag-mbl","12":"product_tag-sillon-ejecutivo","14":"first","15":"instock","16":"shipping-taxable","17":"product-type-simple"},"post_mailing_queue_ids":[],"_links":{"self":[{"href":"https:\/\/laesfera.com.mx\/page\/wp-json\/wp\/v2\/product\/2109","targetHints":{"allow":["GET"]}}],"collection":[{"href":"https:\/\/laesfera.com.mx\/page\/wp-json\/wp\/v2\/product"}],"about":[{"href":"https:\/\/laesfera.com.mx\/page\/wp-json\/wp\/v2\/types\/product"}],"replies":[{"embeddable":true,"href":"https:\/\/laesfera.com.mx\/page\/wp-json\/wp\/v2\/comments?post=2109"}],"wp:featuredmedia":[{"embeddable":true,"href":"https:\/\/laesfera.com.mx\/page\/wp-json\/wp\/v2\/media\/19115"}],"wp:attachment":[{"href":"https:\/\/laesfera.com.mx\/page\/wp-json\/wp\/v2\/media?parent=2109"}],"wp:term":[{"taxonomy":"product_brand","embeddable":true,"href":"https:\/\/laesfera.com.mx\/page\/wp-json\/wp\/v2\/product_brand?post=2109"},{"taxonomy":"product_cat","embeddable":true,"href":"https:\/\/laesfera.com.mx\/page\/wp-json\/wp\/v2\/product_cat?post=2109"},{"taxonomy":"product_tag","embeddable":true,"href":"https:\/\/laesfera.com.mx\/page\/wp-json\/wp\/v2\/product_tag?post=2109"}],"curies":[{"name":"wp","href":"https:\/\/api.w.org\/{rel}","templated":true}]}}