{"id":21032,"date":"2025-11-06T21:34:16","date_gmt":"2025-11-07T01:34:16","guid":{"rendered":"https:\/\/laesfera.com.mx\/page\/?post_type=product&#038;p=21032"},"modified":"2025-11-07T21:31:57","modified_gmt":"2025-11-08T01:31:57","slug":"bafle-recargable-2x10-msa-2016-kaiser","status":"publish","type":"product","link":"https:\/\/laesfera.com.mx\/page\/tienda\/bafle-recargable-2x10-msa-2016-kaiser\/","title":{"rendered":"Bafle Recargable 2&#215;10&#8243; Kaiser MSA-2016"},"content":{"rendered":"<h4>Bafle Recargable 2&#215;10&#8243; MSA-2016 Kaiser<\/h4>\n<p><span class=\"a-list-item\">Equipado con dos altavoces de 8 pulgadas, este sistema proporciona un sonido claro y potente que cubre grandes \u00e1reas, ideal para eventos en interiores y exteriores.<br \/>\n<\/span><span class=\"a-list-item\">Potencia m\u00e1xima de salida de 28000W PMPO y una potencia continua de 70W RMS, garantizando una excelente calidad de sonido con bajos profundos y agudos n\u00edtidos.<br \/>\n<\/span><span class=\"a-list-item\">Cuenta con efectos integrados que permiten personalizar la m\u00fasica y las voces, a\u00f1adiendo un toque creativo para animar cualquier evento o presentaci\u00f3n<br \/>\n<\/span><\/p>\n<p>&nbsp;<\/p>\n<p><strong>Marca:<\/strong> Kaiser<br \/>\n<strong>Modelo:<\/strong> MSA-2016<br \/>\n<strong>Cve:<\/strong> 17506086664155<\/p>\n","protected":false},"excerpt":{"rendered":"<p>MSA-2016<\/p>\n","protected":false},"featured_media":21033,"comment_status":"open","ping_status":"closed","template":"","meta":{"_joinchat":[]},"product_brand":[7832],"product_cat":[384,5413],"product_tag":[7693,7900],"class_list":{"0":"post-21032","1":"product","2":"type-product","3":"status-publish","4":"has-post-thumbnail","6":"product_brand-kaiser","7":"product_cat-audio","8":"product_cat-bafles","9":"product_tag-balfe","10":"product_tag-cotizar","12":"first","13":"instock","14":"shipping-taxable","15":"product-type-simple"},"post_mailing_queue_ids":[],"_links":{"self":[{"href":"https:\/\/laesfera.com.mx\/page\/wp-json\/wp\/v2\/product\/21032","targetHints":{"allow":["GET"]}}],"collection":[{"href":"https:\/\/laesfera.com.mx\/page\/wp-json\/wp\/v2\/product"}],"about":[{"href":"https:\/\/laesfera.com.mx\/page\/wp-json\/wp\/v2\/types\/product"}],"replies":[{"embeddable":true,"href":"https:\/\/laesfera.com.mx\/page\/wp-json\/wp\/v2\/comments?post=21032"}],"wp:featuredmedia":[{"embeddable":true,"href":"https:\/\/laesfera.com.mx\/page\/wp-json\/wp\/v2\/media\/21033"}],"wp:attachment":[{"href":"https:\/\/laesfera.com.mx\/page\/wp-json\/wp\/v2\/media?parent=21032"}],"wp:term":[{"taxonomy":"product_brand","embeddable":true,"href":"https:\/\/laesfera.com.mx\/page\/wp-json\/wp\/v2\/product_brand?post=21032"},{"taxonomy":"product_cat","embeddable":true,"href":"https:\/\/laesfera.com.mx\/page\/wp-json\/wp\/v2\/product_cat?post=21032"},{"taxonomy":"product_tag","embeddable":true,"href":"https:\/\/laesfera.com.mx\/page\/wp-json\/wp\/v2\/product_tag?post=21032"}],"curies":[{"name":"wp","href":"https:\/\/api.w.org\/{rel}","templated":true}]}}