{"id":20987,"date":"2025-11-04T20:42:39","date_gmt":"2025-11-05T00:42:39","guid":{"rendered":"https:\/\/laesfera.com.mx\/page\/?post_type=product&#038;p=20987"},"modified":"2025-11-19T21:49:07","modified_gmt":"2025-11-20T01:49:07","slug":"banco-alto-carioca-mobilek","status":"publish","type":"product","link":"https:\/\/laesfera.com.mx\/page\/tienda\/banco-alto-carioca-mobilek\/","title":{"rendered":"Banco Alto Carioca Mobilek"},"content":{"rendered":"<h4>Banco Alto Carioca Mobilek<\/h4>\n<p>Banco de Metal con dise\u00f1o cl\u00e1sico, excelente para bares y restaurantes. Son pr\u00e1cticos y c\u00f3modos, solucionan los problemas de espacio.<\/p>\n<p><strong>Material:<\/strong> Acero<br \/>\n<strong>Marca:<\/strong> Mobilek<br \/>\n<strong>Cve:<\/strong> SS 892<\/p>\n","protected":false},"excerpt":{"rendered":"<p>Banco Alto De Acero<\/p>\n","protected":false},"featured_media":21118,"comment_status":"open","ping_status":"closed","template":"","meta":{"_joinchat":[]},"product_brand":[7916],"product_cat":[5599,79],"product_tag":[7568,7900],"class_list":{"0":"post-20987","1":"product","2":"type-product","3":"status-publish","4":"has-post-thumbnail","6":"product_brand-mobilek","7":"product_cat-bancas","8":"product_cat-sillas","9":"product_tag-banca-metalica","10":"product_tag-cotizar","12":"first","13":"instock","14":"shipping-taxable","15":"product-type-simple"},"post_mailing_queue_ids":[],"_links":{"self":[{"href":"https:\/\/laesfera.com.mx\/page\/wp-json\/wp\/v2\/product\/20987","targetHints":{"allow":["GET"]}}],"collection":[{"href":"https:\/\/laesfera.com.mx\/page\/wp-json\/wp\/v2\/product"}],"about":[{"href":"https:\/\/laesfera.com.mx\/page\/wp-json\/wp\/v2\/types\/product"}],"replies":[{"embeddable":true,"href":"https:\/\/laesfera.com.mx\/page\/wp-json\/wp\/v2\/comments?post=20987"}],"wp:featuredmedia":[{"embeddable":true,"href":"https:\/\/laesfera.com.mx\/page\/wp-json\/wp\/v2\/media\/21118"}],"wp:attachment":[{"href":"https:\/\/laesfera.com.mx\/page\/wp-json\/wp\/v2\/media?parent=20987"}],"wp:term":[{"taxonomy":"product_brand","embeddable":true,"href":"https:\/\/laesfera.com.mx\/page\/wp-json\/wp\/v2\/product_brand?post=20987"},{"taxonomy":"product_cat","embeddable":true,"href":"https:\/\/laesfera.com.mx\/page\/wp-json\/wp\/v2\/product_cat?post=20987"},{"taxonomy":"product_tag","embeddable":true,"href":"https:\/\/laesfera.com.mx\/page\/wp-json\/wp\/v2\/product_tag?post=20987"}],"curies":[{"name":"wp","href":"https:\/\/api.w.org\/{rel}","templated":true}]}}