{"id":20979,"date":"2025-11-03T21:35:38","date_gmt":"2025-11-04T01:35:38","guid":{"rendered":"https:\/\/laesfera.com.mx\/page\/?post_type=product&#038;p=20979"},"modified":"2025-11-07T21:33:07","modified_gmt":"2025-11-08T01:33:07","slug":"banco-metalico-alto-gante-mobilek","status":"publish","type":"product","link":"https:\/\/laesfera.com.mx\/page\/tienda\/banco-metalico-alto-gante-mobilek\/","title":{"rendered":"Banco Metalico Alto Gante Mobilek"},"content":{"rendered":"<h4>Banco Met\u00e1lico Alto Gante Mobilek<\/h4>\n<p><span class=\"a-list-item\">Su dise\u00f1o, que data del siglo pasado, aporta un toque distintivo a tu hogar o a tu negocio.<br \/>\n<\/span><span class=\"a-list-item\">Es resistente y c\u00f3modo, adem\u00e1s de est\u00e9tico y funcional.<br \/>\n<\/span><span class=\"a-list-item\">Decora con gusto tus espacios y crea ambientes \u00fanicos.<\/span><span class=\"a-list-item\"><br \/>\nHecho de acero galvanizado con una base firme y estable. No dudes en colocarlo en exteriores, ya que gracias a su tratamiento galvanizado es resistente a la oxidaci\u00f3n.<\/span><\/p>\n<p>Material: Acero<br \/>\nMarca: Mobilek<br \/>\nCve: SS 882<\/p>\n","protected":false},"excerpt":{"rendered":"<p>Banco Alto De Acero<\/p>\n","protected":false},"featured_media":20992,"comment_status":"open","ping_status":"closed","template":"","meta":{"_joinchat":[]},"product_brand":[7916],"product_cat":[5599,79],"product_tag":[7568,7900],"class_list":{"0":"post-20979","1":"product","2":"type-product","3":"status-publish","4":"has-post-thumbnail","6":"product_brand-mobilek","7":"product_cat-bancas","8":"product_cat-sillas","9":"product_tag-banca-metalica","10":"product_tag-cotizar","12":"first","13":"instock","14":"shipping-taxable","15":"product-type-simple"},"post_mailing_queue_ids":[],"_links":{"self":[{"href":"https:\/\/laesfera.com.mx\/page\/wp-json\/wp\/v2\/product\/20979","targetHints":{"allow":["GET"]}}],"collection":[{"href":"https:\/\/laesfera.com.mx\/page\/wp-json\/wp\/v2\/product"}],"about":[{"href":"https:\/\/laesfera.com.mx\/page\/wp-json\/wp\/v2\/types\/product"}],"replies":[{"embeddable":true,"href":"https:\/\/laesfera.com.mx\/page\/wp-json\/wp\/v2\/comments?post=20979"}],"wp:featuredmedia":[{"embeddable":true,"href":"https:\/\/laesfera.com.mx\/page\/wp-json\/wp\/v2\/media\/20992"}],"wp:attachment":[{"href":"https:\/\/laesfera.com.mx\/page\/wp-json\/wp\/v2\/media?parent=20979"}],"wp:term":[{"taxonomy":"product_brand","embeddable":true,"href":"https:\/\/laesfera.com.mx\/page\/wp-json\/wp\/v2\/product_brand?post=20979"},{"taxonomy":"product_cat","embeddable":true,"href":"https:\/\/laesfera.com.mx\/page\/wp-json\/wp\/v2\/product_cat?post=20979"},{"taxonomy":"product_tag","embeddable":true,"href":"https:\/\/laesfera.com.mx\/page\/wp-json\/wp\/v2\/product_tag?post=20979"}],"curies":[{"name":"wp","href":"https:\/\/api.w.org\/{rel}","templated":true}]}}