{"id":20976,"date":"2025-11-03T20:01:24","date_gmt":"2025-11-04T00:01:24","guid":{"rendered":"https:\/\/laesfera.com.mx\/page\/?post_type=product&#038;p=20976"},"modified":"2025-12-22T19:25:02","modified_gmt":"2025-12-22T23:25:02","slug":"pizarron-acrilico-90x150-2","status":"publish","type":"product","link":"https:\/\/laesfera.com.mx\/page\/tienda\/pizarron-acrilico-90x150-2\/","title":{"rendered":"Pizarr\u00f3n Acr\u00edlico ME 90&#215;150"},"content":{"rendered":"<h4>Pizarr\u00f3n Acr\u00edlico ME 90&#215;150<\/h4>\n<p>Superficie blanca ultra white para plum\u00f3n de tinta fugaz fabricado con marker board 8mm con recubrimiento de melanina blanca, aplicaci\u00f3n de 10 capas de resina sellado con tecnolog\u00eda UV \u00fanico con trascara termo fusionada color blanco de alta densidad, rigidez y resistencia a agentes corrosivos, rematado perimetralmente con perfil tipo moldura y charola porta plum\u00f3n de aluminio anodizado natural cerrando y resaltando sus esquinas con regatones redondeados de polipropileno para evitar esquinas expuestas.<\/p>\n<p>&nbsp;<\/p>\n<p><strong>Dimensiones:<\/strong><br \/>\n<strong>Alto:<\/strong>\u00a090 cm.<br \/>\n<strong>Ancho:\u00a0<\/strong>120 cm.<br \/>\n<strong>Color:<\/strong>\u00a0Blanco<\/p>\n<p>&nbsp;<\/p>\n<p><strong>Marca:<\/strong>\u00a0ABC Pizarrones<br \/>\n<strong>Material:\u00a0<\/strong>Acrilico<br \/>\n<strong>Medida:\u00a0<\/strong>90\u00d7120 cm<br \/>\n<strong>Cve:\u00a0<\/strong>P 228<\/p>\n<p>&nbsp;<\/p>\n","protected":false},"excerpt":{"rendered":"<p class=\"consultar-precio-msg\">Producto Sujeto A Cotizaci\u00f3n<\/p>\n","protected":false},"featured_media":20978,"comment_status":"open","ping_status":"closed","template":"","meta":{"_joinchat":[]},"product_brand":[7889],"product_cat":[5587,251,5586],"product_tag":[7900,536],"class_list":{"0":"post-20976","1":"product","2":"type-product","3":"status-publish","4":"has-post-thumbnail","6":"product_brand-abc-pizarrones","7":"product_cat-acrilicos","8":"product_cat-mobiliarioescolar","9":"product_cat-pizarrones-mobiliarioescolar","10":"product_tag-cotizar","11":"product_tag-pizarron","13":"first","14":"instock","15":"shipping-taxable","16":"product-type-simple"},"post_mailing_queue_ids":[],"_links":{"self":[{"href":"https:\/\/laesfera.com.mx\/page\/wp-json\/wp\/v2\/product\/20976","targetHints":{"allow":["GET"]}}],"collection":[{"href":"https:\/\/laesfera.com.mx\/page\/wp-json\/wp\/v2\/product"}],"about":[{"href":"https:\/\/laesfera.com.mx\/page\/wp-json\/wp\/v2\/types\/product"}],"replies":[{"embeddable":true,"href":"https:\/\/laesfera.com.mx\/page\/wp-json\/wp\/v2\/comments?post=20976"}],"wp:featuredmedia":[{"embeddable":true,"href":"https:\/\/laesfera.com.mx\/page\/wp-json\/wp\/v2\/media\/20978"}],"wp:attachment":[{"href":"https:\/\/laesfera.com.mx\/page\/wp-json\/wp\/v2\/media?parent=20976"}],"wp:term":[{"taxonomy":"product_brand","embeddable":true,"href":"https:\/\/laesfera.com.mx\/page\/wp-json\/wp\/v2\/product_brand?post=20976"},{"taxonomy":"product_cat","embeddable":true,"href":"https:\/\/laesfera.com.mx\/page\/wp-json\/wp\/v2\/product_cat?post=20976"},{"taxonomy":"product_tag","embeddable":true,"href":"https:\/\/laesfera.com.mx\/page\/wp-json\/wp\/v2\/product_tag?post=20976"}],"curies":[{"name":"wp","href":"https:\/\/api.w.org\/{rel}","templated":true}]}}