{"id":20885,"date":"2025-10-17T18:58:28","date_gmt":"2025-10-17T22:58:28","guid":{"rendered":"https:\/\/laesfera.com.mx\/page\/?post_type=product&#038;p=20885"},"modified":"2025-10-17T19:10:02","modified_gmt":"2025-10-17T23:10:02","slug":"block-marquilla-jlm-48x34-20-hjs","status":"publish","type":"product","link":"https:\/\/laesfera.com.mx\/page\/tienda\/block-marquilla-jlm-48x34-20-hjs\/","title":{"rendered":"Block Marquilla JLM 48&#215;34 20 hjs."},"content":{"rendered":"<h4>Block Marquilla JLM 48X34 20 hjs<\/h4>\n<p>Block de papel marquilla de 54 gramos con textura en grano fino, 20 hojas para diversas t\u00e9cnicas, l\u00e1pices, tintas, plumones, pasteles, etc.; en tama\u00f1o 48 X 34 cm.<\/p>\n<p><strong>Marca:<\/strong> JLM<br \/>\n<strong>Hojas:<\/strong> 20 hjs<br \/>\n<strong>Cve:<\/strong> 7502230750333<\/p>\n","protected":false},"excerpt":{"rendered":"<p>Block Dibujo 48&#215;34 cm.<\/p>\n","protected":false},"featured_media":20887,"comment_status":"open","ping_status":"closed","template":"","meta":{"_joinchat":[]},"product_brand":[7756],"product_cat":[6286,3768],"product_tag":[7913],"class_list":{"0":"post-20885","1":"product","2":"type-product","3":"status-publish","4":"has-post-thumbnail","6":"product_brand-jlm","7":"product_cat-blocks-y-cuadernos-dibujo","8":"product_cat-cuadernos-y-blocks","9":"product_tag-marquilla","11":"first","12":"instock","13":"shipping-taxable","14":"purchasable","15":"product-type-simple"},"post_mailing_queue_ids":[],"_links":{"self":[{"href":"https:\/\/laesfera.com.mx\/page\/wp-json\/wp\/v2\/product\/20885","targetHints":{"allow":["GET"]}}],"collection":[{"href":"https:\/\/laesfera.com.mx\/page\/wp-json\/wp\/v2\/product"}],"about":[{"href":"https:\/\/laesfera.com.mx\/page\/wp-json\/wp\/v2\/types\/product"}],"replies":[{"embeddable":true,"href":"https:\/\/laesfera.com.mx\/page\/wp-json\/wp\/v2\/comments?post=20885"}],"wp:featuredmedia":[{"embeddable":true,"href":"https:\/\/laesfera.com.mx\/page\/wp-json\/wp\/v2\/media\/20887"}],"wp:attachment":[{"href":"https:\/\/laesfera.com.mx\/page\/wp-json\/wp\/v2\/media?parent=20885"}],"wp:term":[{"taxonomy":"product_brand","embeddable":true,"href":"https:\/\/laesfera.com.mx\/page\/wp-json\/wp\/v2\/product_brand?post=20885"},{"taxonomy":"product_cat","embeddable":true,"href":"https:\/\/laesfera.com.mx\/page\/wp-json\/wp\/v2\/product_cat?post=20885"},{"taxonomy":"product_tag","embeddable":true,"href":"https:\/\/laesfera.com.mx\/page\/wp-json\/wp\/v2\/product_tag?post=20885"}],"curies":[{"name":"wp","href":"https:\/\/api.w.org\/{rel}","templated":true}]}}