{"id":20880,"date":"2025-10-16T21:23:38","date_gmt":"2025-10-17T01:23:38","guid":{"rendered":"https:\/\/laesfera.com.mx\/page\/?post_type=product&#038;p=20880"},"modified":"2025-10-16T21:31:16","modified_gmt":"2025-10-17T01:31:16","slug":"bicolor-grueso-pelikan","status":"publish","type":"product","link":"https:\/\/laesfera.com.mx\/page\/tienda\/bicolor-grueso-pelikan\/","title":{"rendered":"Bicolor Grueso Pelikan."},"content":{"rendered":"<h4>Bicolor Grueso Pelikan.<\/h4>\n<p>L\u00e1piz bicolor jumbo: rojo carm\u00edn y azul oscuro. Escribe en tu cuaderno los t\u00edtulos con rojo y los subt\u00edtulos con azul.<br \/>\nSu dise\u00f1o ergon\u00f3mico te aporta una mayor sujeci\u00f3n a la hora de utilizarlo.<br \/>\nResalta los t\u00edtulos de tus textos con ayuda de nuestro l\u00e1piz bicolor.<br \/>\nTu mejor aliado para calificar, resaltar y corregir.<br \/>\nSuavidad y confort al usarlo.<br \/>\nColores intensos.<br \/>\nMina m\u00e1s resistente.<br \/>\nNo t\u00f3xico.<\/p>\n<p><strong>Marca:<\/strong> Pelikan<br \/>\n<strong>Cve:<\/strong> 7501015223352<\/p>\n","protected":false},"excerpt":{"rendered":"<p>L\u00e1piz Bicolor.<\/p>\n","protected":false},"featured_media":20881,"comment_status":"open","ping_status":"closed","template":"","meta":{"_joinchat":[]},"product_brand":[7840],"product_cat":[6179,6031,5530],"product_tag":[7583],"class_list":{"0":"post-20880","1":"product","2":"type-product","3":"status-publish","4":"has-post-thumbnail","6":"product_brand-pelikan","7":"product_cat-bicolores","8":"product_cat-escritura-papeleria","9":"product_cat-escritura","10":"product_tag-bicolor","12":"first","13":"instock","14":"shipping-taxable","15":"purchasable","16":"product-type-simple"},"post_mailing_queue_ids":[],"_links":{"self":[{"href":"https:\/\/laesfera.com.mx\/page\/wp-json\/wp\/v2\/product\/20880","targetHints":{"allow":["GET"]}}],"collection":[{"href":"https:\/\/laesfera.com.mx\/page\/wp-json\/wp\/v2\/product"}],"about":[{"href":"https:\/\/laesfera.com.mx\/page\/wp-json\/wp\/v2\/types\/product"}],"replies":[{"embeddable":true,"href":"https:\/\/laesfera.com.mx\/page\/wp-json\/wp\/v2\/comments?post=20880"}],"wp:featuredmedia":[{"embeddable":true,"href":"https:\/\/laesfera.com.mx\/page\/wp-json\/wp\/v2\/media\/20881"}],"wp:attachment":[{"href":"https:\/\/laesfera.com.mx\/page\/wp-json\/wp\/v2\/media?parent=20880"}],"wp:term":[{"taxonomy":"product_brand","embeddable":true,"href":"https:\/\/laesfera.com.mx\/page\/wp-json\/wp\/v2\/product_brand?post=20880"},{"taxonomy":"product_cat","embeddable":true,"href":"https:\/\/laesfera.com.mx\/page\/wp-json\/wp\/v2\/product_cat?post=20880"},{"taxonomy":"product_tag","embeddable":true,"href":"https:\/\/laesfera.com.mx\/page\/wp-json\/wp\/v2\/product_tag?post=20880"}],"curies":[{"name":"wp","href":"https:\/\/api.w.org\/{rel}","templated":true}]}}