{"id":20851,"date":"2025-10-15T20:47:29","date_gmt":"2025-10-16T00:47:29","guid":{"rendered":"https:\/\/laesfera.com.mx\/page\/?post_type=product&#038;p=20851"},"modified":"2025-10-15T20:53:01","modified_gmt":"2025-10-16T00:53:01","slug":"lapiz-adhesivo-estrella-36gr","status":"publish","type":"product","link":"https:\/\/laesfera.com.mx\/page\/tienda\/lapiz-adhesivo-estrella-36gr\/","title":{"rendered":"L\u00e1piz Adhesivo Estrella 36gr."},"content":{"rendered":"<h4>L\u00e1piz Adhesivo Estrella 36gr.<\/h4>\n<p>El l\u00e1piz adhesivo Estrella es un pegamento en barra escolar y de oficina que pega de manera firme y uniforme papel, cart\u00f3n, tela y otros materiales ligeros\u00a0Se caracteriza por ser f\u00e1cil de aplicar, seguro (no t\u00f3xico), lavable y, en algunos casos, de secado r\u00e1pido, sin dejar manchas.<span class=\"pjBG2e\" data-cid=\"29e7fd9b-c8b2-4b7a-9d93-9c582121dd0b\"><span class=\"UV3uM\">\u00a0<\/span><\/span><\/p>\n<p><strong>Marca:<\/strong> Estrella<br \/>\n<b>Modelo: <\/b>PVP<br \/>\n<strong>Cantidad:<\/strong> 36gr.<br \/>\n<strong>Cve:<\/strong> 602760065581<\/p>\n","protected":false},"excerpt":{"rendered":"<p>Adhesivo C\/36 gr.<\/p>\n","protected":false},"featured_media":20854,"comment_status":"open","ping_status":"closed","template":"","meta":{"_joinchat":[]},"product_brand":[7744],"product_cat":[5979,5161],"product_tag":[7865],"class_list":{"0":"post-20851","1":"product","2":"type-product","3":"status-publish","4":"has-post-thumbnail","6":"product_brand-estrella","7":"product_cat-adhesivos","8":"product_cat-papeleria","9":"product_tag-lapiz-adhesivo","11":"first","12":"outofstock","13":"shipping-taxable","14":"purchasable","15":"product-type-simple"},"post_mailing_queue_ids":[],"_links":{"self":[{"href":"https:\/\/laesfera.com.mx\/page\/wp-json\/wp\/v2\/product\/20851","targetHints":{"allow":["GET"]}}],"collection":[{"href":"https:\/\/laesfera.com.mx\/page\/wp-json\/wp\/v2\/product"}],"about":[{"href":"https:\/\/laesfera.com.mx\/page\/wp-json\/wp\/v2\/types\/product"}],"replies":[{"embeddable":true,"href":"https:\/\/laesfera.com.mx\/page\/wp-json\/wp\/v2\/comments?post=20851"}],"wp:featuredmedia":[{"embeddable":true,"href":"https:\/\/laesfera.com.mx\/page\/wp-json\/wp\/v2\/media\/20854"}],"wp:attachment":[{"href":"https:\/\/laesfera.com.mx\/page\/wp-json\/wp\/v2\/media?parent=20851"}],"wp:term":[{"taxonomy":"product_brand","embeddable":true,"href":"https:\/\/laesfera.com.mx\/page\/wp-json\/wp\/v2\/product_brand?post=20851"},{"taxonomy":"product_cat","embeddable":true,"href":"https:\/\/laesfera.com.mx\/page\/wp-json\/wp\/v2\/product_cat?post=20851"},{"taxonomy":"product_tag","embeddable":true,"href":"https:\/\/laesfera.com.mx\/page\/wp-json\/wp\/v2\/product_tag?post=20851"}],"curies":[{"name":"wp","href":"https:\/\/api.w.org\/{rel}","templated":true}]}}