{"id":20843,"date":"2025-10-14T21:07:23","date_gmt":"2025-10-15T01:07:23","guid":{"rendered":"https:\/\/laesfera.com.mx\/page\/?post_type=product&#038;p=20843"},"modified":"2025-10-14T21:20:35","modified_gmt":"2025-10-15T01:20:35","slug":"mica-dlc-7-milesimas-90x115","status":"publish","type":"product","link":"https:\/\/laesfera.com.mx\/page\/tienda\/mica-dlc-7-milesimas-90x115\/","title":{"rendered":"Mica T\u00e9rmica Club Dlc 7 Mil\u00e9simas 90\u00d7135 (Por Pieza)"},"content":{"rendered":"<h4>Mica T\u00e9rmica Club Dlc 7 Mil\u00e9simas 90\u00d7135 (Por Pieza)<\/h4>\n<p><strong>Marca:<\/strong>\u00a0DLC<br \/>\n<strong>Modelo:<\/strong>\u00a0Club 0765<br \/>\n<strong>Grosor:<\/strong>\u00a07 Mil\u00e9simas<br \/>\n<strong>Cve:<\/strong> 785640002002<\/p>\n","protected":false},"excerpt":{"rendered":"<p>Mica Termica 90 x 135.<\/p>\n","protected":false},"featured_media":20839,"comment_status":"open","ping_status":"closed","template":"","meta":{"_joinchat":[]},"product_brand":[7910],"product_cat":[7811,5161],"product_tag":[7857,7702],"class_list":{"0":"post-20843","1":"product","2":"type-product","3":"status-publish","4":"has-post-thumbnail","6":"product_brand-dlc","7":"product_cat-micas-termicas","8":"product_cat-papeleria","9":"product_tag-mica","10":"product_tag-termica","12":"first","13":"instock","14":"shipping-taxable","15":"purchasable","16":"product-type-simple"},"post_mailing_queue_ids":[],"_links":{"self":[{"href":"https:\/\/laesfera.com.mx\/page\/wp-json\/wp\/v2\/product\/20843","targetHints":{"allow":["GET"]}}],"collection":[{"href":"https:\/\/laesfera.com.mx\/page\/wp-json\/wp\/v2\/product"}],"about":[{"href":"https:\/\/laesfera.com.mx\/page\/wp-json\/wp\/v2\/types\/product"}],"replies":[{"embeddable":true,"href":"https:\/\/laesfera.com.mx\/page\/wp-json\/wp\/v2\/comments?post=20843"}],"wp:featuredmedia":[{"embeddable":true,"href":"https:\/\/laesfera.com.mx\/page\/wp-json\/wp\/v2\/media\/20839"}],"wp:attachment":[{"href":"https:\/\/laesfera.com.mx\/page\/wp-json\/wp\/v2\/media?parent=20843"}],"wp:term":[{"taxonomy":"product_brand","embeddable":true,"href":"https:\/\/laesfera.com.mx\/page\/wp-json\/wp\/v2\/product_brand?post=20843"},{"taxonomy":"product_cat","embeddable":true,"href":"https:\/\/laesfera.com.mx\/page\/wp-json\/wp\/v2\/product_cat?post=20843"},{"taxonomy":"product_tag","embeddable":true,"href":"https:\/\/laesfera.com.mx\/page\/wp-json\/wp\/v2\/product_tag?post=20843"}],"curies":[{"name":"wp","href":"https:\/\/api.w.org\/{rel}","templated":true}]}}