{"id":20743,"date":"2025-07-10T13:53:21","date_gmt":"2025-07-10T17:53:21","guid":{"rendered":"https:\/\/laesfera.com.mx\/page\/?post_type=product&#038;p=20743"},"modified":"2025-07-17T15:28:08","modified_gmt":"2025-07-17T19:28:08","slug":"colores-prismacolor-premier-c-24","status":"publish","type":"product","link":"https:\/\/laesfera.com.mx\/page\/tienda\/colores-prismacolor-premier-c-24\/","title":{"rendered":"L\u00e1pices de Colores Redondos Prismacolor Premier c\/24 pzs."},"content":{"rendered":"<h4>L\u00e1pices de Colores Redondos Prismacolor Premier c\/24 pzs.<\/h4>\n<p>Sorpr\u00e9ndete con la sofisticada calidad de sus minas de colores podr\u00e1s darle intensidad a cada trazo para una suave aplicaci\u00f3n.<br \/>\nPerfecciona tus trabajos escolares o profesionales, sombrea contornos, realiza superposiciones o plasma transiciones, obtendr\u00e1s una alta pigmentaci\u00f3n que se impregna f\u00e1cilmente al papel.<br \/>\nTendr\u00e1s disponibles 24 l\u00e1pices de diferentes colores con n\u00facleos de alta duraci\u00f3n, para que mezcles tonos sin dificultad.<br \/>\nGracias a su escuche met\u00e1lico podr\u00e1s guardarlos c\u00f3modamente y llevarlos contigo a donde vayas para capturar con tus manos cualquier instante.<\/p>\n<p>&nbsp;<\/p>\n<p><strong>Marca:\u00a0<\/strong>Prismacolor<br \/>\n<strong>Modelo: <\/strong>Premier<br \/>\n<strong>Color:\u00a0<\/strong>Varios<br \/>\n<strong>Cve:\u00a0<\/strong>070735035974<\/p>\n","protected":false},"excerpt":{"rendered":"<p>L\u00e1pices de Colores Premier c\/24<\/p>\n","protected":false},"featured_media":20744,"comment_status":"open","ping_status":"closed","template":"","meta":{"_joinchat":[]},"product_brand":[7849],"product_cat":[5333,5460],"product_tag":[6205,7903],"class_list":{"0":"post-20743","1":"product","2":"type-product","3":"status-publish","4":"has-post-thumbnail","6":"product_brand-prismacolor","7":"product_cat-arte-y-manualidades","8":"product_cat-pinturas","9":"product_tag-lapices-de-colores","10":"product_tag-premier","12":"first","13":"instock","14":"shipping-taxable","15":"purchasable","16":"product-type-simple"},"post_mailing_queue_ids":[],"_links":{"self":[{"href":"https:\/\/laesfera.com.mx\/page\/wp-json\/wp\/v2\/product\/20743","targetHints":{"allow":["GET"]}}],"collection":[{"href":"https:\/\/laesfera.com.mx\/page\/wp-json\/wp\/v2\/product"}],"about":[{"href":"https:\/\/laesfera.com.mx\/page\/wp-json\/wp\/v2\/types\/product"}],"replies":[{"embeddable":true,"href":"https:\/\/laesfera.com.mx\/page\/wp-json\/wp\/v2\/comments?post=20743"}],"wp:featuredmedia":[{"embeddable":true,"href":"https:\/\/laesfera.com.mx\/page\/wp-json\/wp\/v2\/media\/20744"}],"wp:attachment":[{"href":"https:\/\/laesfera.com.mx\/page\/wp-json\/wp\/v2\/media?parent=20743"}],"wp:term":[{"taxonomy":"product_brand","embeddable":true,"href":"https:\/\/laesfera.com.mx\/page\/wp-json\/wp\/v2\/product_brand?post=20743"},{"taxonomy":"product_cat","embeddable":true,"href":"https:\/\/laesfera.com.mx\/page\/wp-json\/wp\/v2\/product_cat?post=20743"},{"taxonomy":"product_tag","embeddable":true,"href":"https:\/\/laesfera.com.mx\/page\/wp-json\/wp\/v2\/product_tag?post=20743"}],"curies":[{"name":"wp","href":"https:\/\/api.w.org\/{rel}","templated":true}]}}