{"id":20671,"date":"2025-06-24T14:46:12","date_gmt":"2025-06-24T18:46:12","guid":{"rendered":"https:\/\/laesfera.com.mx\/page\/?post_type=product&#038;p=20671"},"modified":"2025-07-07T14:45:07","modified_gmt":"2025-07-07T18:45:07","slug":"marcador-permanente-esterbrook-sharpie-azul","status":"publish","type":"product","link":"https:\/\/laesfera.com.mx\/page\/tienda\/marcador-permanente-esterbrook-sharpie-azul\/","title":{"rendered":"Marcador permanente Esterbrook Sharpie azul"},"content":{"rendered":"<h4>Marcador permanente Esterbrook Sharpie azul<\/h4>\n<div>Personaliza o decora tus art\u00edculos favoritos de forma indeleble y segura en cada trazo.<\/div>\n<div id=\"infoParrafo2\" class=\"cont-infoParrafo2-text\">\n<ul>\n<li>Duraci\u00f3n infalible en cada l\u00ednea, punto o s\u00edmbolo.<\/li>\n<li>Tinta de secado r\u00e1pido, resistente al agua y que no decolora.<\/li>\n<li>Punta tipo cincel que te permite generar l\u00edneas delgadas, medianas o gruesas conforme lo requieras.<\/li>\n<li>Cuerpo de aluminio que permite un agarre firme y preciso con mayor durabilidad a pesar del uso diario.<\/li>\n<li>Util\u00edzalo en distintos tipos de materiales, como papel, pl\u00e1stico, madera y metal.<\/li>\n<li>No t\u00f3xico y libre de Xilol.<\/li>\n<\/ul>\n<p><strong>Marca:<\/strong>\u00a0Sharpie<br \/>\n<strong>Modelo:<\/strong> Azul<br \/>\n<strong>Cve:<\/strong> 071641041769<\/p>\n<\/div>\n<p>&nbsp;<\/p>\n<p>&nbsp;<\/p>\n","protected":false},"excerpt":{"rendered":"<p>Permanente azul<\/p>\n","protected":false},"featured_media":20672,"comment_status":"open","ping_status":"closed","template":"","meta":{"_joinchat":[]},"product_brand":[7818],"product_cat":[3177,5161],"product_tag":[7447],"class_list":{"0":"post-20671","1":"product","2":"type-product","3":"status-publish","4":"has-post-thumbnail","6":"product_brand-sharpie","7":"product_cat-cojines-sellos-y-tintas","8":"product_cat-papeleria","9":"product_tag-plumones","11":"first","12":"instock","13":"shipping-taxable","14":"purchasable","15":"product-type-simple"},"post_mailing_queue_ids":[],"_links":{"self":[{"href":"https:\/\/laesfera.com.mx\/page\/wp-json\/wp\/v2\/product\/20671","targetHints":{"allow":["GET"]}}],"collection":[{"href":"https:\/\/laesfera.com.mx\/page\/wp-json\/wp\/v2\/product"}],"about":[{"href":"https:\/\/laesfera.com.mx\/page\/wp-json\/wp\/v2\/types\/product"}],"replies":[{"embeddable":true,"href":"https:\/\/laesfera.com.mx\/page\/wp-json\/wp\/v2\/comments?post=20671"}],"wp:featuredmedia":[{"embeddable":true,"href":"https:\/\/laesfera.com.mx\/page\/wp-json\/wp\/v2\/media\/20672"}],"wp:attachment":[{"href":"https:\/\/laesfera.com.mx\/page\/wp-json\/wp\/v2\/media?parent=20671"}],"wp:term":[{"taxonomy":"product_brand","embeddable":true,"href":"https:\/\/laesfera.com.mx\/page\/wp-json\/wp\/v2\/product_brand?post=20671"},{"taxonomy":"product_cat","embeddable":true,"href":"https:\/\/laesfera.com.mx\/page\/wp-json\/wp\/v2\/product_cat?post=20671"},{"taxonomy":"product_tag","embeddable":true,"href":"https:\/\/laesfera.com.mx\/page\/wp-json\/wp\/v2\/product_tag?post=20671"}],"curies":[{"name":"wp","href":"https:\/\/api.w.org\/{rel}","templated":true}]}}