{"id":20662,"date":"2025-06-24T14:19:33","date_gmt":"2025-06-24T18:19:33","guid":{"rendered":"https:\/\/laesfera.com.mx\/page\/?post_type=product&#038;p=20662"},"modified":"2025-07-07T14:45:43","modified_gmt":"2025-07-07T18:45:43","slug":"marcador-permanente-esterbrook-sharpie-rojo","status":"publish","type":"product","link":"https:\/\/laesfera.com.mx\/page\/tienda\/marcador-permanente-esterbrook-sharpie-rojo\/","title":{"rendered":"Marcador permanente Esterbrook Sharpie rojo"},"content":{"rendered":"<h4>Marcador permanente Esterbrook Sharpie rojo<\/h4>\n<p>&nbsp;<\/p>\n<div>Personaliza o decora tus art\u00edculos favoritos de forma indeleble y segura en cada trazo.<\/div>\n<div id=\"infoParrafo2\" class=\"cont-infoParrafo2-text\">\n<ul>\n<li>Duraci\u00f3n infalible en cada l\u00ednea, punto o s\u00edmbolo.<\/li>\n<li>Tinta de secado r\u00e1pido, resistente al agua y que no decolora.<\/li>\n<li>Punta tipo cincel que te permite generar l\u00edneas delgadas, medianas o gruesas conforme lo requieras.<\/li>\n<li>Cuerpo de aluminio que permite un agarre firme y preciso con mayor durabilidad a pesar del uso diario.<\/li>\n<li>Util\u00edzalo en distintos tipos de materiales, como papel, pl\u00e1stico, madera y metal.<\/li>\n<li>No t\u00f3xico y libre de Xilol.<\/li>\n<\/ul>\n<p><strong>Marca:<\/strong> Sharpie<br \/>\n<strong>Modelo:<\/strong> Rojo<br \/>\n<strong>Cve:<\/strong> 071641041783<\/p>\n<\/div>\n","protected":false},"excerpt":{"rendered":"<p>Permanente color rojo<\/p>\n","protected":false},"featured_media":20669,"comment_status":"open","ping_status":"closed","template":"","meta":{"_joinchat":[]},"product_brand":[7818],"product_cat":[5530,5558,5161,5534],"product_tag":[7377],"class_list":{"0":"post-20662","1":"product","2":"type-product","3":"status-publish","4":"has-post-thumbnail","6":"product_brand-sharpie","7":"product_cat-escritura","8":"product_cat-papeleria-accesorios-de-escritorio","9":"product_cat-papeleria","10":"product_cat-plumones-y-marcadores","11":"product_tag-marcador-permanente","13":"first","14":"instock","15":"shipping-taxable","16":"purchasable","17":"product-type-simple"},"post_mailing_queue_ids":[],"_links":{"self":[{"href":"https:\/\/laesfera.com.mx\/page\/wp-json\/wp\/v2\/product\/20662","targetHints":{"allow":["GET"]}}],"collection":[{"href":"https:\/\/laesfera.com.mx\/page\/wp-json\/wp\/v2\/product"}],"about":[{"href":"https:\/\/laesfera.com.mx\/page\/wp-json\/wp\/v2\/types\/product"}],"replies":[{"embeddable":true,"href":"https:\/\/laesfera.com.mx\/page\/wp-json\/wp\/v2\/comments?post=20662"}],"wp:featuredmedia":[{"embeddable":true,"href":"https:\/\/laesfera.com.mx\/page\/wp-json\/wp\/v2\/media\/20669"}],"wp:attachment":[{"href":"https:\/\/laesfera.com.mx\/page\/wp-json\/wp\/v2\/media?parent=20662"}],"wp:term":[{"taxonomy":"product_brand","embeddable":true,"href":"https:\/\/laesfera.com.mx\/page\/wp-json\/wp\/v2\/product_brand?post=20662"},{"taxonomy":"product_cat","embeddable":true,"href":"https:\/\/laesfera.com.mx\/page\/wp-json\/wp\/v2\/product_cat?post=20662"},{"taxonomy":"product_tag","embeddable":true,"href":"https:\/\/laesfera.com.mx\/page\/wp-json\/wp\/v2\/product_tag?post=20662"}],"curies":[{"name":"wp","href":"https:\/\/api.w.org\/{rel}","templated":true}]}}