{"id":20652,"date":"2025-06-23T16:01:42","date_gmt":"2025-06-23T20:01:42","guid":{"rendered":"https:\/\/laesfera.com.mx\/page\/?post_type=product&#038;p=20652"},"modified":"2025-07-07T14:46:42","modified_gmt":"2025-07-07T18:46:42","slug":"jgo-de-geometria-eco-maped-899211","status":"publish","type":"product","link":"https:\/\/laesfera.com.mx\/page\/tienda\/jgo-de-geometria-eco-maped-899211\/","title":{"rendered":"Juego de geometr\u00eda econ\u00f3mico Maped 899211"},"content":{"rendered":"<h4>Juego de geometr\u00eda econ\u00f3mico Maped 899211<\/h4>\n<ul class=\"a-unordered-list a-vertical a-spacing-mini\">\n<li class=\"a-spacing-mini\"><span class=\"a-list-item\">Juego de geometria b\u00e1sico escolar<\/span><\/li>\n<li class=\"a-spacing-mini\"><span class=\"a-list-item\">Regla 30cm bigraduada CM + pulgadas<\/span><\/li>\n<li class=\"a-spacing-mini\"><span class=\"a-list-item\">Escuadras 21cm<\/span><\/li>\n<li class=\"a-spacing-mini\"><span class=\"a-list-item\">Incluye comp\u00e1s Trendy con adaptador<\/span><\/li>\n<li class=\"a-spacing-mini\"><span class=\"a-list-item\"><span class=\"a-list-item\">Contiene 5 piezas<\/span><\/span>&nbsp;\n<p><strong>Marca:<\/strong> Maped<br \/>\n<strong>Modelo:<\/strong> 899211<br \/>\n<strong>Cve:<\/strong> 3154148992110<\/li>\n<\/ul>\n","protected":false},"excerpt":{"rendered":"<p>5pz<\/p>\n","protected":false},"featured_media":20654,"comment_status":"open","ping_status":"closed","template":"","meta":{"_joinchat":[]},"product_brand":[7780],"product_cat":[5162,7733,6098],"product_tag":[5202],"class_list":{"0":"post-20652","1":"product","2":"type-product","3":"status-publish","4":"has-post-thumbnail","6":"product_brand-maped","7":"product_cat-juegos-de-geometria","8":"product_cat-lonuevo","9":"product_cat-reglas","10":"product_tag-juego-de-geometria","12":"first","13":"outofstock","14":"shipping-taxable","15":"purchasable","16":"product-type-simple"},"post_mailing_queue_ids":[],"_links":{"self":[{"href":"https:\/\/laesfera.com.mx\/page\/wp-json\/wp\/v2\/product\/20652","targetHints":{"allow":["GET"]}}],"collection":[{"href":"https:\/\/laesfera.com.mx\/page\/wp-json\/wp\/v2\/product"}],"about":[{"href":"https:\/\/laesfera.com.mx\/page\/wp-json\/wp\/v2\/types\/product"}],"replies":[{"embeddable":true,"href":"https:\/\/laesfera.com.mx\/page\/wp-json\/wp\/v2\/comments?post=20652"}],"wp:featuredmedia":[{"embeddable":true,"href":"https:\/\/laesfera.com.mx\/page\/wp-json\/wp\/v2\/media\/20654"}],"wp:attachment":[{"href":"https:\/\/laesfera.com.mx\/page\/wp-json\/wp\/v2\/media?parent=20652"}],"wp:term":[{"taxonomy":"product_brand","embeddable":true,"href":"https:\/\/laesfera.com.mx\/page\/wp-json\/wp\/v2\/product_brand?post=20652"},{"taxonomy":"product_cat","embeddable":true,"href":"https:\/\/laesfera.com.mx\/page\/wp-json\/wp\/v2\/product_cat?post=20652"},{"taxonomy":"product_tag","embeddable":true,"href":"https:\/\/laesfera.com.mx\/page\/wp-json\/wp\/v2\/product_tag?post=20652"}],"curies":[{"name":"wp","href":"https:\/\/api.w.org\/{rel}","templated":true}]}}