{"id":20469,"date":"2025-06-12T14:32:33","date_gmt":"2025-06-12T18:32:33","guid":{"rendered":"https:\/\/laesfera.com.mx\/page\/?post_type=product&#038;p=20469"},"modified":"2025-06-14T15:57:48","modified_gmt":"2025-06-14T19:57:48","slug":"colores-maped-c-12","status":"publish","type":"product","link":"https:\/\/laesfera.com.mx\/page\/tienda\/colores-maped-c-12\/","title":{"rendered":"L\u00e1pices De Colores Maped Color&#8217;Peps Largos c\/12"},"content":{"rendered":"<h4>L\u00e1pices De Colores Maped Color&#8217;Peps Largos c\/12<\/h4>\n<p>Dise\u00f1ados especialmente para ofrecer una experiencia de dibujo excepcional.<br \/>\nDise\u00f1o triangular que mejora la sujeci\u00f3n y facilita su uso.<br \/>\nFacilidad para sacar punta, es una de las caracter\u00edsticas destacadas de estos l\u00e1pices<br \/>\nSus minas resistentes garantizan l\u00edneas n\u00edtidas y colores vibrantes que aportar\u00e1n vida a tus obras.<br \/>\nCada caja incluye un sacapuntas gratis<\/p>\n<p>&nbsp;<\/p>\n<p><strong>Modelo:<\/strong> 832023ZV<br \/>\n<strong>Cantidad:<\/strong> 12 piezas + L\u00e1piz y sacapuntas<br \/>\n<strong>Tipo:<\/strong> Policrom\u00e1tico<br \/>\n<strong>Cve: <\/strong>3154148320234<\/p>\n","protected":false},"excerpt":{"rendered":"<p>L\u00e1pices de colores + L\u00e1piz y sacapuntas.<\/p>\n","protected":false},"featured_media":20470,"comment_status":"open","ping_status":"closed","template":"","meta":{"_joinchat":[]},"product_brand":[7780],"product_cat":[6850,6847,6031,5161],"product_tag":[6205],"class_list":{"0":"post-20469","1":"product","2":"type-product","3":"status-publish","4":"has-post-thumbnail","6":"product_brand-maped","7":"product_cat-articulosescolares","8":"product_cat-colores","9":"product_cat-escritura-papeleria","10":"product_cat-papeleria","11":"product_tag-lapices-de-colores","13":"first","14":"instock","15":"shipping-taxable","16":"purchasable","17":"product-type-simple"},"post_mailing_queue_ids":[],"_links":{"self":[{"href":"https:\/\/laesfera.com.mx\/page\/wp-json\/wp\/v2\/product\/20469","targetHints":{"allow":["GET"]}}],"collection":[{"href":"https:\/\/laesfera.com.mx\/page\/wp-json\/wp\/v2\/product"}],"about":[{"href":"https:\/\/laesfera.com.mx\/page\/wp-json\/wp\/v2\/types\/product"}],"replies":[{"embeddable":true,"href":"https:\/\/laesfera.com.mx\/page\/wp-json\/wp\/v2\/comments?post=20469"}],"wp:featuredmedia":[{"embeddable":true,"href":"https:\/\/laesfera.com.mx\/page\/wp-json\/wp\/v2\/media\/20470"}],"wp:attachment":[{"href":"https:\/\/laesfera.com.mx\/page\/wp-json\/wp\/v2\/media?parent=20469"}],"wp:term":[{"taxonomy":"product_brand","embeddable":true,"href":"https:\/\/laesfera.com.mx\/page\/wp-json\/wp\/v2\/product_brand?post=20469"},{"taxonomy":"product_cat","embeddable":true,"href":"https:\/\/laesfera.com.mx\/page\/wp-json\/wp\/v2\/product_cat?post=20469"},{"taxonomy":"product_tag","embeddable":true,"href":"https:\/\/laesfera.com.mx\/page\/wp-json\/wp\/v2\/product_tag?post=20469"}],"curies":[{"name":"wp","href":"https:\/\/api.w.org\/{rel}","templated":true}]}}